{"id":961,"date":"2017-04-06T10:51:16","date_gmt":"2017-04-06T08:51:16","guid":{"rendered":"http:\/\/pbjss.edu.lv\/?page_id=961"},"modified":"2019-02-10T14:08:39","modified_gmt":"2019-02-10T12:08:39","slug":"basketbola-vesture","status":"publish","type":"page","link":"https:\/\/pbjss.edu.lv\/en\/basketbola-vesture\/","title":{"rendered":"Basketbola v\u0113sture"},"content":{"rendered":"<p>Prei\u013cu BJSS basketbola noda\u013ca tika nodibin\u0101ta 1980.gad\u0101 L\u012bv\u0101nos un pirmais treneris Nikolajs Romanenko s\u0101ka tren\u0113t meite\u0146u komandu,kura sast\u0101v\u0101 bija Ieva \u0160kagale-Babre, Maija Skr\u016bzmane, Ing\u016bna \u0160kapare ,Irina Mihailova-Roma\u0146enko, Irina Mihai\u013cuk, L\u012bga Sauka-Zal\u0101ne.<\/p>\n<p><img loading=\"lazy\" decoding=\"async\" class=\"alignnone wp-image-962 size-full\" src=\"http:\/\/pbjss.edu.lv\/wp-content\/uploads\/basketbola-vesture\/Basketbols_vesture_1.jpg\" alt=\"\" width=\"554\" height=\"397\" srcset=\"https:\/\/pbjss.edu.lv\/wp-content\/uploads\/basketbola-vesture\/Basketbols_vesture_1.jpg 554w, https:\/\/pbjss.edu.lv\/wp-content\/uploads\/basketbola-vesture\/Basketbols_vesture_1-300x215.jpg 300w\" sizes=\"auto, (max-width: 554px) 100vw, 554px\" \/><\/p>\n<p>Sportistu sasniegumi<\/p>\n<p>Latvijas Jaunatnes izlasi p\u0101rst\u0101v\u0113ja Irina Mihai\u013cuk, Maija Skr\u016bzmane, Agne\u0161ka Beginskaite.<\/p>\n<p><img loading=\"lazy\" decoding=\"async\" class=\"alignnone wp-image-963 size-full\" src=\"http:\/\/pbjss.edu.lv\/wp-content\/uploads\/basketbola-vesture\/Basketbols_vesture_2.jpg\" alt=\"\" width=\"554\" height=\"352\" srcset=\"https:\/\/pbjss.edu.lv\/wp-content\/uploads\/basketbola-vesture\/Basketbols_vesture_2.jpg 554w, https:\/\/pbjss.edu.lv\/wp-content\/uploads\/basketbola-vesture\/Basketbols_vesture_2-300x191.jpg 300w\" sizes=\"auto, (max-width: 554px) 100vw, 554px\" \/><\/p>\n<p>TTT komand\u0101\u00a0 sp\u0113l\u0113ja sportiste no Prei\u013ciem Ludmila Jermolajeva<\/p>\n<p><strong><img loading=\"lazy\" decoding=\"async\" class=\"wp-image-964 size-full alignleft\" src=\"http:\/\/pbjss.edu.lv\/wp-content\/uploads\/basketbola-vesture\/Basketbols_vesture_3.jpg\" alt=\"\" width=\"193\" height=\"237\" \/>Thomsen (Jermolajeva) Ludmila<br \/>\nBasketboliste, Starptautisk\u0101s klases sporta meistare<\/strong><\/p>\n<p>Dzimusi 1964.g. 1. august\u0101 Prei\u013cos. M\u0101c\u012bjusies Prei\u013cu 1.vidusskol\u0101 (1971-1979), R\u012bgas 4. vidusskol\u0101 (1979-1982), LU Tautsaimniec\u012bbas pl\u0101no\u0161anas fakult\u0101t\u0113 (1982-1983), Latvijas valsts fizisk\u0101s kult\u016bras instit\u016bt\u0101 \u2013 fizisk\u0101s audzin\u0101\u0161anas un sporta pasniedz\u0113ja (1983-1990), CVU- Vest, Esbjerg DK \u2013 Bakalaurs egroterapija (2001-2006).<br \/>\nTTT junioru komandas dal\u012bbniece (1980.- 1983), PSRS junioru \u010dempione (1983),<br \/>\nTTT basketbola meistarkomandas sp\u0113l\u0113t\u0101ja (1983.- 1988), PSRS \u010dempione (1984),<br \/>\nEiropas \u010dempionvien\u012bbu kausa 2. vietas ieguv\u0113ja (1985), PSRS \u010dempion\u0101ta bronzas meda\u013cas ieguv\u0113ja (1985),<br \/>\nPSRS sporta meistare basketbol\u0101 (1986), PSRS vice\u010dempione (1986)<\/p>\n<p>&nbsp;<\/p>\n<p>Prei\u013cu BJSS treneri sagatavoju\u0161i daudzus augstas klases sportistus, k\u0101\u00a0 Raimonds Vaikulis.<\/p>\n<p><img loading=\"lazy\" decoding=\"async\" class=\"size-medium wp-image-965 alignnone\" src=\"http:\/\/pbjss.edu.lv\/wp-content\/uploads\/basketbola-vesture\/Basketbols_vesture_4-190x300.jpg\" alt=\"\" width=\"190\" height=\"300\" \/><\/p>\n<p>R.Vaikulis 1998. gad\u0101 kop\u0101 ar Latvijas izlasi izc\u012bn\u012bja 4. vietu Eiropas U-18 \u010dempion\u0101t\u0101, k\u013c\u016bstot par komandas rezultat\u012bv\u0101ko sp\u0113l\u0113t\u0101ju, k\u0101 ar\u012b ierindojoties 8. viet\u0101 starp visa turn\u012bra rezultat\u012bv\u0101kajiem basketbolistiem ar vid\u0113ji sp\u0113l\u0113 g\u016btiem 17,3 punktiem.\u00a01999. gad\u0101 vi\u0146\u0161 Latvijas izlases sast\u0101v\u0101 piedal\u012bj\u0101s Pasaules U-19 izla\u0161u \u010dempion\u0101t\u0101, kur izlase ierindoj\u0101s 9. viet\u0101. V\u0113l\u0101k R.Vaikulis sp\u0113l\u0113ja ar\u012b Latvijas U-20 izlas\u0113, ta\u010du kop\u0101 ar \u0161\u012b vecuma izlasi vi\u0146\u0161 nekvalific\u0113j\u0101s Eiropas U-20 \u010dempion\u0101ta fin\u0101lturn\u012bram.<\/p>\n<p>Latvijas izlases basketbola treneris Guntis Endzels<\/p>\n<p><img loading=\"lazy\" decoding=\"async\" class=\"alignnone wp-image-971 size-full\" src=\"http:\/\/pbjss.edu.lv\/wp-content\/uploads\/basketbola-vesture\/Basketbols_vesture_5.jpg\" alt=\"\" width=\"500\" height=\"384\" srcset=\"https:\/\/pbjss.edu.lv\/wp-content\/uploads\/basketbola-vesture\/Basketbols_vesture_5.jpg 500w, https:\/\/pbjss.edu.lv\/wp-content\/uploads\/basketbola-vesture\/Basketbols_vesture_5-300x230.jpg 300w, https:\/\/pbjss.edu.lv\/wp-content\/uploads\/basketbola-vesture\/Basketbols_vesture_5-80x60.jpg 80w\" sizes=\"auto, (max-width: 500px) 100vw, 500px\" \/><\/p>\n<p><img loading=\"lazy\" decoding=\"async\" class=\"alignnone wp-image-972 size-full\" src=\"http:\/\/pbjss.edu.lv\/wp-content\/uploads\/basketbola-vesture\/Basketbols_vesture_6.jpg\" alt=\"\" width=\"468\" height=\"301\" srcset=\"https:\/\/pbjss.edu.lv\/wp-content\/uploads\/basketbola-vesture\/Basketbols_vesture_6.jpg 468w, https:\/\/pbjss.edu.lv\/wp-content\/uploads\/basketbola-vesture\/Basketbols_vesture_6-300x193.jpg 300w\" sizes=\"auto, (max-width: 468px) 100vw, 468px\" \/><\/p>\n<p>P\u0113teris Ozoli\u0146\u0161<\/p>\n<p><img loading=\"lazy\" decoding=\"async\" class=\"alignnone wp-image-973 size-full\" src=\"http:\/\/pbjss.edu.lv\/wp-content\/uploads\/basketbola-vesture\/Basketbols_vesture_7.jpg\" alt=\"\" width=\"463\" height=\"269\" srcset=\"https:\/\/pbjss.edu.lv\/wp-content\/uploads\/basketbola-vesture\/Basketbols_vesture_7.jpg 463w, https:\/\/pbjss.edu.lv\/wp-content\/uploads\/basketbola-vesture\/Basketbols_vesture_7-300x174.jpg 300w\" sizes=\"auto, (max-width: 463px) 100vw, 463px\" \/><\/p>\n<p>FIBA kategorijas basketbola tiesnesis Ingus Baumanis<\/p>\n<p><img loading=\"lazy\" decoding=\"async\" class=\"alignnone wp-image-974 size-full\" src=\"http:\/\/pbjss.edu.lv\/wp-content\/uploads\/basketbola-vesture\/Basketbols_vesture_8.jpg\" alt=\"\" width=\"554\" height=\"369\" srcset=\"https:\/\/pbjss.edu.lv\/wp-content\/uploads\/basketbola-vesture\/Basketbols_vesture_8.jpg 554w, https:\/\/pbjss.edu.lv\/wp-content\/uploads\/basketbola-vesture\/Basketbols_vesture_8-300x200.jpg 300w\" sizes=\"auto, (max-width: 554px) 100vw, 554px\" \/><\/p>\n<p>M\u016bsu\u00a0 basketbola\u00a0 noda\u013cas absolventiem\u00a0 Irinai Mihailovai-Roma\u0146enko, Maijai Skr\u016bzmanei, Guntim Endzelim, P\u0113terim Ozoli\u0146am, Raimondam Vaikulim, Arnim Straut\u0101nam, Edgaram Cimaram sports ir sirds lieta un vi\u0146i joproj\u0101m str\u0101d\u0101 sporta jom\u0101.<\/p>\n<p>Ilm\u0101ra Madel\u0101na biju\u0161ie audz\u0113k\u0146i:\u00a0J.Zukulis, N.Lazda, A.Indrikovs, I.Kot\u013carovs, G.Plivda, J.Egl\u012btis, Z.Plivda<\/p>\n<p>Zintis Plivda (Latvijas Universit\u0101te, LBL 1.div\u012bzija)<\/p>\n<p><img loading=\"lazy\" decoding=\"async\" class=\"alignnone wp-image-975 size-full\" src=\"http:\/\/pbjss.edu.lv\/wp-content\/uploads\/basketbola-vesture\/Basketbols_vesture_9.jpg\" alt=\"\" width=\"275\" height=\"183\" \/><\/p>\n<p>Aigars Indrikovs (L\u012bv\u0101ni, LBL 2.div\u012bzija)<\/p>\n<p><img loading=\"lazy\" decoding=\"async\" class=\"alignnone size-full wp-image-976\" src=\"http:\/\/pbjss.edu.lv\/wp-content\/uploads\/basketbola-vesture\/Basketbols_vesture_10.jpg\" alt=\"\" width=\"150\" height=\"169\" \/><\/p>\n<p>Nauris Maskal\u0101ns (L\u012bv\u0101ni, LBL 2.div\u012bzija)<\/p>\n<p><img loading=\"lazy\" decoding=\"async\" class=\"alignnone wp-image-977 size-full\" src=\"http:\/\/pbjss.edu.lv\/wp-content\/uploads\/basketbola-vesture\/Basketbols_vesture_11.jpg\" alt=\"\" width=\"155\" height=\"255\" \/><\/p>\n<p>Didzis B\u0113rzi\u0146\u0161 (L\u012bv\u0101ni, LBL 2.div\u012bzija)<\/p>\n<p><img loading=\"lazy\" decoding=\"async\" class=\"alignnone size-full wp-image-978\" src=\"http:\/\/pbjss.edu.lv\/wp-content\/uploads\/basketbola-vesture\/Basketbols_vesture_12.jpg\" alt=\"\" width=\"220\" height=\"229\" \/><\/p>\n<p>J.Lud\u0101ns, A.Indrikovs, Z.Plivda, N.Maskal\u0101ns<\/p>\n<p><img loading=\"lazy\" decoding=\"async\" class=\"alignnone size-medium wp-image-980\" src=\"http:\/\/pbjss.edu.lv\/wp-content\/uploads\/basketbola-vesture\/Basketbols_vesture_13-300x225.jpg\" alt=\"\" width=\"300\" height=\"225\" srcset=\"https:\/\/pbjss.edu.lv\/wp-content\/uploads\/basketbola-vesture\/Basketbols_vesture_13-300x225.jpg 300w, https:\/\/pbjss.edu.lv\/wp-content\/uploads\/basketbola-vesture\/Basketbols_vesture_13-80x60.jpg 80w, https:\/\/pbjss.edu.lv\/wp-content\/uploads\/basketbola-vesture\/Basketbols_vesture_13.jpg 320w\" sizes=\"auto, (max-width: 300px) 100vw, 300px\" \/><\/p>\n<p>Prei\u013cu novada BJSS trenere I.Babre ar saviem audz\u0113k\u0146iem<\/p>\n<p><img loading=\"lazy\" decoding=\"async\" class=\"alignnone wp-image-981 size-full\" src=\"http:\/\/pbjss.edu.lv\/wp-content\/uploads\/basketbola-vesture\/Basketbols_vesture_14.jpg\" alt=\"\" width=\"525\" height=\"380\" srcset=\"https:\/\/pbjss.edu.lv\/wp-content\/uploads\/basketbola-vesture\/Basketbols_vesture_14.jpg 525w, https:\/\/pbjss.edu.lv\/wp-content\/uploads\/basketbola-vesture\/Basketbols_vesture_14-300x217.jpg 300w\" sizes=\"auto, (max-width: 525px) 100vw, 525px\" \/><\/p>\n<p>Pa\u0161laik BJSS basketbola noda\u013cu vada J\u0101nis Ondzuls un vi\u0146a lab\u0101kie: E.Poplavska, Z.Ceri\u0146a, A.Baranova,D.Bern\u0101ne, L.Mazure<\/p>\n<p><img loading=\"lazy\" decoding=\"async\" class=\"alignnone wp-image-982 size-full\" src=\"http:\/\/pbjss.edu.lv\/wp-content\/uploads\/basketbola-vesture\/Basketbols_vesture_15.jpg\" alt=\"\" width=\"458\" height=\"573\" srcset=\"https:\/\/pbjss.edu.lv\/wp-content\/uploads\/basketbola-vesture\/Basketbols_vesture_15.jpg 458w, https:\/\/pbjss.edu.lv\/wp-content\/uploads\/basketbola-vesture\/Basketbols_vesture_15-240x300.jpg 240w\" sizes=\"auto, (max-width: 458px) 100vw, 458px\" \/><\/p>\n<p><img loading=\"lazy\" decoding=\"async\" class=\"alignnone wp-image-983 size-full\" src=\"http:\/\/pbjss.edu.lv\/wp-content\/uploads\/basketbola-vesture\/Basketbols_vesture_16.jpg\" alt=\"\" width=\"554\" height=\"370\" srcset=\"https:\/\/pbjss.edu.lv\/wp-content\/uploads\/basketbola-vesture\/Basketbols_vesture_16.jpg 554w, https:\/\/pbjss.edu.lv\/wp-content\/uploads\/basketbola-vesture\/Basketbols_vesture_16-300x200.jpg 300w\" sizes=\"auto, (max-width: 554px) 100vw, 554px\" \/><\/p>\n<p><img loading=\"lazy\" decoding=\"async\" class=\"alignnone wp-image-984 size-full\" src=\"http:\/\/pbjss.edu.lv\/wp-content\/uploads\/basketbola-vesture\/Basketbols_vesture_17.jpg\" alt=\"\" width=\"554\" height=\"367\" srcset=\"https:\/\/pbjss.edu.lv\/wp-content\/uploads\/basketbola-vesture\/Basketbols_vesture_17.jpg 554w, https:\/\/pbjss.edu.lv\/wp-content\/uploads\/basketbola-vesture\/Basketbols_vesture_17-300x199.jpg 300w\" sizes=\"auto, (max-width: 554px) 100vw, 554px\" \/><\/p>\n<p>Jaunie Prei\u013cu novada BJSS basketbolisti kop\u0101 ar treneri\u00a0 Ilm\u0101ru Madel\u0101nu<\/p>\n<p><img loading=\"lazy\" decoding=\"async\" class=\"alignnone wp-image-985 size-full\" src=\"http:\/\/pbjss.edu.lv\/wp-content\/uploads\/basketbola-vesture\/Basketbols_vesture_18.jpg\" alt=\"\" width=\"554\" height=\"369\" srcset=\"https:\/\/pbjss.edu.lv\/wp-content\/uploads\/basketbola-vesture\/Basketbols_vesture_18.jpg 554w, https:\/\/pbjss.edu.lv\/wp-content\/uploads\/basketbola-vesture\/Basketbols_vesture_18-300x200.jpg 300w\" sizes=\"auto, (max-width: 554px) 100vw, 554px\" \/><\/p>\n<p>&nbsp;<\/p>","protected":false},"excerpt":{"rendered":"<p>Prei\u013cu BJSS basketbola noda\u013ca tika nodibin\u0101ta 1980.gad\u0101 L\u012bv\u0101nos un pirmais treneris Nikolajs Romanenko s\u0101ka tren\u0113t meite\u0146u komandu,kura sast\u0101v\u0101 bija Ieva \u0160kagale-Babre, Maija Skr\u016bzmane, Ing\u016bna \u0160kapare ,Irina Mihailova-Roma\u0146enko, Irina Mihai\u013cuk, L\u012bga [&hellip;]<\/p>\n","protected":false},"author":2,"featured_media":0,"parent":0,"menu_order":0,"comment_status":"closed","ping_status":"closed","template":"","meta":{"_acf_changed":false,"footnotes":""},"class_list":["post-961","page","type-page","status-publish","hentry"],"acf":[],"yoast_head":"<!-- This site is optimized with the Yoast SEO plugin v27.4 - https:\/\/yoast.com\/product\/yoast-seo-wordpress\/ -->\n<title>Basketbola v\u0113sture - Prei\u013cu novada b\u0113rnu un jaunie\u0161u sporta skola<\/title>\n<meta name=\"robots\" content=\"index, follow, max-snippet:-1, max-image-preview:large, max-video-preview:-1\" \/>\n<link rel=\"canonical\" href=\"https:\/\/pbjss.edu.lv\/en\/basketbola-vesture\/\" \/>\n<meta property=\"og:locale\" content=\"en_GB\" \/>\n<meta property=\"og:type\" content=\"article\" \/>\n<meta property=\"og:title\" content=\"Basketbola v\u0113sture - Prei\u013cu novada b\u0113rnu un jaunie\u0161u sporta skola\" \/>\n<meta property=\"og:description\" content=\"Prei\u013cu BJSS basketbola noda\u013ca tika nodibin\u0101ta 1980.gad\u0101 L\u012bv\u0101nos un pirmais treneris Nikolajs Romanenko s\u0101ka tren\u0113t meite\u0146u komandu,kura sast\u0101v\u0101 bija Ieva \u0160kagale-Babre, Maija Skr\u016bzmane, Ing\u016bna \u0160kapare ,Irina Mihailova-Roma\u0146enko, Irina Mihai\u013cuk, L\u012bga [&hellip;]\" \/>\n<meta property=\"og:url\" content=\"https:\/\/pbjss.edu.lv\/en\/basketbola-vesture\/\" \/>\n<meta property=\"og:site_name\" content=\"Prei\u013cu novada b\u0113rnu un jaunie\u0161u sporta skola\" \/>\n<meta property=\"article:publisher\" content=\"https:\/\/www.facebook.com\/pbjss\/?eid=ARAe9wQ7MGM0FQFTVX7QEebpfAfe5hv7HvoN-v1Jv13lgtTNi-DDzJx16PrauJn_wRTcN6k13xTyjf4n\" \/>\n<meta property=\"article:modified_time\" content=\"2019-02-10T12:08:39+00:00\" \/>\n<meta property=\"og:image\" content=\"http:\/\/pbjss.edu.lv\/wp-content\/uploads\/basketbola-vesture\/Basketbols_vesture_1.jpg\" \/>\n<meta name=\"twitter:card\" content=\"summary_large_image\" \/>\n<meta name=\"twitter:label1\" content=\"Estimated reading time\" \/>\n\t<meta name=\"twitter:data1\" content=\"2 minutes\" \/>\n<script type=\"application\/ld+json\" class=\"yoast-schema-graph\">{\"@context\":\"https:\\\/\\\/schema.org\",\"@graph\":[{\"@type\":\"WebPage\",\"@id\":\"https:\\\/\\\/pbjss.edu.lv\\\/basketbola-vesture\\\/\",\"url\":\"https:\\\/\\\/pbjss.edu.lv\\\/basketbola-vesture\\\/\",\"name\":\"Basketbola v\u0113sture - Prei\u013cu novada b\u0113rnu un jaunie\u0161u sporta skola\",\"isPartOf\":{\"@id\":\"https:\\\/\\\/pbjss.edu.lv\\\/#website\"},\"primaryImageOfPage\":{\"@id\":\"https:\\\/\\\/pbjss.edu.lv\\\/basketbola-vesture\\\/#primaryimage\"},\"image\":{\"@id\":\"https:\\\/\\\/pbjss.edu.lv\\\/basketbola-vesture\\\/#primaryimage\"},\"thumbnailUrl\":\"http:\\\/\\\/pbjss.edu.lv\\\/wp-content\\\/uploads\\\/basketbola-vesture\\\/Basketbols_vesture_1.jpg\",\"datePublished\":\"2017-04-06T08:51:16+00:00\",\"dateModified\":\"2019-02-10T12:08:39+00:00\",\"breadcrumb\":{\"@id\":\"https:\\\/\\\/pbjss.edu.lv\\\/basketbola-vesture\\\/#breadcrumb\"},\"inLanguage\":\"en-GB\",\"potentialAction\":[{\"@type\":\"ReadAction\",\"target\":[\"https:\\\/\\\/pbjss.edu.lv\\\/basketbola-vesture\\\/\"]}]},{\"@type\":\"ImageObject\",\"inLanguage\":\"en-GB\",\"@id\":\"https:\\\/\\\/pbjss.edu.lv\\\/basketbola-vesture\\\/#primaryimage\",\"url\":\"http:\\\/\\\/pbjss.edu.lv\\\/wp-content\\\/uploads\\\/basketbola-vesture\\\/Basketbols_vesture_1.jpg\",\"contentUrl\":\"http:\\\/\\\/pbjss.edu.lv\\\/wp-content\\\/uploads\\\/basketbola-vesture\\\/Basketbols_vesture_1.jpg\"},{\"@type\":\"BreadcrumbList\",\"@id\":\"https:\\\/\\\/pbjss.edu.lv\\\/basketbola-vesture\\\/#breadcrumb\",\"itemListElement\":[{\"@type\":\"ListItem\",\"position\":1,\"name\":\"Home\",\"item\":\"https:\\\/\\\/pbjss.edu.lv\\\/\"},{\"@type\":\"ListItem\",\"position\":2,\"name\":\"Basketbola v\u0113sture\"}]},{\"@type\":\"WebSite\",\"@id\":\"https:\\\/\\\/pbjss.edu.lv\\\/#website\",\"url\":\"https:\\\/\\\/pbjss.edu.lv\\\/\",\"name\":\"Prei\u013cu novada b\u0113rnu un jaunie\u0161u sporta skola\",\"description\":\"Augst\u0101k, t\u0101l\u0101k, stipr\u0101k!\",\"potentialAction\":[{\"@type\":\"SearchAction\",\"target\":{\"@type\":\"EntryPoint\",\"urlTemplate\":\"https:\\\/\\\/pbjss.edu.lv\\\/?s={search_term_string}\"},\"query-input\":{\"@type\":\"PropertyValueSpecification\",\"valueRequired\":true,\"valueName\":\"search_term_string\"}}],\"inLanguage\":\"en-GB\"}]}<\/script>\n<!-- \/ Yoast SEO plugin. -->","yoast_head_json":{"title":"Basketbola v\u0113sture - Prei\u013cu novada b\u0113rnu un jaunie\u0161u sporta skola","robots":{"index":"index","follow":"follow","max-snippet":"max-snippet:-1","max-image-preview":"max-image-preview:large","max-video-preview":"max-video-preview:-1"},"canonical":"https:\/\/pbjss.edu.lv\/en\/basketbola-vesture\/","og_locale":"en_GB","og_type":"article","og_title":"Basketbola v\u0113sture - Prei\u013cu novada b\u0113rnu un jaunie\u0161u sporta skola","og_description":"Prei\u013cu BJSS basketbola noda\u013ca tika nodibin\u0101ta 1980.gad\u0101 L\u012bv\u0101nos un pirmais treneris Nikolajs Romanenko s\u0101ka tren\u0113t meite\u0146u komandu,kura sast\u0101v\u0101 bija Ieva \u0160kagale-Babre, Maija Skr\u016bzmane, Ing\u016bna \u0160kapare ,Irina Mihailova-Roma\u0146enko, Irina Mihai\u013cuk, L\u012bga [&hellip;]","og_url":"https:\/\/pbjss.edu.lv\/en\/basketbola-vesture\/","og_site_name":"Prei\u013cu novada b\u0113rnu un jaunie\u0161u sporta skola","article_publisher":"https:\/\/www.facebook.com\/pbjss\/?eid=ARAe9wQ7MGM0FQFTVX7QEebpfAfe5hv7HvoN-v1Jv13lgtTNi-DDzJx16PrauJn_wRTcN6k13xTyjf4n","article_modified_time":"2019-02-10T12:08:39+00:00","og_image":[{"url":"http:\/\/pbjss.edu.lv\/wp-content\/uploads\/basketbola-vesture\/Basketbols_vesture_1.jpg","type":"","width":"","height":""}],"twitter_card":"summary_large_image","twitter_misc":{"Estimated reading time":"2 minutes"},"schema":{"@context":"https:\/\/schema.org","@graph":[{"@type":"WebPage","@id":"https:\/\/pbjss.edu.lv\/basketbola-vesture\/","url":"https:\/\/pbjss.edu.lv\/basketbola-vesture\/","name":"Basketbola v\u0113sture - Prei\u013cu novada b\u0113rnu un jaunie\u0161u sporta skola","isPartOf":{"@id":"https:\/\/pbjss.edu.lv\/#website"},"primaryImageOfPage":{"@id":"https:\/\/pbjss.edu.lv\/basketbola-vesture\/#primaryimage"},"image":{"@id":"https:\/\/pbjss.edu.lv\/basketbola-vesture\/#primaryimage"},"thumbnailUrl":"http:\/\/pbjss.edu.lv\/wp-content\/uploads\/basketbola-vesture\/Basketbols_vesture_1.jpg","datePublished":"2017-04-06T08:51:16+00:00","dateModified":"2019-02-10T12:08:39+00:00","breadcrumb":{"@id":"https:\/\/pbjss.edu.lv\/basketbola-vesture\/#breadcrumb"},"inLanguage":"en-GB","potentialAction":[{"@type":"ReadAction","target":["https:\/\/pbjss.edu.lv\/basketbola-vesture\/"]}]},{"@type":"ImageObject","inLanguage":"en-GB","@id":"https:\/\/pbjss.edu.lv\/basketbola-vesture\/#primaryimage","url":"http:\/\/pbjss.edu.lv\/wp-content\/uploads\/basketbola-vesture\/Basketbols_vesture_1.jpg","contentUrl":"http:\/\/pbjss.edu.lv\/wp-content\/uploads\/basketbola-vesture\/Basketbols_vesture_1.jpg"},{"@type":"BreadcrumbList","@id":"https:\/\/pbjss.edu.lv\/basketbola-vesture\/#breadcrumb","itemListElement":[{"@type":"ListItem","position":1,"name":"Home","item":"https:\/\/pbjss.edu.lv\/"},{"@type":"ListItem","position":2,"name":"Basketbola v\u0113sture"}]},{"@type":"WebSite","@id":"https:\/\/pbjss.edu.lv\/#website","url":"https:\/\/pbjss.edu.lv\/","name":"Prei\u013cu novada b\u0113rnu un jaunie\u0161u sporta skola","description":"Augst\u0101k, t\u0101l\u0101k, stipr\u0101k!","potentialAction":[{"@type":"SearchAction","target":{"@type":"EntryPoint","urlTemplate":"https:\/\/pbjss.edu.lv\/?s={search_term_string}"},"query-input":{"@type":"PropertyValueSpecification","valueRequired":true,"valueName":"search_term_string"}}],"inLanguage":"en-GB"}]}},"_links":{"self":[{"href":"https:\/\/pbjss.edu.lv\/en\/wp-json\/wp\/v2\/pages\/961","targetHints":{"allow":["GET"]}}],"collection":[{"href":"https:\/\/pbjss.edu.lv\/en\/wp-json\/wp\/v2\/pages"}],"about":[{"href":"https:\/\/pbjss.edu.lv\/en\/wp-json\/wp\/v2\/types\/page"}],"author":[{"embeddable":true,"href":"https:\/\/pbjss.edu.lv\/en\/wp-json\/wp\/v2\/users\/2"}],"replies":[{"embeddable":true,"href":"https:\/\/pbjss.edu.lv\/en\/wp-json\/wp\/v2\/comments?post=961"}],"version-history":[{"count":7,"href":"https:\/\/pbjss.edu.lv\/en\/wp-json\/wp\/v2\/pages\/961\/revisions"}],"predecessor-version":[{"id":3545,"href":"https:\/\/pbjss.edu.lv\/en\/wp-json\/wp\/v2\/pages\/961\/revisions\/3545"}],"wp:attachment":[{"href":"https:\/\/pbjss.edu.lv\/en\/wp-json\/wp\/v2\/media?parent=961"}],"curies":[{"name":"wp","href":"https:\/\/api.w.org\/{rel}","templated":true}]}}