{"id":771,"date":"2017-03-23T09:48:58","date_gmt":"2017-03-23T07:48:58","guid":{"rendered":"http:\/\/pbjss.edu.lv\/?page_id=771"},"modified":"2024-03-23T10:11:56","modified_gmt":"2024-03-23T08:11:56","slug":"rekordi","status":"publish","type":"page","link":"https:\/\/pbjss.edu.lv\/en\/rekordi\/","title":{"rendered":"Vieglatl\u0113tikas rekordi (v\u012brie\u0161i)"},"content":{"rendered":"<p>[cdbt-view table=&#8221;wp_rekordi1&#8243; bootstrap_style=&#8221;true&#8221; enable_repeater=&#8221;true&#8221; display_list_num=&#8221;false&#8221; display_search=&#8221;true&#8221; display_title=&#8221;false&#8221; enable_sort=&#8221;false&#8221; display_filter=&#8221;true&#8221; display_view=&#8221;false&#8221; display_index_row=&#8221;true&#8221; narrow_operator=&#8221;and&#8221; sort_order=&#8221;created:desc&#8221; limit_items=&#8221;0&#8243; truncate_strings=&#8221;36&#8243; filter_column=&#8221;disciplina&#8221; thumbnail_title_column=&#8221;disciplina&#8221; thumbnail_width=&#8221;100&#8243; image_render=&#8221;responsive&#8221; ajax_load=&#8221;true&#8221;]<\/p>\n","protected":false},"excerpt":{"rendered":"<p>[cdbt-view table=&#8221;wp_rekordi1&#8243; bootstrap_style=&#8221;true&#8221; enable_repeater=&#8221;true&#8221; display_list_num=&#8221;false&#8221; display_search=&#8221;true&#8221; display_title=&#8221;false&#8221; enable_sort=&#8221;false&#8221; display_filter=&#8221;true&#8221; display_view=&#8221;false&#8221; display_index_row=&#8221;true&#8221; narrow_operator=&#8221;and&#8221; sort_order=&#8221;created:desc&#8221; limit_items=&#8221;0&#8243; truncate_strings=&#8221;36&#8243; filter_column=&#8221;disciplina&#8221; thumbnail_title_column=&#8221;disciplina&#8221; thumbnail_width=&#8221;100&#8243; image_render=&#8221;responsive&#8221; ajax_load=&#8221;true&#8221;]<\/p>\n","protected":false},"author":2,"featured_media":0,"parent":0,"menu_order":0,"comment_status":"closed","ping_status":"closed","template":"","meta":{"_acf_changed":false,"footnotes":""},"class_list":["post-771","page","type-page","status-publish","hentry"],"acf":[],"yoast_head":"<!-- This site is optimized with the Yoast SEO plugin v27.5 - https:\/\/yoast.com\/product\/yoast-seo-wordpress\/ -->\n<title>Vieglatl\u0113tikas rekordi (v\u012brie\u0161i) - Prei\u013cu novada b\u0113rnu un jaunie\u0161u sporta skola<\/title>\n<meta name=\"robots\" content=\"index, follow, max-snippet:-1, max-image-preview:large, max-video-preview:-1\" \/>\n<link rel=\"canonical\" href=\"https:\/\/pbjss.edu.lv\/en\/rekordi\/\" \/>\n<meta property=\"og:locale\" content=\"en_GB\" \/>\n<meta property=\"og:type\" content=\"article\" \/>\n<meta property=\"og:title\" content=\"Vieglatl\u0113tikas rekordi (v\u012brie\u0161i) - Prei\u013cu novada b\u0113rnu un jaunie\u0161u sporta skola\" \/>\n<meta property=\"og:description\" content=\"[cdbt-view table=&#8221;wp_rekordi1&#8243; bootstrap_style=&#8221;true&#8221; enable_repeater=&#8221;true&#8221; display_list_num=&#8221;false&#8221; display_search=&#8221;true&#8221; display_title=&#8221;false&#8221; enable_sort=&#8221;false&#8221; display_filter=&#8221;true&#8221; display_view=&#8221;false&#8221; display_index_row=&#8221;true&#8221; narrow_operator=&#8221;and&#8221; sort_order=&#8221;created:desc&#8221; limit_items=&#8221;0&#8243; truncate_strings=&#8221;36&#8243; filter_column=&#8221;disciplina&#8221; thumbnail_title_column=&#8221;disciplina&#8221; thumbnail_width=&#8221;100&#8243; image_render=&#8221;responsive&#8221; ajax_load=&#8221;true&#8221;]\" \/>\n<meta property=\"og:url\" content=\"https:\/\/pbjss.edu.lv\/en\/rekordi\/\" \/>\n<meta property=\"og:site_name\" content=\"Prei\u013cu novada b\u0113rnu un jaunie\u0161u sporta skola\" \/>\n<meta property=\"article:publisher\" content=\"https:\/\/www.facebook.com\/pbjss\/?eid=ARAe9wQ7MGM0FQFTVX7QEebpfAfe5hv7HvoN-v1Jv13lgtTNi-DDzJx16PrauJn_wRTcN6k13xTyjf4n\" \/>\n<meta property=\"article:modified_time\" content=\"2024-03-23T08:11:56+00:00\" \/>\n<meta name=\"twitter:card\" content=\"summary_large_image\" \/>\n<meta name=\"twitter:label1\" content=\"Estimated reading time\" \/>\n\t<meta name=\"twitter:data1\" content=\"1 minute\" \/>\n<script type=\"application\/ld+json\" class=\"yoast-schema-graph\">{\"@context\":\"https:\\\/\\\/schema.org\",\"@graph\":[{\"@type\":\"WebPage\",\"@id\":\"https:\\\/\\\/pbjss.edu.lv\\\/rekordi\\\/\",\"url\":\"https:\\\/\\\/pbjss.edu.lv\\\/rekordi\\\/\",\"name\":\"Vieglatl\u0113tikas rekordi (v\u012brie\u0161i) - Prei\u013cu novada b\u0113rnu un jaunie\u0161u sporta skola\",\"isPartOf\":{\"@id\":\"https:\\\/\\\/pbjss.edu.lv\\\/#website\"},\"datePublished\":\"2017-03-23T07:48:58+00:00\",\"dateModified\":\"2024-03-23T08:11:56+00:00\",\"breadcrumb\":{\"@id\":\"https:\\\/\\\/pbjss.edu.lv\\\/rekordi\\\/#breadcrumb\"},\"inLanguage\":\"en-GB\",\"potentialAction\":[{\"@type\":\"ReadAction\",\"target\":[\"https:\\\/\\\/pbjss.edu.lv\\\/rekordi\\\/\"]}]},{\"@type\":\"BreadcrumbList\",\"@id\":\"https:\\\/\\\/pbjss.edu.lv\\\/rekordi\\\/#breadcrumb\",\"itemListElement\":[{\"@type\":\"ListItem\",\"position\":1,\"name\":\"Home\",\"item\":\"https:\\\/\\\/pbjss.edu.lv\\\/\"},{\"@type\":\"ListItem\",\"position\":2,\"name\":\"Vieglatl\u0113tikas rekordi (v\u012brie\u0161i)\"}]},{\"@type\":\"WebSite\",\"@id\":\"https:\\\/\\\/pbjss.edu.lv\\\/#website\",\"url\":\"https:\\\/\\\/pbjss.edu.lv\\\/\",\"name\":\"Prei\u013cu novada b\u0113rnu un jaunie\u0161u sporta skola\",\"description\":\"Augst\u0101k, t\u0101l\u0101k, stipr\u0101k!\",\"potentialAction\":[{\"@type\":\"SearchAction\",\"target\":{\"@type\":\"EntryPoint\",\"urlTemplate\":\"https:\\\/\\\/pbjss.edu.lv\\\/?s={search_term_string}\"},\"query-input\":{\"@type\":\"PropertyValueSpecification\",\"valueRequired\":true,\"valueName\":\"search_term_string\"}}],\"inLanguage\":\"en-GB\"}]}<\/script>\n<!-- \/ Yoast SEO plugin. -->","yoast_head_json":{"title":"Vieglatl\u0113tikas rekordi (v\u012brie\u0161i) - Prei\u013cu novada b\u0113rnu un jaunie\u0161u sporta skola","robots":{"index":"index","follow":"follow","max-snippet":"max-snippet:-1","max-image-preview":"max-image-preview:large","max-video-preview":"max-video-preview:-1"},"canonical":"https:\/\/pbjss.edu.lv\/en\/rekordi\/","og_locale":"en_GB","og_type":"article","og_title":"Vieglatl\u0113tikas rekordi (v\u012brie\u0161i) - Prei\u013cu novada b\u0113rnu un jaunie\u0161u sporta skola","og_description":"[cdbt-view table=&#8221;wp_rekordi1&#8243; bootstrap_style=&#8221;true&#8221; enable_repeater=&#8221;true&#8221; display_list_num=&#8221;false&#8221; display_search=&#8221;true&#8221; display_title=&#8221;false&#8221; enable_sort=&#8221;false&#8221; display_filter=&#8221;true&#8221; display_view=&#8221;false&#8221; display_index_row=&#8221;true&#8221; narrow_operator=&#8221;and&#8221; sort_order=&#8221;created:desc&#8221; limit_items=&#8221;0&#8243; truncate_strings=&#8221;36&#8243; filter_column=&#8221;disciplina&#8221; thumbnail_title_column=&#8221;disciplina&#8221; thumbnail_width=&#8221;100&#8243; image_render=&#8221;responsive&#8221; ajax_load=&#8221;true&#8221;]","og_url":"https:\/\/pbjss.edu.lv\/en\/rekordi\/","og_site_name":"Prei\u013cu novada b\u0113rnu un jaunie\u0161u sporta skola","article_publisher":"https:\/\/www.facebook.com\/pbjss\/?eid=ARAe9wQ7MGM0FQFTVX7QEebpfAfe5hv7HvoN-v1Jv13lgtTNi-DDzJx16PrauJn_wRTcN6k13xTyjf4n","article_modified_time":"2024-03-23T08:11:56+00:00","twitter_card":"summary_large_image","twitter_misc":{"Estimated reading time":"1 minute"},"schema":{"@context":"https:\/\/schema.org","@graph":[{"@type":"WebPage","@id":"https:\/\/pbjss.edu.lv\/rekordi\/","url":"https:\/\/pbjss.edu.lv\/rekordi\/","name":"Vieglatl\u0113tikas rekordi (v\u012brie\u0161i) - Prei\u013cu novada b\u0113rnu un jaunie\u0161u sporta skola","isPartOf":{"@id":"https:\/\/pbjss.edu.lv\/#website"},"datePublished":"2017-03-23T07:48:58+00:00","dateModified":"2024-03-23T08:11:56+00:00","breadcrumb":{"@id":"https:\/\/pbjss.edu.lv\/rekordi\/#breadcrumb"},"inLanguage":"en-GB","potentialAction":[{"@type":"ReadAction","target":["https:\/\/pbjss.edu.lv\/rekordi\/"]}]},{"@type":"BreadcrumbList","@id":"https:\/\/pbjss.edu.lv\/rekordi\/#breadcrumb","itemListElement":[{"@type":"ListItem","position":1,"name":"Home","item":"https:\/\/pbjss.edu.lv\/"},{"@type":"ListItem","position":2,"name":"Vieglatl\u0113tikas rekordi (v\u012brie\u0161i)"}]},{"@type":"WebSite","@id":"https:\/\/pbjss.edu.lv\/#website","url":"https:\/\/pbjss.edu.lv\/","name":"Prei\u013cu novada b\u0113rnu un jaunie\u0161u sporta skola","description":"Augst\u0101k, t\u0101l\u0101k, stipr\u0101k!","potentialAction":[{"@type":"SearchAction","target":{"@type":"EntryPoint","urlTemplate":"https:\/\/pbjss.edu.lv\/?s={search_term_string}"},"query-input":{"@type":"PropertyValueSpecification","valueRequired":true,"valueName":"search_term_string"}}],"inLanguage":"en-GB"}]}},"_links":{"self":[{"href":"https:\/\/pbjss.edu.lv\/en\/wp-json\/wp\/v2\/pages\/771","targetHints":{"allow":["GET"]}}],"collection":[{"href":"https:\/\/pbjss.edu.lv\/en\/wp-json\/wp\/v2\/pages"}],"about":[{"href":"https:\/\/pbjss.edu.lv\/en\/wp-json\/wp\/v2\/types\/page"}],"author":[{"embeddable":true,"href":"https:\/\/pbjss.edu.lv\/en\/wp-json\/wp\/v2\/users\/2"}],"replies":[{"embeddable":true,"href":"https:\/\/pbjss.edu.lv\/en\/wp-json\/wp\/v2\/comments?post=771"}],"version-history":[{"count":21,"href":"https:\/\/pbjss.edu.lv\/en\/wp-json\/wp\/v2\/pages\/771\/revisions"}],"predecessor-version":[{"id":28058,"href":"https:\/\/pbjss.edu.lv\/en\/wp-json\/wp\/v2\/pages\/771\/revisions\/28058"}],"wp:attachment":[{"href":"https:\/\/pbjss.edu.lv\/en\/wp-json\/wp\/v2\/media?parent=771"}],"curies":[{"name":"wp","href":"https:\/\/api.w.org\/{rel}","templated":true}]}}