{"id":7565,"date":"2022-08-30T16:26:24","date_gmt":"2022-08-30T13:26:24","guid":{"rendered":"https:\/\/pbjss.edu.lv\/?page_id=7565"},"modified":"2022-09-17T18:40:47","modified_gmt":"2022-09-17T15:40:47","slug":"par-sikdatnem","status":"publish","type":"page","link":"https:\/\/pbjss.edu.lv\/en\/par-sikdatnem\/","title":{"rendered":"Par s\u012bkdatn\u0113m"},"content":{"rendered":"<div class=\"btx-item js-item-heading btx-heading btx-heading--underline btx-left-align btx-p-border-border\">\n<h3 class=\"btx-heading-text btx-secondary-font btx-s-text-color btx-s-text-border\"><span style=\"font-size: 16px;\">I Visp\u0101r\u012bgie noteikumi<\/span><\/h3>\n<\/div>\n<div class=\"btx-item js-item-text btx-text btx-justify-align btx-primary-font\">\n<div class=\"btx-row\">\n<div class=\"btx-text-content btx-col-12\">\n<div class=\"btx-text-content-inner\">Lietojot \u0161o t\u012bmek\u013cvietni, Jums ir iesp\u0113ja pie\u0146emt t\u012bmek\u013cvietnes s\u012bkdat\u0146u izveido\u0161anu un iesp\u0113ja attiekties no t\u012bmek\u013cvietnes s\u012bkdat\u0146u izveido\u0161anas (ja vien J\u016bsu p\u0101rl\u016bkprogramma nav iestat\u012bta nepie\u0146emt s\u012bkdatnes). Jums j\u0101\u0146em v\u0113r\u0101, ja atsp\u0113josiet noteikti nepiecie\u0161am\u0101s s\u012bkdatnes, t\u012bmek\u013cvietne nevar\u0113s darboties pilnv\u0113rt\u012bgi.<br \/>\nS\u012bkdatnes \u0161aj\u0101 t\u012bmek\u013cvietn\u0113 var viegli akcept\u0113t vai noraid\u012bt, izv\u0113loties vienu no \u0161\u012bm sait\u0113m &#8211;\u00a0PIEKR\u012aTU\u00a0\/\u00a0NEPIEKR\u012aTU.<\/p>\n<\/div>\n<div class=\"btx-text-content-inner\"><strong>II Inform\u0101cija par s\u012bkdatn\u0113m<\/strong><br \/>\nS\u012bkdatnes ir mazas burtu un skait\u013cu datnes, kas tiek lejupiel\u0101d\u0113tas un saglab\u0101tas j\u016bsu dator\u0101 vai cit\u0101 ier\u012bc\u0113 (piem\u0113ram, viedt\u0101lrun\u012b, plan\u0161etdator\u0101), un saglab\u0101tas J\u016bsu t\u012bmek\u013cvietnes p\u0101rl\u016bk\u0101 apmekl\u0113juma laik\u0101. T\u0101s var izmantot, lai sekotu l\u012bdzi, k\u0101das lapas t\u012bmek\u013cvietn\u0113 apmekl\u0113jat.<strong>III S\u012bkdat\u0146u veido\u0161anas nol\u016bks un tiesiskais pamats<\/strong><br \/>\n\u0160\u012b t\u012bmek\u013cvietne, t\u0101pat k\u0101 daudzas citas, izmanto s\u012bkdatnes, lai pal\u012bdz\u0113tu uzlabot t\u012bmek\u013cvietnes lieto\u0161anas pieredzi un nodro\u0161in\u0101tu t\u0101s teicamu darb\u012bbu. S\u012bk\u0101k par nol\u016bkiem skat\u012bt tabul\u0101, kur uzskait\u012btas s\u012bkdatnes.<br \/>\nApmekl\u0113jot \u0161o t\u012bmek\u013cvietni, lietot\u0101jam tiek att\u0113lots logs ar zi\u0146ojumu par to, ka t\u012bmek\u013cvietn\u0113 tiek izmantotas s\u012bkdatnes. Ja J\u016bs akcept\u0113jiet s\u012bkdat\u0146u pie\u0146em\u0161anu, s\u012bkdat\u0146u izmanto\u0161anas tiesiskais pamats ir lietot\u0101ja at\u013cauja izmantot noteiktas s\u012bkdat\u0146u kategorijas, un J\u016bs apstipriniet, ka esiet iepazinies ar inform\u0101ciju par s\u012bkdatn\u0113m, to izmanto\u0161anas nol\u016bkiem, gad\u012bjumiem, kad inform\u0101cija tiek nodota tre\u0161aj\u0101m person\u0101m.<br \/>\nTiek izmantotas da\u017e\u0101da veida s\u012bkdatnes, kas tiek izvietotas p\u0113c noklus\u0113juma (piem\u0113ram, &#8220;nepiecie\u0161am\u0101s&#8221; s\u012bkdatnes), ta\u010du par atsevi\u0161\u0137\u0101m s\u012bkdatn\u0113m, kas tiek izmantotas, piem\u0113ram, anal\u012btiskiem nol\u016bkiem, m\u0113s pras\u0101m J\u016bsu piekri\u0161anu. Sniedzot piekri\u0161anu s\u012bkdat\u0146u josl\u0101, kas tiek par\u0101d\u012bta, kad apmekl\u0113jat t\u012bmek\u013cvietni, J\u016bs izv\u0113laties, vai at\u013caujat izmantot noteiktas s\u012bkdat\u0146u kategorijas.<\/p>\n<p><strong>IV S\u012bkdat\u0146u veidi un to pielietojums<\/strong><br \/>\nM\u0113s izmantojam divas s\u012bkdat\u0146u kategorijas &#8211; nepiecie\u0161am\u0101s s\u012bkdatnes un anal\u012btisk\u0101s s\u012bkdatnes. J\u016bs jebkur\u0101 br\u012bd\u012b varat main\u012bt savu izv\u0113li un atteikties no s\u012bkdatn\u0113m.<\/p>\n<p><em>Nepiecie\u0161am\u0101s s\u012bkdatnes<\/em><br \/>\nNepiecie\u0161am\u0101s s\u012bkdatnes ir b\u016btiskas un t\u0101s Jums \u013cauj piek\u013c\u016bt da\u017e\u0101d\u0101m t\u012bmek\u013cvietnes da\u013c\u0101m. \u0160\u012bs s\u012bkdatnes tiek saglab\u0101tas J\u016bsu dator\u0101, viedt\u0101lrun\u012b, plan\u0161etdator\u0101 vai cit\u0101 ier\u012bc\u0113 vietnes apmekl\u0113juma un p\u0101rl\u016bko\u0161anas laik\u0101 vai noteikt\u0101 laika period\u0101. T\u0101s tiek iestat\u012btas, rea\u0123\u0113jot uz J\u016bsu darb\u012bb\u0101m, kas ir uzskat\u0101mas par pakalpojuma piepras\u012b\u0161anu, piem\u0113ram, priv\u0101tuma preferen\u010du iestat\u012b\u0161ana, pierakst\u012b\u0161an\u0101s vai veidlapu aizpild\u012b\u0161ana. \u0160\u012bs s\u012bkdatnes ir nepiecie\u0161amas t\u012bmek\u013ca vietnes darb\u012bbai, t\u0101p\u0113c t\u0101s nevar izsl\u0113gt, un t\u0101d\u0113\u013c lietot\u0101ja piekri\u0161ana \u0161ai s\u012bkdat\u0146u kategorijai netiek pras\u012bta.<\/p>\n<p><em>Anal\u012btisk\u0101s s\u012bkdatnes<\/em><br \/>\nAnal\u012btisk\u0101s s\u012bkdatnes \u013cauj uzskait\u012bt apmekl\u0113jumu skaitu un avotus, lai m\u0113s var\u0113tu izm\u0113r\u012bt un uzlabot savas t\u012bmek\u013cvietnes darb\u012bbu. T\u0101s mums pal\u012bdz saprast, kuras lapas ir visiecien\u012bt\u0101k\u0101s un kuras tiek izmantotas visret\u0101k, k\u0101 ar\u012b to, k\u0101 apmekl\u0113t\u0101ji p\u0101rvietojas m\u016bsu t\u012bmek\u013cvietn\u0113. Ja atteiksieties no \u0161o s\u012bkdat\u0146u izmanto\u0161anas, J\u016bsu apmekl\u0113jums netiks iek\u013cauts m\u016bsu statistik\u0101, bet vienlaikus ar\u012b neierobe\u017eos J\u016bsu darb\u012bbas m\u016bsu t\u012bmek\u013cvietn\u0113.<\/p>\n<\/div>\n<\/div>\n<\/div>\n<\/div>","protected":false},"excerpt":{"rendered":"<p>I Visp\u0101r\u012bgie noteikumi Lietojot \u0161o t\u012bmek\u013cvietni, Jums ir iesp\u0113ja pie\u0146emt t\u012bmek\u013cvietnes s\u012bkdat\u0146u izveido\u0161anu un iesp\u0113ja attiekties no t\u012bmek\u013cvietnes s\u012bkdat\u0146u izveido\u0161anas (ja vien J\u016bsu p\u0101rl\u016bkprogramma nav iestat\u012bta nepie\u0146emt s\u012bkdatnes). Jums j\u0101\u0146em [&hellip;]<\/p>\n","protected":false},"author":2,"featured_media":0,"parent":0,"menu_order":0,"comment_status":"closed","ping_status":"closed","template":"","meta":{"_acf_changed":false,"footnotes":""},"class_list":["post-7565","page","type-page","status-publish","hentry"],"acf":[],"yoast_head":"<!-- This site is optimized with the Yoast SEO plugin v27.4 - https:\/\/yoast.com\/product\/yoast-seo-wordpress\/ -->\n<title>Par s\u012bkdatn\u0113m - Prei\u013cu novada b\u0113rnu un jaunie\u0161u sporta skola<\/title>\n<meta name=\"robots\" content=\"index, follow, max-snippet:-1, max-image-preview:large, max-video-preview:-1\" \/>\n<link rel=\"canonical\" href=\"https:\/\/pbjss.edu.lv\/en\/par-sikdatnem\/\" \/>\n<meta property=\"og:locale\" content=\"en_GB\" \/>\n<meta property=\"og:type\" content=\"article\" \/>\n<meta property=\"og:title\" content=\"Par s\u012bkdatn\u0113m - Prei\u013cu novada b\u0113rnu un jaunie\u0161u sporta skola\" \/>\n<meta property=\"og:description\" content=\"I Visp\u0101r\u012bgie noteikumi Lietojot \u0161o t\u012bmek\u013cvietni, Jums ir iesp\u0113ja pie\u0146emt t\u012bmek\u013cvietnes s\u012bkdat\u0146u izveido\u0161anu un iesp\u0113ja attiekties no t\u012bmek\u013cvietnes s\u012bkdat\u0146u izveido\u0161anas (ja vien J\u016bsu p\u0101rl\u016bkprogramma nav iestat\u012bta nepie\u0146emt s\u012bkdatnes). Jums j\u0101\u0146em [&hellip;]\" \/>\n<meta property=\"og:url\" content=\"https:\/\/pbjss.edu.lv\/en\/par-sikdatnem\/\" \/>\n<meta property=\"og:site_name\" content=\"Prei\u013cu novada b\u0113rnu un jaunie\u0161u sporta skola\" \/>\n<meta property=\"article:publisher\" content=\"https:\/\/www.facebook.com\/pbjss\/?eid=ARAe9wQ7MGM0FQFTVX7QEebpfAfe5hv7HvoN-v1Jv13lgtTNi-DDzJx16PrauJn_wRTcN6k13xTyjf4n\" \/>\n<meta property=\"article:modified_time\" content=\"2022-09-17T15:40:47+00:00\" \/>\n<meta name=\"twitter:card\" content=\"summary_large_image\" \/>\n<meta name=\"twitter:label1\" content=\"Estimated reading time\" \/>\n\t<meta name=\"twitter:data1\" content=\"3 minutes\" \/>\n<script type=\"application\/ld+json\" class=\"yoast-schema-graph\">{\"@context\":\"https:\\\/\\\/schema.org\",\"@graph\":[{\"@type\":\"WebPage\",\"@id\":\"https:\\\/\\\/pbjss.edu.lv\\\/par-sikdatnem\\\/\",\"url\":\"https:\\\/\\\/pbjss.edu.lv\\\/par-sikdatnem\\\/\",\"name\":\"Par s\u012bkdatn\u0113m - Prei\u013cu novada b\u0113rnu un jaunie\u0161u sporta skola\",\"isPartOf\":{\"@id\":\"https:\\\/\\\/pbjss.edu.lv\\\/#website\"},\"datePublished\":\"2022-08-30T13:26:24+00:00\",\"dateModified\":\"2022-09-17T15:40:47+00:00\",\"breadcrumb\":{\"@id\":\"https:\\\/\\\/pbjss.edu.lv\\\/par-sikdatnem\\\/#breadcrumb\"},\"inLanguage\":\"en-GB\",\"potentialAction\":[{\"@type\":\"ReadAction\",\"target\":[\"https:\\\/\\\/pbjss.edu.lv\\\/par-sikdatnem\\\/\"]}]},{\"@type\":\"BreadcrumbList\",\"@id\":\"https:\\\/\\\/pbjss.edu.lv\\\/par-sikdatnem\\\/#breadcrumb\",\"itemListElement\":[{\"@type\":\"ListItem\",\"position\":1,\"name\":\"Home\",\"item\":\"https:\\\/\\\/pbjss.edu.lv\\\/\"},{\"@type\":\"ListItem\",\"position\":2,\"name\":\"Par s\u012bkdatn\u0113m\"}]},{\"@type\":\"WebSite\",\"@id\":\"https:\\\/\\\/pbjss.edu.lv\\\/#website\",\"url\":\"https:\\\/\\\/pbjss.edu.lv\\\/\",\"name\":\"Prei\u013cu novada b\u0113rnu un jaunie\u0161u sporta skola\",\"description\":\"Augst\u0101k, t\u0101l\u0101k, stipr\u0101k!\",\"potentialAction\":[{\"@type\":\"SearchAction\",\"target\":{\"@type\":\"EntryPoint\",\"urlTemplate\":\"https:\\\/\\\/pbjss.edu.lv\\\/?s={search_term_string}\"},\"query-input\":{\"@type\":\"PropertyValueSpecification\",\"valueRequired\":true,\"valueName\":\"search_term_string\"}}],\"inLanguage\":\"en-GB\"}]}<\/script>\n<!-- \/ Yoast SEO plugin. -->","yoast_head_json":{"title":"Par s\u012bkdatn\u0113m - Prei\u013cu novada b\u0113rnu un jaunie\u0161u sporta skola","robots":{"index":"index","follow":"follow","max-snippet":"max-snippet:-1","max-image-preview":"max-image-preview:large","max-video-preview":"max-video-preview:-1"},"canonical":"https:\/\/pbjss.edu.lv\/en\/par-sikdatnem\/","og_locale":"en_GB","og_type":"article","og_title":"Par s\u012bkdatn\u0113m - Prei\u013cu novada b\u0113rnu un jaunie\u0161u sporta skola","og_description":"I Visp\u0101r\u012bgie noteikumi Lietojot \u0161o t\u012bmek\u013cvietni, Jums ir iesp\u0113ja pie\u0146emt t\u012bmek\u013cvietnes s\u012bkdat\u0146u izveido\u0161anu un iesp\u0113ja attiekties no t\u012bmek\u013cvietnes s\u012bkdat\u0146u izveido\u0161anas (ja vien J\u016bsu p\u0101rl\u016bkprogramma nav iestat\u012bta nepie\u0146emt s\u012bkdatnes). Jums j\u0101\u0146em [&hellip;]","og_url":"https:\/\/pbjss.edu.lv\/en\/par-sikdatnem\/","og_site_name":"Prei\u013cu novada b\u0113rnu un jaunie\u0161u sporta skola","article_publisher":"https:\/\/www.facebook.com\/pbjss\/?eid=ARAe9wQ7MGM0FQFTVX7QEebpfAfe5hv7HvoN-v1Jv13lgtTNi-DDzJx16PrauJn_wRTcN6k13xTyjf4n","article_modified_time":"2022-09-17T15:40:47+00:00","twitter_card":"summary_large_image","twitter_misc":{"Estimated reading time":"3 minutes"},"schema":{"@context":"https:\/\/schema.org","@graph":[{"@type":"WebPage","@id":"https:\/\/pbjss.edu.lv\/par-sikdatnem\/","url":"https:\/\/pbjss.edu.lv\/par-sikdatnem\/","name":"Par s\u012bkdatn\u0113m - Prei\u013cu novada b\u0113rnu un jaunie\u0161u sporta skola","isPartOf":{"@id":"https:\/\/pbjss.edu.lv\/#website"},"datePublished":"2022-08-30T13:26:24+00:00","dateModified":"2022-09-17T15:40:47+00:00","breadcrumb":{"@id":"https:\/\/pbjss.edu.lv\/par-sikdatnem\/#breadcrumb"},"inLanguage":"en-GB","potentialAction":[{"@type":"ReadAction","target":["https:\/\/pbjss.edu.lv\/par-sikdatnem\/"]}]},{"@type":"BreadcrumbList","@id":"https:\/\/pbjss.edu.lv\/par-sikdatnem\/#breadcrumb","itemListElement":[{"@type":"ListItem","position":1,"name":"Home","item":"https:\/\/pbjss.edu.lv\/"},{"@type":"ListItem","position":2,"name":"Par s\u012bkdatn\u0113m"}]},{"@type":"WebSite","@id":"https:\/\/pbjss.edu.lv\/#website","url":"https:\/\/pbjss.edu.lv\/","name":"Prei\u013cu novada b\u0113rnu un jaunie\u0161u sporta skola","description":"Augst\u0101k, t\u0101l\u0101k, stipr\u0101k!","potentialAction":[{"@type":"SearchAction","target":{"@type":"EntryPoint","urlTemplate":"https:\/\/pbjss.edu.lv\/?s={search_term_string}"},"query-input":{"@type":"PropertyValueSpecification","valueRequired":true,"valueName":"search_term_string"}}],"inLanguage":"en-GB"}]}},"_links":{"self":[{"href":"https:\/\/pbjss.edu.lv\/en\/wp-json\/wp\/v2\/pages\/7565","targetHints":{"allow":["GET"]}}],"collection":[{"href":"https:\/\/pbjss.edu.lv\/en\/wp-json\/wp\/v2\/pages"}],"about":[{"href":"https:\/\/pbjss.edu.lv\/en\/wp-json\/wp\/v2\/types\/page"}],"author":[{"embeddable":true,"href":"https:\/\/pbjss.edu.lv\/en\/wp-json\/wp\/v2\/users\/2"}],"replies":[{"embeddable":true,"href":"https:\/\/pbjss.edu.lv\/en\/wp-json\/wp\/v2\/comments?post=7565"}],"version-history":[{"count":3,"href":"https:\/\/pbjss.edu.lv\/en\/wp-json\/wp\/v2\/pages\/7565\/revisions"}],"predecessor-version":[{"id":7643,"href":"https:\/\/pbjss.edu.lv\/en\/wp-json\/wp\/v2\/pages\/7565\/revisions\/7643"}],"wp:attachment":[{"href":"https:\/\/pbjss.edu.lv\/en\/wp-json\/wp\/v2\/media?parent=7565"}],"curies":[{"name":"wp","href":"https:\/\/api.w.org\/{rel}","templated":true}]}}