{"id":738,"date":"2017-03-20T18:30:28","date_gmt":"2017-03-20T16:30:28","guid":{"rendered":"http:\/\/pbjss.edu.lv\/?page_id=738"},"modified":"2017-05-01T16:55:10","modified_gmt":"2017-05-01T14:55:10","slug":"rezultati-galda-teniss","status":"publish","type":"page","link":"https:\/\/pbjss.edu.lv\/en\/rezultati-galda-teniss\/","title":{"rendered":"Rezult\u0101ti galda tenis\u0101"},"content":{"rendered":"<ul>\n<li><a href=\"http:\/\/pbjss.edu.lv\/wp-content\/uploads\/20170402_Stiga_kauss_Kuldiga_2005_zeni.docx\" target=\"_blank\" rel=\"noopener noreferrer\"><strong>LATVIJAS 2016.\/2017.GADA SEZONAS JAUNATNES STIGA KAUSA IZC\u012a\u0145AS SACENS\u012aBU V K\u0100RTA,Z\u0112NI 2005 UN JAUN\u0100KI<\/strong><\/a><\/li>\n<li><a href=\"http:\/\/pbjss.edu.lv\/wp-content\/uploads\/20170402_Stiga_kauss_Kuldiga_2002_2004_zeni.docx\" target=\"_blank\" rel=\"noopener noreferrer\"><strong>LATVIJAS 2016.\/2017.GADA SEZONAS JAUNATNES STIGA KAUSA IZC\u012a\u0145AS SACENS\u012aBU V K\u0100RTA,Z\u0112NI 2002-2004<\/strong><\/a><\/li>\n<li><a href=\"http:\/\/pbjss.edu.lv\/wp-content\/uploads\/20170402_Stiga_kauss_Kuldiga_2005_meitenes.docx\" target=\"_blank\" rel=\"noopener noreferrer\"><strong>LATVIJAS 2016.\/2017.GADA SEZONAS JAUNATNES STIGA KAUSA IZC\u012a\u0145AS SACENS\u012aBU V K\u0100RTA,\u00a0<\/strong><strong>MEITENES 2005 UN JAUN\u0100KAS<\/strong><\/a><\/li>\n<li><a href=\"http:\/\/pbjss.edu.lv\/wp-content\/uploads\/20170408_2007_Agrupa.docx\" target=\"_blank\" rel=\"noopener noreferrer\"><strong>LR 2017.GADA JAUNATNES MEISTARSAC\u012aKSTES &#8220;A&#8221; GRUP\u0100 (1999.G.DZ. UN JAUN\u0100KI)<\/strong><\/a><\/li>\n<li><a href=\"http:\/\/pbjss.edu.lv\/wp-content\/uploads\/20170311_Jaunatnes_meistarsacikstes_B_grupa.docx\" target=\"_blank\" rel=\"noopener noreferrer\">2017.gada Jaunatnes meistarsac\u012bkstes &#8220;B&#8221; grup\u0101 galda tenis\u0101 (2002.g.dz. un jaun\u0101ki) (11.-12.03.2017) (docx)<\/a><\/li>\n<\/ul>","protected":false},"excerpt":{"rendered":"<p>LATVIJAS 2016.\/2017.GADA SEZONAS JAUNATNES STIGA KAUSA IZC\u012a\u0145AS SACENS\u012aBU V K\u0100RTA,Z\u0112NI 2005 UN JAUN\u0100KI LATVIJAS 2016.\/2017.GADA SEZONAS JAUNATNES STIGA KAUSA IZC\u012a\u0145AS SACENS\u012aBU V K\u0100RTA,Z\u0112NI 2002-2004 LATVIJAS 2016.\/2017.GADA SEZONAS JAUNATNES STIGA KAUSA [&hellip;]<\/p>\n","protected":false},"author":2,"featured_media":0,"parent":0,"menu_order":0,"comment_status":"closed","ping_status":"closed","template":"","meta":{"_acf_changed":false,"footnotes":""},"class_list":["post-738","page","type-page","status-publish","hentry"],"acf":[],"yoast_head":"<!-- This site is optimized with the Yoast SEO plugin v27.4 - https:\/\/yoast.com\/product\/yoast-seo-wordpress\/ -->\n<title>Rezult\u0101ti galda tenis\u0101 - Prei\u013cu novada b\u0113rnu un jaunie\u0161u sporta skola<\/title>\n<meta name=\"robots\" content=\"index, follow, max-snippet:-1, max-image-preview:large, max-video-preview:-1\" \/>\n<link rel=\"canonical\" href=\"https:\/\/pbjss.edu.lv\/en\/rezultati-galda-teniss\/\" \/>\n<meta property=\"og:locale\" content=\"en_GB\" \/>\n<meta property=\"og:type\" content=\"article\" \/>\n<meta property=\"og:title\" content=\"Rezult\u0101ti galda tenis\u0101 - Prei\u013cu novada b\u0113rnu un jaunie\u0161u sporta skola\" \/>\n<meta property=\"og:description\" content=\"LATVIJAS 2016.\/2017.GADA SEZONAS JAUNATNES STIGA KAUSA IZC\u012a\u0145AS SACENS\u012aBU V K\u0100RTA,Z\u0112NI 2005 UN JAUN\u0100KI LATVIJAS 2016.\/2017.GADA SEZONAS JAUNATNES STIGA KAUSA IZC\u012a\u0145AS SACENS\u012aBU V K\u0100RTA,Z\u0112NI 2002-2004 LATVIJAS 2016.\/2017.GADA SEZONAS JAUNATNES STIGA KAUSA [&hellip;]\" \/>\n<meta property=\"og:url\" content=\"https:\/\/pbjss.edu.lv\/en\/rezultati-galda-teniss\/\" \/>\n<meta property=\"og:site_name\" content=\"Prei\u013cu novada b\u0113rnu un jaunie\u0161u sporta skola\" \/>\n<meta property=\"article:publisher\" content=\"https:\/\/www.facebook.com\/pbjss\/?eid=ARAe9wQ7MGM0FQFTVX7QEebpfAfe5hv7HvoN-v1Jv13lgtTNi-DDzJx16PrauJn_wRTcN6k13xTyjf4n\" \/>\n<meta property=\"article:modified_time\" content=\"2017-05-01T14:55:10+00:00\" \/>\n<meta name=\"twitter:card\" content=\"summary_large_image\" \/>\n<script type=\"application\/ld+json\" class=\"yoast-schema-graph\">{\"@context\":\"https:\\\/\\\/schema.org\",\"@graph\":[{\"@type\":\"WebPage\",\"@id\":\"https:\\\/\\\/pbjss.edu.lv\\\/rezultati-galda-teniss\\\/\",\"url\":\"https:\\\/\\\/pbjss.edu.lv\\\/rezultati-galda-teniss\\\/\",\"name\":\"Rezult\u0101ti galda tenis\u0101 - Prei\u013cu novada b\u0113rnu un jaunie\u0161u sporta skola\",\"isPartOf\":{\"@id\":\"https:\\\/\\\/pbjss.edu.lv\\\/#website\"},\"datePublished\":\"2017-03-20T16:30:28+00:00\",\"dateModified\":\"2017-05-01T14:55:10+00:00\",\"breadcrumb\":{\"@id\":\"https:\\\/\\\/pbjss.edu.lv\\\/rezultati-galda-teniss\\\/#breadcrumb\"},\"inLanguage\":\"en-GB\",\"potentialAction\":[{\"@type\":\"ReadAction\",\"target\":[\"https:\\\/\\\/pbjss.edu.lv\\\/rezultati-galda-teniss\\\/\"]}]},{\"@type\":\"BreadcrumbList\",\"@id\":\"https:\\\/\\\/pbjss.edu.lv\\\/rezultati-galda-teniss\\\/#breadcrumb\",\"itemListElement\":[{\"@type\":\"ListItem\",\"position\":1,\"name\":\"Home\",\"item\":\"https:\\\/\\\/pbjss.edu.lv\\\/\"},{\"@type\":\"ListItem\",\"position\":2,\"name\":\"Rezult\u0101ti galda tenis\u0101\"}]},{\"@type\":\"WebSite\",\"@id\":\"https:\\\/\\\/pbjss.edu.lv\\\/#website\",\"url\":\"https:\\\/\\\/pbjss.edu.lv\\\/\",\"name\":\"Prei\u013cu novada b\u0113rnu un jaunie\u0161u sporta skola\",\"description\":\"Augst\u0101k, t\u0101l\u0101k, stipr\u0101k!\",\"potentialAction\":[{\"@type\":\"SearchAction\",\"target\":{\"@type\":\"EntryPoint\",\"urlTemplate\":\"https:\\\/\\\/pbjss.edu.lv\\\/?s={search_term_string}\"},\"query-input\":{\"@type\":\"PropertyValueSpecification\",\"valueRequired\":true,\"valueName\":\"search_term_string\"}}],\"inLanguage\":\"en-GB\"}]}<\/script>\n<!-- \/ Yoast SEO plugin. -->","yoast_head_json":{"title":"Rezult\u0101ti galda tenis\u0101 - Prei\u013cu novada b\u0113rnu un jaunie\u0161u sporta skola","robots":{"index":"index","follow":"follow","max-snippet":"max-snippet:-1","max-image-preview":"max-image-preview:large","max-video-preview":"max-video-preview:-1"},"canonical":"https:\/\/pbjss.edu.lv\/en\/rezultati-galda-teniss\/","og_locale":"en_GB","og_type":"article","og_title":"Rezult\u0101ti galda tenis\u0101 - Prei\u013cu novada b\u0113rnu un jaunie\u0161u sporta skola","og_description":"LATVIJAS 2016.\/2017.GADA SEZONAS JAUNATNES STIGA KAUSA IZC\u012a\u0145AS SACENS\u012aBU V K\u0100RTA,Z\u0112NI 2005 UN JAUN\u0100KI LATVIJAS 2016.\/2017.GADA SEZONAS JAUNATNES STIGA KAUSA IZC\u012a\u0145AS SACENS\u012aBU V K\u0100RTA,Z\u0112NI 2002-2004 LATVIJAS 2016.\/2017.GADA SEZONAS JAUNATNES STIGA KAUSA [&hellip;]","og_url":"https:\/\/pbjss.edu.lv\/en\/rezultati-galda-teniss\/","og_site_name":"Prei\u013cu novada b\u0113rnu un jaunie\u0161u sporta skola","article_publisher":"https:\/\/www.facebook.com\/pbjss\/?eid=ARAe9wQ7MGM0FQFTVX7QEebpfAfe5hv7HvoN-v1Jv13lgtTNi-DDzJx16PrauJn_wRTcN6k13xTyjf4n","article_modified_time":"2017-05-01T14:55:10+00:00","twitter_card":"summary_large_image","schema":{"@context":"https:\/\/schema.org","@graph":[{"@type":"WebPage","@id":"https:\/\/pbjss.edu.lv\/rezultati-galda-teniss\/","url":"https:\/\/pbjss.edu.lv\/rezultati-galda-teniss\/","name":"Rezult\u0101ti galda tenis\u0101 - Prei\u013cu novada b\u0113rnu un jaunie\u0161u sporta skola","isPartOf":{"@id":"https:\/\/pbjss.edu.lv\/#website"},"datePublished":"2017-03-20T16:30:28+00:00","dateModified":"2017-05-01T14:55:10+00:00","breadcrumb":{"@id":"https:\/\/pbjss.edu.lv\/rezultati-galda-teniss\/#breadcrumb"},"inLanguage":"en-GB","potentialAction":[{"@type":"ReadAction","target":["https:\/\/pbjss.edu.lv\/rezultati-galda-teniss\/"]}]},{"@type":"BreadcrumbList","@id":"https:\/\/pbjss.edu.lv\/rezultati-galda-teniss\/#breadcrumb","itemListElement":[{"@type":"ListItem","position":1,"name":"Home","item":"https:\/\/pbjss.edu.lv\/"},{"@type":"ListItem","position":2,"name":"Rezult\u0101ti galda tenis\u0101"}]},{"@type":"WebSite","@id":"https:\/\/pbjss.edu.lv\/#website","url":"https:\/\/pbjss.edu.lv\/","name":"Prei\u013cu novada b\u0113rnu un jaunie\u0161u sporta skola","description":"Augst\u0101k, t\u0101l\u0101k, stipr\u0101k!","potentialAction":[{"@type":"SearchAction","target":{"@type":"EntryPoint","urlTemplate":"https:\/\/pbjss.edu.lv\/?s={search_term_string}"},"query-input":{"@type":"PropertyValueSpecification","valueRequired":true,"valueName":"search_term_string"}}],"inLanguage":"en-GB"}]}},"_links":{"self":[{"href":"https:\/\/pbjss.edu.lv\/en\/wp-json\/wp\/v2\/pages\/738","targetHints":{"allow":["GET"]}}],"collection":[{"href":"https:\/\/pbjss.edu.lv\/en\/wp-json\/wp\/v2\/pages"}],"about":[{"href":"https:\/\/pbjss.edu.lv\/en\/wp-json\/wp\/v2\/types\/page"}],"author":[{"embeddable":true,"href":"https:\/\/pbjss.edu.lv\/en\/wp-json\/wp\/v2\/users\/2"}],"replies":[{"embeddable":true,"href":"https:\/\/pbjss.edu.lv\/en\/wp-json\/wp\/v2\/comments?post=738"}],"version-history":[{"count":4,"href":"https:\/\/pbjss.edu.lv\/en\/wp-json\/wp\/v2\/pages\/738\/revisions"}],"predecessor-version":[{"id":1066,"href":"https:\/\/pbjss.edu.lv\/en\/wp-json\/wp\/v2\/pages\/738\/revisions\/1066"}],"wp:attachment":[{"href":"https:\/\/pbjss.edu.lv\/en\/wp-json\/wp\/v2\/media?parent=738"}],"curies":[{"name":"wp","href":"https:\/\/api.w.org\/{rel}","templated":true}]}}