{"id":7356,"date":"2022-07-04T17:08:11","date_gmt":"2022-07-04T14:08:11","guid":{"rendered":"https:\/\/pbjss.edu.lv\/?page_id=7356"},"modified":"2022-07-05T13:51:27","modified_gmt":"2022-07-05T10:51:27","slug":"nolikums-pieteikums","status":"publish","type":"page","link":"https:\/\/pbjss.edu.lv\/en\/nolikums-pieteikums\/","title":{"rendered":"Nolikums\/Pieteikums"},"content":{"rendered":"<p><a href=\"https:\/\/pbjss.edu.lv\/wp-content\/uploads\/nolikums-pieteikums\/Komandu-Pieteikums-word.docx\">Komandu Pieteikums &#8220;Pielikums Nr. 1&#8221;<\/a><\/p>\n<p><img loading=\"lazy\" decoding=\"async\" class=\"wp-image-7369 aligncenter\" src=\"https:\/\/pbjss.edu.lv\/wp-content\/uploads\/nolikums-pieteikums\/Preilu_novada_gerbonis-253x300.png\" alt=\"\" width=\"136\" height=\"139\" \/><\/p>\n<div class=\"column\">\n<p style=\"text-align: center;\"><strong>Preil\u0327u Novada \u010cempion\u0101ts futbol\u0101 2022 Turn\u012bra Nolikums\u2028<\/strong><\/p>\n<\/div>\n<div class=\"layoutArea\">\n<div class=\"column\">\n<p>&nbsp;<\/p>\n<\/div>\n<\/div>\n<div class=\"layoutArea\">\n<div class=\"column\">\n<p><strong>1. M\u0113r\u0137is:<\/strong><\/p>\n<p>1.1. Izveidot un att\u012bst\u012bt draudz\u012bgas attiec\u012bbas starp da\u017e\u0101da vecuma cilv\u0113kiem, veicin\u0101t sportisku dz\u012bvesveidu un futbola popularit\u0101tes cel\u0161anu.<\/p>\n<p>1.2. Veicin\u0101t akt\u012bva dz\u012bvesveida piekop\u0161anu un t\u0101 populariz\u0113\u0161anu Prei\u013cu Novad\u0101.<\/p>\n<p><strong>2. Sacens\u012bbu vad\u012bba:<\/strong><\/p>\n<p>2.1. Sacens\u012bbas organiz\u0113 un vada Prei\u013cu B\u0113rnu un Jaunie\u0161u sporta skola sadarb\u012bb\u0101 ar Prei\u013cu Novada Domi.<\/p>\n<p>2.2. Sacens\u012bbu galvenais tiesnesis &#8211; Lauris Vilc\u0101ns ( mob. 29522232, e-pasts: lauris.vilcans@preili.lv ).<\/p>\n<p><strong>3. Komandu Pieteik\u0161ana<\/strong><\/p>\n<p>3.1. Turn\u012bram j\u0101piesaka vismaz 8 laukuma sp\u0113l\u0113t\u0101ji un v\u0101rtsargs. Komanda var pieteikt 15 dal\u012bbniekus uz visu turn\u012bru un 1 treneri ( komandas<\/p>\n<p>p\u0101rst\u0101vi ).<br \/>\n3.2. Piesakoties turn\u012bram j\u0101aizpilda komandas pieteikuma veidlapa,<\/p>\n<p>j\u0101iesniedz \u010dempion\u0101ta galvenajam tiesnesim personiski, vai j\u0101nos\u016bta elektronisk\u0101 veid\u0101 uz e-pastu laurisvilcans@preili.lv ne v\u0113l\u0101k k\u0101 3 dienas pirms \u010dempion\u0101ta pirm\u0101s sp\u0113les. Sacens\u012bbu pieteikumu skat\u012bt \u201c Pielikums Nr. 1&#8243;.<br \/>\n<strong><br \/>\n4. Sacens\u012bbu vieta un laiks:<br \/>\n<\/strong><br \/>\n4.1. Turn\u012bra sp\u0113les notiek Prei\u013cu pils\u0113tas m\u0101ksl\u012bg\u0101 seguma laukum\u0101<\/p>\n<\/div>\n<\/div>\n<div class=\"page\" title=\"Page 2\">\n<div class=\"section\">\n<div class=\"layoutArea\">\n<div class=\"column\">\n<p>4.2. Sp\u0113les notiek p\u0113c sast\u0101d\u012bta kalend\u0101ra, kur\u0161 tiks preciz\u0113ts p\u0113c tam, kad ir nosl\u0113gusies pieteik\u0161an\u0101s \u010dempion\u0101tam. Prec\u012bzs sp\u0113\u013cu kalend\u0101rs tiks ievietots m\u0101jaslap\u0101 pbjss.edu.lv ne v\u0113l\u0101k k\u0101 2 dienas pirms turn\u012bra pirm\u0101 posma.<\/p>\n<p>4.3. Komanda pieteikt dal\u012bbu \u010dempion\u0101t\u0101 var l\u012bdz 11. j\u016blijam<br \/>\n( ieskaitot ). Komandas dal\u012bba turn\u012br\u0101 tiek apstiprin\u0101ta p\u0113c tam, kad ir aizpild\u012bta pieteikuma forma un sa\u0146emts apstiprin\u0101jums no turn\u012bra galven\u0101 tiesne\u0161a.<\/p>\n<p>4.4. \u010cempion\u0101ts tiek izsp\u0113l\u0113ts no \u0161.g. 13. J\u016blija l\u012bdz 26. augustam ( izsp\u0113les datumi var tikt main\u012bti atkar\u012bb\u0101 no komandu pieteikumu skaita).<\/p>\n<p><strong>5. Sacens\u012bbu k\u0101rt\u012bba un ties\u0101\u0161ana:<\/strong><\/p>\n<p>5.1. Priek\u0161sac\u012bkst\u0113s komandas aizvada 1 vai 2 ap\u013cu turn\u012bru ( atkar\u012bb\u0101 no turn\u012br\u0101 pieteikto komandu skaita ) sp\u0113l\u0113jot katra ar katru.<\/p>\n<p>5.2. Sp\u0113les ilgums 2&#215;25 min.<\/p>\n<p>5.3. \u010cempion\u0101ts notiek p\u0113c futbola (7:7) noteikumiem, iesp\u0113jamas atpaka\u013c mai\u0146as.<\/p>\n<p>5.4. Komandu vietu k\u0101rt\u012bbu nosaka p\u0113c ieg\u016bto punktu summas<br \/>\n( uzvara &#8211; 3 p., neiz\u0161\u0137irts &#8211; 1 p., zaud\u0113jums &#8211; 0 p. ). Ja div\u0101m vai vair\u0101k\u0101m komand\u0101m b\u016bs vien\u0101da punktu summa, tad augst\u0101ku vietu ie\u0146ems komanda, kurai ir lab\u0101ki r\u0101d\u012bt\u0101ji savstarp\u0113j\u0101s sp\u0113l\u0113s ( punkti, v\u0101rtu starp\u012bba, ieg\u016btie v\u0101rti ). Ja \u0161ie r\u0101d\u012bt\u0101ji nenoskaidro vietu k\u0101rt\u012bbu, tad to nosaka p\u0113c r\u0101d\u012bt\u0101jiem vis\u0101s sp\u0113l\u0113s (uzvaru skaits, v\u0101rtu starp\u012bba, ieg\u016btie v\u0101rti).<\/p>\n<p>5.5. P\u0113c priek\u0161sac\u012bk\u0161u rezult\u0101tiem notiek pusfin\u0101lsp\u0113les (1. \u2013 4. vieta un 2. &#8211; 3. vieta). P\u0113c tam notiek sp\u0113les par 1. &#8211; 2. un 3. &#8211; 4. vietu. Ja uzvar\u0113t\u0101js netiek noskaidrots, tiek noz\u012bm\u0113ta 9m sitienu izpilde \u2013 pa 5 katrai komandai (p\u0113c tam l\u012bdz pirmajai k\u013c\u016bdai). Iesp\u0113jamas izmai\u0146as atkar\u012bb\u0101 no komandu peiteikumu skaita.<\/p>\n<p>5.6. Ja komanda nav ieradusies vismaz 5 cilv\u0113ku sast\u0101v\u0101 uz sp\u0113les s\u0101kuma br\u012bdi, tiek uzskat\u012bts, ka komanda nav ieradusies uz sp\u0113li.<\/p>\n<p>5.7. Ja komanda izst\u0101jas vai tiek izsl\u0113gta no turn\u012bra, atliku\u0161aj\u0101s sp\u0113l\u0113s tiek ieskait\u012bti zaud\u0113jumi ar 0:5, ja t\u0101 ir nosp\u0113l\u0113jusi vismaz 50% no paredz\u0113taj\u0101m sp\u0113l\u0113m, pret\u0113j\u0101 gad\u012bjum\u0101 visi komandas rezult\u0101ti tiek anul\u0113ti.<\/p>\n<p>5.8. Ties\u0101\u0161anu nodro\u0161ina vismaz 1 laukuma tiesnesis.<br \/>\n5.9. Sacens\u012bbas ties\u0101 \u010dempion\u0101ta galven\u0101 tiesne\u0161a noz\u012bm\u0113ti tiesne\u0161i. 5.10. Tiesne\u0161u l\u0113mumi nav apstr\u012bd\u0101mi<\/p>\n<p><strong>6. Disciplin\u0101rais reglaments<\/strong><\/p>\n<p>6.1. Sacens\u012bbu dal\u012bbnieks sa\u0146em 1 sp\u0113les diskvalifik\u0101ciju, ja:\u2028 &#8211; sp\u0113l\u0113t\u0101js sa\u0146\u0113mis 3 dzelten\u0101s karti\u0146as turn\u012bra laik\u0101<br \/>\n&#8211; sp\u0113l\u0113t\u0101js sa\u0146\u0113mis 1 sarkano karti\u0146u<\/p>\n<p>6.2. Par necenz\u0113tu v\u0101rdu, aizvainojo\u0161u \u017eestu un izteicienu lieto\u0161anu diskvalific\u0113 uz 1 sp\u0113li.<\/p>\n<p><strong>7. Medic\u012bna<\/strong><\/p>\n<\/div>\n<\/div>\n<\/div>\n<\/div>\n<div class=\"page\" title=\"Page 3\">\n<div class=\"section\">\n<div class=\"layoutArea\">\n<div class=\"column\">\n<p>7.1. Par dal\u012bbnieka vesel\u012bbas st\u0101vokli un fizisko sagatavot\u012bbu sacens\u012bbu laik\u0101 atbild katrs attiec\u012bg\u0101s komandas dal\u012bbnieks<\/p>\n<p>7.2. Katrai komandai ir j\u0101nodro\u0161ina element\u0101ra pirm\u0101 medic\u012bnisk\u0101 pal\u012bdz\u012bba da\u017e\u0101dos traumu gad\u012bjumos.<\/p>\n<p><strong>8. Finansi\u0101lie nosac\u012bjumi \u2028 \u2028<\/strong><\/p>\n<p>8.1. Visi ar turn\u012bra organiz\u0101ciju saist\u012btie izdevumi tiek segti no komandu dal\u012bbas maksas \u20ac 50 vienai komandai un Prei\u013cu novada domes l\u012bdzfinans\u0113juma.<\/p>\n<p>8.2. Prei\u013cu Novada komandas start\u0113 bez dal\u012bbas maksas.<\/p>\n<p><strong>9. Apbalvo\u0161ana<\/strong><\/p>\n<p>9.1. Komanda, kura turn\u012bra laik\u0101 ir izc\u0113lusies ar \u201cfair-play\u201d principu iev\u0113ro\u0161anu un sa\u0146\u0113musi vismaz\u0101k kart\u012btes, sa\u0146em \u201c Prei\u013cu futbola \u010dempion\u0101ta korekt\u0101k\u0101s komandas\u201d balvu.<\/p>\n<p>9.2. 1. vietas ieguv\u0113ja komanda tiek apbalvota ar kausu un meda\u013c\u0101m (15 sp\u0113l\u0113t\u0101ji + 1 treneris)<\/p>\n<p>9.3. 2.-3.vietu ieguv\u0113ju komandu sp\u0113l\u0113t\u0101ji tiek apbalvoti ar meda\u013c\u0101m (15 sp\u0113l\u0113t\u0101ji + treneris).<\/p>\n<p>9.4. Tiek apbalvoti individu\u0101li: rezultat\u012bv\u0101kais sp\u0113l\u0113t\u0101js, lab\u0101kais aizsargs, lab\u0101kais v\u0101rtsargs un turn\u012bra v\u0113rt\u012bg\u0101kais sp\u0113l\u0113t\u0101js ( \u201c MVP \u201c ).<\/p>\n<p><strong>10. Datu aizsardz\u012bba un datu glab\u0101\u0161ana:<\/strong><\/p>\n<p>10.1. Sabiedr\u012bbas inform\u0113\u0161anas nol\u016bkos var tikt veikta foto vai video fiks\u0101cija. Vizu\u0101lais materi\u0101ls var tikt ievietots Prei\u013cu Novada un Prei\u013cu be\u0113rnu jaunies\u0161u sporta skolas informat\u012bvajos kan\u0101los.<\/p>\n<p>10.2. Visi personas dati, kas tiek nodoti turn\u012bra organizatoriem netiks izpausti tre\u0161aj\u0101m person\u0101m. Izn\u0146\u0113mums ir foto un video materi\u0101li no \u010dempion\u0101ta sp\u0113l\u0113m.<\/p>\n<p><strong>11. Epidemiolo\u0123iskie nosac\u012bjumi:<\/strong><\/p>\n<p>&nbsp;<\/p>\n<\/div>\n<\/div>\n<div class=\"layoutArea\">\n<div class=\"column\">\n<p>11.1. Turn\u012bra dal\u012bbniekiem un apmekl\u0113t\u0101jiem ir pien\u0101kums iev\u0113rot Latvijas vesel\u012bbas ministrijas izstr\u0101d\u0101tos \u201c Covid-19 \u201c noteikumus.<\/p>\n<\/div>\n<\/div>\n<div class=\"layoutArea\">\n<div class=\"column\">\n<p><strong>12. Citi noteikumi:<\/strong><\/p>\n<p>12.1. Sp\u0113\u013cu norises viet\u0101s kategoriski aizliegts ienest un lietot alkoholiskos dz\u0113rienus vai citus apreibino\u0161os l\u012bdzek\u013cus, k\u0101 ar\u012b atrasties to iespaid\u0101.<\/p>\n<p>12.2. Turn\u012bra inform\u0101cija &#8211; aktu\u0101l\u0101s zi\u0146as, jaunumi, sp\u0113\u013cu kalend\u0101rs, rezult\u0101ti, rezultat\u012bv\u0101kie sp\u0113l\u0113t\u0101ji, fotogalerijas un cita inform\u0101cija pieejama m\u0101jaslap\u0101 www.pbjss.edu.lvcfutbola sada\u013c\u0101, k\u0101 ar\u012b Facebook lap\u0101 www.facebook.com\/pbjss\/ .<\/p>\n<\/div>\n<\/div>\n<div class=\"layoutArea\">\n<div class=\"column\">\n<p style=\"text-align: right;\">Sac. galv. tiesnesis: L. Vilc\u0101ns<\/p>\n<\/div>\n<\/div>\n<\/div>\n<\/div>","protected":false},"excerpt":{"rendered":"<p>Komandu Pieteikums &#8220;Pielikums Nr. 1&#8221; Preil\u0327u Novada \u010cempion\u0101ts futbol\u0101 2022 Turn\u012bra Nolikums\u2028 &nbsp; 1. M\u0113r\u0137is: 1.1. Izveidot un att\u012bst\u012bt draudz\u012bgas attiec\u012bbas starp da\u017e\u0101da vecuma cilv\u0113kiem, veicin\u0101t sportisku dz\u012bvesveidu un futbola [&hellip;]<\/p>\n","protected":false},"author":2,"featured_media":0,"parent":0,"menu_order":0,"comment_status":"closed","ping_status":"closed","template":"","meta":{"_acf_changed":false,"footnotes":""},"class_list":["post-7356","page","type-page","status-publish","hentry"],"acf":[],"yoast_head":"<!-- This site is optimized with the Yoast SEO plugin v27.5 - https:\/\/yoast.com\/product\/yoast-seo-wordpress\/ -->\n<title>Nolikums\/Pieteikums - Prei\u013cu novada b\u0113rnu un jaunie\u0161u sporta skola<\/title>\n<meta name=\"robots\" content=\"index, follow, max-snippet:-1, max-image-preview:large, max-video-preview:-1\" \/>\n<link rel=\"canonical\" href=\"https:\/\/pbjss.edu.lv\/en\/nolikums-pieteikums\/\" \/>\n<meta property=\"og:locale\" content=\"en_GB\" \/>\n<meta property=\"og:type\" content=\"article\" \/>\n<meta property=\"og:title\" content=\"Nolikums\/Pieteikums - Prei\u013cu novada b\u0113rnu un jaunie\u0161u sporta skola\" \/>\n<meta property=\"og:description\" content=\"Komandu Pieteikums &#8220;Pielikums Nr. 1&#8221; Preil\u0327u Novada \u010cempion\u0101ts futbol\u0101 2022 Turn\u012bra Nolikums\u2028 &nbsp; 1. M\u0113r\u0137is: 1.1. Izveidot un att\u012bst\u012bt draudz\u012bgas attiec\u012bbas starp da\u017e\u0101da vecuma cilv\u0113kiem, veicin\u0101t sportisku dz\u012bvesveidu un futbola [&hellip;]\" \/>\n<meta property=\"og:url\" content=\"https:\/\/pbjss.edu.lv\/en\/nolikums-pieteikums\/\" \/>\n<meta property=\"og:site_name\" content=\"Prei\u013cu novada b\u0113rnu un jaunie\u0161u sporta skola\" \/>\n<meta property=\"article:publisher\" content=\"https:\/\/www.facebook.com\/pbjss\/?eid=ARAe9wQ7MGM0FQFTVX7QEebpfAfe5hv7HvoN-v1Jv13lgtTNi-DDzJx16PrauJn_wRTcN6k13xTyjf4n\" \/>\n<meta property=\"article:modified_time\" content=\"2022-07-05T10:51:27+00:00\" \/>\n<meta property=\"og:image\" content=\"https:\/\/pbjss.edu.lv\/wp-content\/uploads\/nolikums-pieteikums\/Preilu_novada_gerbonis-253x300.png\" \/>\n<meta name=\"twitter:card\" content=\"summary_large_image\" \/>\n<meta name=\"twitter:label1\" content=\"Estimated reading time\" \/>\n\t<meta name=\"twitter:data1\" content=\"5 minutes\" \/>\n<script type=\"application\/ld+json\" class=\"yoast-schema-graph\">{\"@context\":\"https:\\\/\\\/schema.org\",\"@graph\":[{\"@type\":\"WebPage\",\"@id\":\"https:\\\/\\\/pbjss.edu.lv\\\/nolikums-pieteikums\\\/\",\"url\":\"https:\\\/\\\/pbjss.edu.lv\\\/nolikums-pieteikums\\\/\",\"name\":\"Nolikums\\\/Pieteikums - Prei\u013cu novada b\u0113rnu un jaunie\u0161u sporta skola\",\"isPartOf\":{\"@id\":\"https:\\\/\\\/pbjss.edu.lv\\\/#website\"},\"primaryImageOfPage\":{\"@id\":\"https:\\\/\\\/pbjss.edu.lv\\\/nolikums-pieteikums\\\/#primaryimage\"},\"image\":{\"@id\":\"https:\\\/\\\/pbjss.edu.lv\\\/nolikums-pieteikums\\\/#primaryimage\"},\"thumbnailUrl\":\"https:\\\/\\\/pbjss.edu.lv\\\/wp-content\\\/uploads\\\/nolikums-pieteikums\\\/Preilu_novada_gerbonis-253x300.png\",\"datePublished\":\"2022-07-04T14:08:11+00:00\",\"dateModified\":\"2022-07-05T10:51:27+00:00\",\"breadcrumb\":{\"@id\":\"https:\\\/\\\/pbjss.edu.lv\\\/nolikums-pieteikums\\\/#breadcrumb\"},\"inLanguage\":\"en-GB\",\"potentialAction\":[{\"@type\":\"ReadAction\",\"target\":[\"https:\\\/\\\/pbjss.edu.lv\\\/nolikums-pieteikums\\\/\"]}]},{\"@type\":\"ImageObject\",\"inLanguage\":\"en-GB\",\"@id\":\"https:\\\/\\\/pbjss.edu.lv\\\/nolikums-pieteikums\\\/#primaryimage\",\"url\":\"https:\\\/\\\/pbjss.edu.lv\\\/wp-content\\\/uploads\\\/nolikums-pieteikums\\\/Preilu_novada_gerbonis-253x300.png\",\"contentUrl\":\"https:\\\/\\\/pbjss.edu.lv\\\/wp-content\\\/uploads\\\/nolikums-pieteikums\\\/Preilu_novada_gerbonis-253x300.png\"},{\"@type\":\"BreadcrumbList\",\"@id\":\"https:\\\/\\\/pbjss.edu.lv\\\/nolikums-pieteikums\\\/#breadcrumb\",\"itemListElement\":[{\"@type\":\"ListItem\",\"position\":1,\"name\":\"Home\",\"item\":\"https:\\\/\\\/pbjss.edu.lv\\\/\"},{\"@type\":\"ListItem\",\"position\":2,\"name\":\"Nolikums\\\/Pieteikums\"}]},{\"@type\":\"WebSite\",\"@id\":\"https:\\\/\\\/pbjss.edu.lv\\\/#website\",\"url\":\"https:\\\/\\\/pbjss.edu.lv\\\/\",\"name\":\"Prei\u013cu novada b\u0113rnu un jaunie\u0161u sporta skola\",\"description\":\"Augst\u0101k, t\u0101l\u0101k, stipr\u0101k!\",\"potentialAction\":[{\"@type\":\"SearchAction\",\"target\":{\"@type\":\"EntryPoint\",\"urlTemplate\":\"https:\\\/\\\/pbjss.edu.lv\\\/?s={search_term_string}\"},\"query-input\":{\"@type\":\"PropertyValueSpecification\",\"valueRequired\":true,\"valueName\":\"search_term_string\"}}],\"inLanguage\":\"en-GB\"}]}<\/script>\n<!-- \/ Yoast SEO plugin. -->","yoast_head_json":{"title":"Nolikums\/Pieteikums - Prei\u013cu novada b\u0113rnu un jaunie\u0161u sporta skola","robots":{"index":"index","follow":"follow","max-snippet":"max-snippet:-1","max-image-preview":"max-image-preview:large","max-video-preview":"max-video-preview:-1"},"canonical":"https:\/\/pbjss.edu.lv\/en\/nolikums-pieteikums\/","og_locale":"en_GB","og_type":"article","og_title":"Nolikums\/Pieteikums - Prei\u013cu novada b\u0113rnu un jaunie\u0161u sporta skola","og_description":"Komandu Pieteikums &#8220;Pielikums Nr. 1&#8221; Preil\u0327u Novada \u010cempion\u0101ts futbol\u0101 2022 Turn\u012bra Nolikums\u2028 &nbsp; 1. M\u0113r\u0137is: 1.1. Izveidot un att\u012bst\u012bt draudz\u012bgas attiec\u012bbas starp da\u017e\u0101da vecuma cilv\u0113kiem, veicin\u0101t sportisku dz\u012bvesveidu un futbola [&hellip;]","og_url":"https:\/\/pbjss.edu.lv\/en\/nolikums-pieteikums\/","og_site_name":"Prei\u013cu novada b\u0113rnu un jaunie\u0161u sporta skola","article_publisher":"https:\/\/www.facebook.com\/pbjss\/?eid=ARAe9wQ7MGM0FQFTVX7QEebpfAfe5hv7HvoN-v1Jv13lgtTNi-DDzJx16PrauJn_wRTcN6k13xTyjf4n","article_modified_time":"2022-07-05T10:51:27+00:00","og_image":[{"url":"https:\/\/pbjss.edu.lv\/wp-content\/uploads\/nolikums-pieteikums\/Preilu_novada_gerbonis-253x300.png","type":"","width":"","height":""}],"twitter_card":"summary_large_image","twitter_misc":{"Estimated reading time":"5 minutes"},"schema":{"@context":"https:\/\/schema.org","@graph":[{"@type":"WebPage","@id":"https:\/\/pbjss.edu.lv\/nolikums-pieteikums\/","url":"https:\/\/pbjss.edu.lv\/nolikums-pieteikums\/","name":"Nolikums\/Pieteikums - Prei\u013cu novada b\u0113rnu un jaunie\u0161u sporta skola","isPartOf":{"@id":"https:\/\/pbjss.edu.lv\/#website"},"primaryImageOfPage":{"@id":"https:\/\/pbjss.edu.lv\/nolikums-pieteikums\/#primaryimage"},"image":{"@id":"https:\/\/pbjss.edu.lv\/nolikums-pieteikums\/#primaryimage"},"thumbnailUrl":"https:\/\/pbjss.edu.lv\/wp-content\/uploads\/nolikums-pieteikums\/Preilu_novada_gerbonis-253x300.png","datePublished":"2022-07-04T14:08:11+00:00","dateModified":"2022-07-05T10:51:27+00:00","breadcrumb":{"@id":"https:\/\/pbjss.edu.lv\/nolikums-pieteikums\/#breadcrumb"},"inLanguage":"en-GB","potentialAction":[{"@type":"ReadAction","target":["https:\/\/pbjss.edu.lv\/nolikums-pieteikums\/"]}]},{"@type":"ImageObject","inLanguage":"en-GB","@id":"https:\/\/pbjss.edu.lv\/nolikums-pieteikums\/#primaryimage","url":"https:\/\/pbjss.edu.lv\/wp-content\/uploads\/nolikums-pieteikums\/Preilu_novada_gerbonis-253x300.png","contentUrl":"https:\/\/pbjss.edu.lv\/wp-content\/uploads\/nolikums-pieteikums\/Preilu_novada_gerbonis-253x300.png"},{"@type":"BreadcrumbList","@id":"https:\/\/pbjss.edu.lv\/nolikums-pieteikums\/#breadcrumb","itemListElement":[{"@type":"ListItem","position":1,"name":"Home","item":"https:\/\/pbjss.edu.lv\/"},{"@type":"ListItem","position":2,"name":"Nolikums\/Pieteikums"}]},{"@type":"WebSite","@id":"https:\/\/pbjss.edu.lv\/#website","url":"https:\/\/pbjss.edu.lv\/","name":"Prei\u013cu novada b\u0113rnu un jaunie\u0161u sporta skola","description":"Augst\u0101k, t\u0101l\u0101k, stipr\u0101k!","potentialAction":[{"@type":"SearchAction","target":{"@type":"EntryPoint","urlTemplate":"https:\/\/pbjss.edu.lv\/?s={search_term_string}"},"query-input":{"@type":"PropertyValueSpecification","valueRequired":true,"valueName":"search_term_string"}}],"inLanguage":"en-GB"}]}},"_links":{"self":[{"href":"https:\/\/pbjss.edu.lv\/en\/wp-json\/wp\/v2\/pages\/7356","targetHints":{"allow":["GET"]}}],"collection":[{"href":"https:\/\/pbjss.edu.lv\/en\/wp-json\/wp\/v2\/pages"}],"about":[{"href":"https:\/\/pbjss.edu.lv\/en\/wp-json\/wp\/v2\/types\/page"}],"author":[{"embeddable":true,"href":"https:\/\/pbjss.edu.lv\/en\/wp-json\/wp\/v2\/users\/2"}],"replies":[{"embeddable":true,"href":"https:\/\/pbjss.edu.lv\/en\/wp-json\/wp\/v2\/comments?post=7356"}],"version-history":[{"count":10,"href":"https:\/\/pbjss.edu.lv\/en\/wp-json\/wp\/v2\/pages\/7356\/revisions"}],"predecessor-version":[{"id":7381,"href":"https:\/\/pbjss.edu.lv\/en\/wp-json\/wp\/v2\/pages\/7356\/revisions\/7381"}],"wp:attachment":[{"href":"https:\/\/pbjss.edu.lv\/en\/wp-json\/wp\/v2\/media?parent=7356"}],"curies":[{"name":"wp","href":"https:\/\/api.w.org\/{rel}","templated":true}]}}