{"id":722,"date":"2017-03-20T17:55:01","date_gmt":"2017-03-20T15:55:01","guid":{"rendered":"http:\/\/pbjss.edu.lv\/?page_id=722"},"modified":"2025-09-04T22:44:31","modified_gmt":"2025-09-04T19:44:31","slug":"rezultati","status":"publish","type":"page","link":"https:\/\/pbjss.edu.lv\/en\/rezultati\/","title":{"rendered":"Rezult\u0101ti"},"content":{"rendered":"<div data-colibri-id=\"722-c1\" class=\"style-2064 style-local-722-c1 position-relative\">\n  <!---->\n  <div data-colibri-component=\"section\" data-colibri-id=\"722-c2\" id=\"reusable-sections\" class=\"h-section h-section-global-spacing d-flex align-items-lg-center align-items-md-center align-items-center style-2069 style-local-722-c2 position-relative\">\n    <!---->\n    <!---->\n    <div class=\"h-section-grid-container h-section-fluid-container\">\n      <!---->\n      <div data-colibri-id=\"722-c3\" class=\"h-row-container gutters-row-lg-0 gutters-row-md-0 gutters-row-0 gutters-row-v-lg-0 gutters-row-v-md-0 gutters-row-v-0 style-2070 style-local-722-c3 position-relative\">\n        <!---->\n        <div class=\"h-row justify-content-lg-center justify-content-md-center justify-content-center align-items-lg-stretch align-items-md-stretch align-items-stretch gutters-col-lg-0 gutters-col-md-0 gutters-col-0 gutters-col-v-lg-0 gutters-col-v-md-0 gutters-col-v-0\">\n          <!---->\n          <div class=\"h-column h-column-container d-flex h-col-lg-3 h-col-md-3 h-col-12 style-2071-outer style-local-722-c4-outer\">\n            <div data-colibri-id=\"722-c4\" class=\"d-flex h-flex-basis h-column__inner h-px-lg-0 h-px-md-0 h-px-0 v-inner-lg-0 v-inner-md-0 v-inner-0 style-2071 style-local-722-c4 position-relative\">\n              <!---->\n              <!---->\n              <div class=\"w-100 h-y-container h-column__content h-column__v-align flex-basis-100 align-self-lg-start align-self-md-start align-self-start\">\n                <!---->\n                <div data-colibri-id=\"722-c5\" class=\"h-x-container style-2072 style-local-722-c5 position-relative h-element\">\n                  <!---->\n                  <div class=\"h-x-container-inner style-dynamic-722-c5-group style-2072-spacing style-local-722-c5-spacing\"><span class=\"h-button__outer style-2073-outer style-local-722-c6-outer d-inline-flex h-element\"><a h-use-smooth-scroll=\"true\" href=\"https:\/\/pbjss.edu.lv\/en\/rezultati\/cirulputenis\/\"  data-colibri-id=\"722-c6\" class=\"d-flex w-100 align-items-center h-button justify-content-lg-center justify-content-md-center justify-content-center style-2073 style-local-722-c6 position-relative\"><!----><span  class=\"h-svg-icon h-button__icon style-2073-icon style-local-722-c6-icon\"><!--Icon by Material Icons (https:\/\/material.io)--><svg version=\"1.1\" xmlns=\"http:\/\/www.w3.org\/2000\/svg\" xmlns:xlink=\"http:\/\/www.w3.org\/1999\/xlink\" id=\"directions_run\" viewbox=\"0 0 512 512\"><path d=\"M211 413L62 384l8-43 105 21 34-173-39 15v73h-42V177l111-47q3 0 8.5-1t8.5-1q21 0 36 21l21 34q29 51 92 51v43q-71 0-117-53l-13 64 45 42v160h-43V362l-45-42-21 93zm106.5-309Q305 117 288 117t-30-13q-13-13-13-30t13-29.5Q271 32 288 32t29.5 12.5Q330 57 330 74t-12.5 30z\"><\/path><\/svg><\/span>                    <span>C\u012bru\u013cputenis<\/span><\/a>\n                    <\/span>\n                  <\/div>\n                <\/div>\n              <\/div>\n            <\/div>\n          <\/div>\n          <div class=\"h-column h-column-container d-flex h-col-lg-3 h-col-md-3 h-col-12 style-2074-outer style-local-722-c7-outer\">\n            <div data-colibri-id=\"722-c7\" class=\"d-flex h-flex-basis h-column__inner h-px-lg-0 h-px-md-0 h-px-0 v-inner-lg-0 v-inner-md-0 v-inner-0 style-2074 style-local-722-c7 position-relative\">\n              <!---->\n              <!---->\n              <div class=\"w-100 h-y-container h-column__content h-column__v-align flex-basis-100 align-self-lg-start align-self-md-start align-self-start\">\n                <!---->\n                <div data-colibri-id=\"722-c8\" class=\"h-x-container style-2075 style-local-722-c8 position-relative h-element\">\n                  <!---->\n                  <div class=\"h-x-container-inner style-dynamic-722-c8-group style-2075-spacing style-local-722-c8-spacing\"><span class=\"h-button__outer style-2073-outer style-local-722-c9-outer d-inline-flex h-element\"><a h-use-smooth-scroll=\"true\" href=\"\"  data-colibri-id=\"722-c9\" class=\"d-flex w-100 align-items-center h-button justify-content-lg-center justify-content-md-center justify-content-center style-2073 style-local-722-c9 position-relative\"><!----><span  class=\"h-svg-icon h-button__icon style-2073-icon style-local-722-c9-icon\"><!--Icon by Ionicons (https:\/\/ionicons.com)--><svg version=\"1.1\" xmlns=\"http:\/\/www.w3.org\/2000\/svg\" xmlns:xlink=\"http:\/\/www.w3.org\/1999\/xlink\" id=\"android-bicycle\" viewbox=\"0 0 448 512\"><path d=\"M299 131c-19 0-34-14-34-33s15-34 34-34 33 15 33 34-14 33-33 33zm56 130c51 0 93 43 93 94s-42 93-93 93-94-42-94-93 43-94 94-94zm0 159c36 0 65-29 65-65s-29-66-65-66-66 30-66 66 30 65 66 65zm-81-196l-30-45-43 45 39 32v112h-32v-86l-61-38c-9-6-19-15-19-27 0-8 3-17 9-23l72-69c6-6 14-9 22-9 11 0 22 7 28 16l34 60h59v32h-78zM93 261c51 0 94 43 94 94s-43 93-94 93-93-42-93-93 42-94 93-94zm0 159c36 0 66-29 66-65s-30-66-66-66-65 30-65 66 29 65 65 65z\"><\/path><\/svg><\/span>                    <span>MTB \u201cPrei\u013cupes l\u012bklo\u010di&#8221;<\/span><\/a>\n                    <\/span>\n                  <\/div>\n                <\/div>\n              <\/div>\n            <\/div>\n          <\/div>\n          <div class=\"h-column h-column-container d-flex h-col-lg-3 h-col-md-3 h-col-12 style-2074-outer style-local-722-c10-outer\">\n            <div data-colibri-id=\"722-c10\" class=\"d-flex h-flex-basis h-column__inner h-px-lg-0 h-px-md-0 h-px-0 v-inner-lg-0 v-inner-md-0 v-inner-0 style-2074 style-local-722-c10 position-relative\">\n              <!---->\n              <!---->\n              <div class=\"w-100 h-y-container h-column__content h-column__v-align flex-basis-100 align-self-lg-start align-self-md-start align-self-start\">\n                <!---->\n                <div data-colibri-id=\"722-c11\" class=\"h-x-container style-2075 style-local-722-c11 position-relative h-element\">\n                  <!---->\n                  <div class=\"h-x-container-inner style-dynamic-722-c11-group style-2075-spacing style-local-722-c11-spacing\"><span class=\"h-button__outer style-2073-outer style-local-722-c12-outer d-inline-flex h-element\"><a h-use-smooth-scroll=\"true\" href=\"\"  data-colibri-id=\"722-c12\" class=\"d-flex w-100 align-items-center h-button justify-content-lg-center justify-content-md-center justify-content-center style-2073 style-local-722-c12 position-relative\"><!----><span  class=\"h-svg-icon h-button__icon style-2073-icon style-local-722-c12-icon\"><!--Icon by Material Icons (https:\/\/material.io)--><svg version=\"1.1\" xmlns=\"http:\/\/www.w3.org\/2000\/svg\" xmlns:xlink=\"http:\/\/www.w3.org\/1999\/xlink\" id=\"nature_people\" viewbox=\"0 0 512 512\"><path d=\"M119 225.5q-9 9.5-23 9.5t-23-9.5q-9-9.5-9-22.5t9-22.5q9-9.5 23-9.5t23 9.5q9 9.5 9 22.5t-9 22.5zM473 196q0 57-38 99t-94 49v83h64v42H64V363H43v-86q0-9 6-15t15-6h64q9 0 15 6t6 15v86h-21v64h171v-84q-54-9-89.5-50.5T174 196q0-62 44-106t106-44q62 0 105.5 44T473 196z\"><\/path><\/svg><\/span>                    <span>Parka pusstundas skr\u0113jiens<\/span><\/a>\n                    <\/span>\n                  <\/div>\n                <\/div>\n              <\/div>\n            <\/div>\n          <\/div>\n          <div class=\"h-column h-column-container d-flex h-col-lg-3 h-col-md-3 h-col-12 style-2074-outer style-local-722-c13-outer\">\n            <div data-colibri-id=\"722-c13\" class=\"d-flex h-flex-basis h-column__inner h-px-lg-0 h-px-md-0 h-px-0 v-inner-lg-0 v-inner-md-0 v-inner-0 style-2074 style-local-722-c13 position-relative\">\n              <!---->\n              <!---->\n              <div class=\"w-100 h-y-container h-column__content h-column__v-align flex-basis-100 align-self-lg-start align-self-md-start align-self-start\">\n                <!---->\n                <div data-colibri-id=\"722-c14\" class=\"h-x-container style-2075 style-local-722-c14 position-relative h-element\">\n                  <!---->\n                  <div class=\"h-x-container-inner style-dynamic-722-c14-group style-2075-spacing style-local-722-c14-spacing\"><span class=\"h-button__outer style-2073-outer style-local-722-c15-outer d-inline-flex h-element\"><a h-use-smooth-scroll=\"true\" href=\"\"  data-colibri-id=\"722-c15\" class=\"d-flex w-100 align-items-center h-button justify-content-lg-center justify-content-md-center justify-content-center style-2073 style-local-722-c15 position-relative\"><!----><span  class=\"h-svg-icon h-button__icon style-2073-icon style-local-722-c15-icon\"><!--Icon by Font Awesome (https:\/\/fontawesome.com)-->\n    <svg version=\"1.1\" xmlns=\"http:\/\/www.w3.org\/2000\/svg\" xmlns:xlink=\"http:\/\/www.w3.org\/1999\/xlink\" id=\"user\" viewbox=\"0 0 1354.8114 1896.0833\">\n      <path d=\"M1280 1399q0 109-62.5 187t-150.5 78H213q-88 0-150.5-78T0 1399q0-85 8.5-160.5t31.5-152 58.5-131 94-89T327 832q131 128 313 128t313-128q76 0 134.5 34.5t94 89 58.5 131 31.5 152 8.5 160.5zm-256-887q0 159-112.5 271.5T640 896 368.5 783.5 256 512t112.5-271.5T640 128t271.5 112.5T1024 512z\"><\/path>\n    <\/svg><\/span> <span>Vieglatletika<\/span><\/a>\n                    <\/span>\n                  <\/div>\n                <\/div>\n              <\/div>\n            <\/div>\n          <\/div>\n        <\/div>\n      <\/div>\n    <\/div>\n  <\/div>\n  <div data-colibri-component=\"section\" data-colibri-id=\"722-c16\" id=\"custom\" class=\"h-section h-section-global-spacing d-flex align-items-lg-center align-items-md-center align-items-center style-3080 style-local-722-c16 position-relative\">\n    <!---->\n    <!---->\n    <div class=\"h-section-grid-container h-section-fluid-container\">\n      <!---->\n      <div data-colibri-id=\"722-c17\" class=\"h-row-container gutters-row-lg-1 gutters-row-md-1 gutters-row-0 gutters-row-v-lg-1 gutters-row-v-md-1 gutters-row-v-1 style-3081 style-local-722-c17 position-relative\">\n        <!---->\n        <div class=\"h-row justify-content-lg-start justify-content-md-start justify-content-start align-items-lg-stretch align-items-md-stretch align-items-stretch gutters-col-lg-1 gutters-col-md-1 gutters-col-0 gutters-col-v-lg-1 gutters-col-v-md-1 gutters-col-v-1\">\n          <!---->\n          <div class=\"h-column h-column-container d-flex h-col-lg-auto h-col-md-auto h-col-auto style-3082-outer style-local-722-c18-outer\">\n            <div data-colibri-id=\"722-c18\" class=\"d-flex h-flex-basis h-column__inner h-px-lg-0 h-px-md-0 h-px-0 v-inner-lg-0 v-inner-md-0 v-inner-0 style-3082 style-local-722-c18 position-relative\">\n              <!---->\n              <!---->\n              <div class=\"w-100 h-y-container h-column__content h-column__v-align flex-basis-100 align-self-lg-start align-self-md-start align-self-start\">\n                <!---->\n                <div data-colibri-id=\"722-c19\" class=\"h-x-container style-3083 style-local-722-c19 position-relative h-element\">\n                  <!---->\n                  <div class=\"h-x-container-inner style-dynamic-722-c19-group style-3083-spacing style-local-722-c19-spacing\"><span class=\"h-link__outer style-3084-outer style-local-722-c20-outer d-inline-flex h-element\"><a h-use-smooth-scroll=\"true\" href=\"https:\/\/pbjss.edu.lv\/wp-content\/uploads\/20240905_Parka_skrejiens_2024_6.xlsx\" target=\"_blank\"  data-colibri-id=\"722-c20\" class=\"d-flex w-100 align-items-center h-link style-3084 style-local-722-c20 position-relative\"><!----><!----> <span>Parka pusstundas skr\u0113jiens 2024 rezult\u0101ti (xlxs) <\/span><\/a>\n                    <\/span><span class=\"h-link__outer style-4839-outer style-local-722-c21-outer d-inline-flex h-element\"><a h-use-smooth-scroll=\"true\" href=\"https:\/\/pbjss.edu.lv\/wp-content\/uploads\/Parka_skrejiens_6_2025.xlsx\"  data-colibri-id=\"722-c21\" class=\"d-flex w-100 align-items-center h-link style-4839 style-local-722-c21 position-relative\"><!----><!----> <span>Parka pusstundas skr\u0113jiens 2025 rezult\u0101ti (xlxs) <\/span><\/a>\n                    <\/span>\n                  <\/div>\n                <\/div>\n              <\/div>\n            <\/div>\n          <\/div>\n        <\/div>\n      <\/div>\n    <\/div>\n  <\/div>\n<\/div>","protected":false},"excerpt":{"rendered":"<p>C\u012bru\u013cputenis MTB \u201cPrei\u013cupes l\u012bklo\u010di&#8221; Parka pusstundas skr\u0113jiens Vieglatletika Parka pusstundas skr\u0113jiens 2024 rezult\u0101ti (xlxs) Parka pusstundas skr\u0113jiens 2025 rezult\u0101ti (xlxs)<\/p>","protected":false},"author":2,"featured_media":0,"parent":0,"menu_order":0,"comment_status":"closed","ping_status":"closed","template":"page-templates\/full-width-page.php","meta":{"_acf_changed":false,"footnotes":""},"class_list":["post-722","page","type-page","status-publish","hentry"],"acf":[],"yoast_head":"<!-- This site is optimized with the Yoast SEO plugin v27.3 - https:\/\/yoast.com\/product\/yoast-seo-wordpress\/ -->\n<title>Rezult\u0101ti - Prei\u013cu novada b\u0113rnu un jaunie\u0161u sporta skola<\/title>\n<meta name=\"robots\" content=\"index, follow, max-snippet:-1, max-image-preview:large, max-video-preview:-1\" \/>\n<link rel=\"canonical\" href=\"https:\/\/pbjss.edu.lv\/en\/rezultati\/\" \/>\n<meta property=\"og:locale\" content=\"en_GB\" \/>\n<meta property=\"og:type\" content=\"article\" \/>\n<meta property=\"og:title\" content=\"Rezult\u0101ti - Prei\u013cu novada b\u0113rnu un jaunie\u0161u sporta skola\" \/>\n<meta property=\"og:description\" content=\"C\u012bru\u013cputenis MTB \u201cPrei\u013cupes l\u012bklo\u010di&#8221; Parka pusstundas skr\u0113jiens Vieglatletika Parka pusstundas skr\u0113jiens 2024 rezult\u0101ti (xlxs) Parka pusstundas skr\u0113jiens 2025 rezult\u0101ti (xlxs)\" \/>\n<meta property=\"og:url\" content=\"https:\/\/pbjss.edu.lv\/en\/rezultati\/\" \/>\n<meta property=\"og:site_name\" content=\"Prei\u013cu novada b\u0113rnu un jaunie\u0161u sporta skola\" \/>\n<meta property=\"article:publisher\" content=\"https:\/\/www.facebook.com\/pbjss\/?eid=ARAe9wQ7MGM0FQFTVX7QEebpfAfe5hv7HvoN-v1Jv13lgtTNi-DDzJx16PrauJn_wRTcN6k13xTyjf4n\" \/>\n<meta property=\"article:modified_time\" content=\"2025-09-04T19:44:31+00:00\" \/>\n<meta name=\"twitter:card\" content=\"summary_large_image\" \/>\n<meta name=\"twitter:label1\" content=\"Estimated reading time\" \/>\n\t<meta name=\"twitter:data1\" content=\"1 minute\" \/>\n<script type=\"application\/ld+json\" class=\"yoast-schema-graph\">{\"@context\":\"https:\\\/\\\/schema.org\",\"@graph\":[{\"@type\":\"WebPage\",\"@id\":\"https:\\\/\\\/pbjss.edu.lv\\\/rezultati\\\/\",\"url\":\"https:\\\/\\\/pbjss.edu.lv\\\/rezultati\\\/\",\"name\":\"Rezult\u0101ti - Prei\u013cu novada b\u0113rnu un jaunie\u0161u sporta skola\",\"isPartOf\":{\"@id\":\"https:\\\/\\\/pbjss.edu.lv\\\/#website\"},\"datePublished\":\"2017-03-20T15:55:01+00:00\",\"dateModified\":\"2025-09-04T19:44:31+00:00\",\"breadcrumb\":{\"@id\":\"https:\\\/\\\/pbjss.edu.lv\\\/rezultati\\\/#breadcrumb\"},\"inLanguage\":\"en-GB\",\"potentialAction\":[{\"@type\":\"ReadAction\",\"target\":[\"https:\\\/\\\/pbjss.edu.lv\\\/rezultati\\\/\"]}]},{\"@type\":\"BreadcrumbList\",\"@id\":\"https:\\\/\\\/pbjss.edu.lv\\\/rezultati\\\/#breadcrumb\",\"itemListElement\":[{\"@type\":\"ListItem\",\"position\":1,\"name\":\"Home\",\"item\":\"https:\\\/\\\/pbjss.edu.lv\\\/\"},{\"@type\":\"ListItem\",\"position\":2,\"name\":\"Rezult\u0101ti\"}]},{\"@type\":\"WebSite\",\"@id\":\"https:\\\/\\\/pbjss.edu.lv\\\/#website\",\"url\":\"https:\\\/\\\/pbjss.edu.lv\\\/\",\"name\":\"Prei\u013cu novada b\u0113rnu un jaunie\u0161u sporta skola\",\"description\":\"Augst\u0101k, t\u0101l\u0101k, stipr\u0101k!\",\"potentialAction\":[{\"@type\":\"SearchAction\",\"target\":{\"@type\":\"EntryPoint\",\"urlTemplate\":\"https:\\\/\\\/pbjss.edu.lv\\\/?s={search_term_string}\"},\"query-input\":{\"@type\":\"PropertyValueSpecification\",\"valueRequired\":true,\"valueName\":\"search_term_string\"}}],\"inLanguage\":\"en-GB\"}]}<\/script>\n<!-- \/ Yoast SEO plugin. -->","yoast_head_json":{"title":"Rezult\u0101ti - Prei\u013cu novada b\u0113rnu un jaunie\u0161u sporta skola","robots":{"index":"index","follow":"follow","max-snippet":"max-snippet:-1","max-image-preview":"max-image-preview:large","max-video-preview":"max-video-preview:-1"},"canonical":"https:\/\/pbjss.edu.lv\/en\/rezultati\/","og_locale":"en_GB","og_type":"article","og_title":"Rezult\u0101ti - Prei\u013cu novada b\u0113rnu un jaunie\u0161u sporta skola","og_description":"C\u012bru\u013cputenis MTB \u201cPrei\u013cupes l\u012bklo\u010di&#8221; Parka pusstundas skr\u0113jiens Vieglatletika Parka pusstundas skr\u0113jiens 2024 rezult\u0101ti (xlxs) Parka pusstundas skr\u0113jiens 2025 rezult\u0101ti (xlxs)","og_url":"https:\/\/pbjss.edu.lv\/en\/rezultati\/","og_site_name":"Prei\u013cu novada b\u0113rnu un jaunie\u0161u sporta skola","article_publisher":"https:\/\/www.facebook.com\/pbjss\/?eid=ARAe9wQ7MGM0FQFTVX7QEebpfAfe5hv7HvoN-v1Jv13lgtTNi-DDzJx16PrauJn_wRTcN6k13xTyjf4n","article_modified_time":"2025-09-04T19:44:31+00:00","twitter_card":"summary_large_image","twitter_misc":{"Estimated reading time":"1 minute"},"schema":{"@context":"https:\/\/schema.org","@graph":[{"@type":"WebPage","@id":"https:\/\/pbjss.edu.lv\/rezultati\/","url":"https:\/\/pbjss.edu.lv\/rezultati\/","name":"Rezult\u0101ti - Prei\u013cu novada b\u0113rnu un jaunie\u0161u sporta skola","isPartOf":{"@id":"https:\/\/pbjss.edu.lv\/#website"},"datePublished":"2017-03-20T15:55:01+00:00","dateModified":"2025-09-04T19:44:31+00:00","breadcrumb":{"@id":"https:\/\/pbjss.edu.lv\/rezultati\/#breadcrumb"},"inLanguage":"en-GB","potentialAction":[{"@type":"ReadAction","target":["https:\/\/pbjss.edu.lv\/rezultati\/"]}]},{"@type":"BreadcrumbList","@id":"https:\/\/pbjss.edu.lv\/rezultati\/#breadcrumb","itemListElement":[{"@type":"ListItem","position":1,"name":"Home","item":"https:\/\/pbjss.edu.lv\/"},{"@type":"ListItem","position":2,"name":"Rezult\u0101ti"}]},{"@type":"WebSite","@id":"https:\/\/pbjss.edu.lv\/#website","url":"https:\/\/pbjss.edu.lv\/","name":"Prei\u013cu novada b\u0113rnu un jaunie\u0161u sporta skola","description":"Augst\u0101k, t\u0101l\u0101k, stipr\u0101k!","potentialAction":[{"@type":"SearchAction","target":{"@type":"EntryPoint","urlTemplate":"https:\/\/pbjss.edu.lv\/?s={search_term_string}"},"query-input":{"@type":"PropertyValueSpecification","valueRequired":true,"valueName":"search_term_string"}}],"inLanguage":"en-GB"}]}},"_links":{"self":[{"href":"https:\/\/pbjss.edu.lv\/en\/wp-json\/wp\/v2\/pages\/722","targetHints":{"allow":["GET"]}}],"collection":[{"href":"https:\/\/pbjss.edu.lv\/en\/wp-json\/wp\/v2\/pages"}],"about":[{"href":"https:\/\/pbjss.edu.lv\/en\/wp-json\/wp\/v2\/types\/page"}],"author":[{"embeddable":true,"href":"https:\/\/pbjss.edu.lv\/en\/wp-json\/wp\/v2\/users\/2"}],"replies":[{"embeddable":true,"href":"https:\/\/pbjss.edu.lv\/en\/wp-json\/wp\/v2\/comments?post=722"}],"version-history":[{"count":19,"href":"https:\/\/pbjss.edu.lv\/en\/wp-json\/wp\/v2\/pages\/722\/revisions"}],"predecessor-version":[{"id":34298,"href":"https:\/\/pbjss.edu.lv\/en\/wp-json\/wp\/v2\/pages\/722\/revisions\/34298"}],"wp:attachment":[{"href":"https:\/\/pbjss.edu.lv\/en\/wp-json\/wp\/v2\/media?parent=722"}],"curies":[{"name":"wp","href":"https:\/\/api.w.org\/{rel}","templated":true}]}}