{"id":715,"date":"2017-03-20T17:47:09","date_gmt":"2017-03-20T15:47:09","guid":{"rendered":"http:\/\/pbjss.edu.lv\/?page_id=715"},"modified":"2019-09-04T17:44:35","modified_gmt":"2019-09-04T14:44:35","slug":"rezultati-vieglatletika","status":"publish","type":"page","link":"https:\/\/pbjss.edu.lv\/en\/rezultati-vieglatletika\/","title":{"rendered":"Rezult\u0101ti vieglatl\u0113tik\u0101"},"content":{"rendered":"<ul>\n<li><a href=\"http:\/\/pbjss.edu.lv\/wp-content\/uploads\/20170916_Varkavas_novada_atklatais_cempionats_vieglatletikaa.xlsx\" target=\"_blank\" rel=\"noopener noreferrer\">V\u0101rkavas novada atkl\u0101tais \u010dempion\u0101ts vieglatl\u0113tik\u0101 (16.09.2017) (xlsx)<\/a><\/li>\n<li><a href=\"http:\/\/pbjss.edu.lv\/wp-content\/uploads\/20170715_Preilu_novada_vieglatletikas_cempionats.xlsx\" target=\"_blank\" rel=\"noopener noreferrer\">Prei\u013cu novada \u010dempion\u0101ts vieglatl\u0113tik\u0101 (15.07.2017.) (xls)<\/a><\/li>\n<li><a href=\"http:\/\/pbjss.edu.lv\/wp-content\/uploads\/20170607_Latvijas_cempionats_U14.xlsx\" target=\"_blank\" rel=\"noopener noreferrer\">Latvijas \u010dempion\u0101ts 2017 U14 vecuma grupai (07.06.2017) (xls)<\/a><\/li>\n<li><a href=\"http:\/\/pbjss.edu.lv\/wp-content\/uploads\/20170610_Prezidenta_kauss_Valmiera.xlsx\" target=\"_blank\" rel=\"noopener noreferrer\">Prezidenta kauss vieglatl\u0113tik\u0101 Valmier\u0101 (10.06.2017) (xls)<\/a><\/li>\n<li><a href=\"http:\/\/pbjss.edu.lv\/wp-content\/uploads\/Pavasara_krosa-stafetes_rezultati_2017.xlsx\" target=\"_blank\" rel=\"noopener noreferrer\">Latvijas skol\u0113nu 70. spartaki\u0101des vieglatl\u0113tikas pavasara krosa stafet\u0113s (xlsx)<\/a><\/li>\n<li><a href=\"http:\/\/pbjss.edu.lv\/wp-content\/uploads\/Starpnovadu_vieglatletika_kopvertejums_2017.xls\" target=\"_blank\" rel=\"noopener noreferrer\">Starpnovadu vieglatl\u0113tikas kopv\u0113rt\u0113jums 2017 (xlsx)<\/a><\/li>\n<li><a href=\"http:\/\/pbjss.edu.lv\/wp-content\/uploads\/20170422_LC_solosana_Ogre.xlsx\" target=\"_blank\" rel=\"noopener noreferrer\">Latvijas \u010dempion\u0101ts sporta so\u013co\u0161an\u0101 2017 (22.04.2017) (xlsx)<\/a><\/li>\n<li><a href=\"http:\/\/pbjss.edu.lv\/wp-content\/uploads\/20170318_Preilu_novada_cempionats_jaunatnei_pieaugusiem.xlsx\" target=\"_blank\" rel=\"noopener noreferrer\">Prei\u013cu novada \u010dempion\u0101ts vieglatl\u0113tik\u0101 telp\u0101s pieaugu\u0161iem un jaunatnei (18.03.2017) (xlsx)<\/a><\/li>\n<li><a href=\"http:\/\/pbjss.edu.lv\/wp-content\/uploads\/20170225_Latvijas_cempionats_U_16.xlsx\" target=\"_blank\" rel=\"noopener noreferrer\">Latvijas \u010dempion\u0101ts telp\u0101s U16 vecuma grupai (24.-25.02.2017) (xlsx)<\/a><\/li>\n<li><a href=\"http:\/\/pbjss.edu.lv\/wp-content\/uploads\/20170210_Rigas_cempionats_junioriem_un_pieaugusiem_Riga.xlsx\" target=\"_blank\" rel=\"noopener noreferrer\">R\u012bgas atkl\u0101tais \u010dempion\u0101ts un junioru meistarsac\u012bkstes vieglatl\u0113tik\u0101 telp\u0101s (10.02.2017) (xlsx)<\/a><\/li>\n<li><a href=\"http:\/\/pbjss.edu.lv\/wp-content\/uploads\/20170205_Latvijas_cempionats_U_18_Kuldiga.xlsx\" target=\"_blank\" rel=\"noopener noreferrer\">Latvijas \u010dempion\u0101ts telp\u0101s U20 un U18 vecuma grup\u0101m (04.-05.02.2017) (xlsx)<\/a><\/li>\n<li><a href=\"http:\/\/pbjss.edu.lv\/wp-content\/uploads\/20170128_Rigas_jaunatnes_cempionats_vieglatletika.xlsx\" target=\"_blank\" rel=\"noopener noreferrer\">R\u012bgas atkl\u0101t\u0101s jaunatnes meistarsac\u012bkstes vieglatl\u0113tik\u0101 telp\u0101s (28.-29.01.2017) (xlsx)<\/a><\/li>\n<li><a href=\"http:\/\/pbjss.edu.lv\/wp-content\/uploads\/20170108_Latvijas_cempionats_solosana.xlsx\" target=\"_blank\" rel=\"noopener noreferrer\">Latvijas \u010dempion\u0101ts so\u013co\u0161an\u0101 telp\u0101s 2017 (08.01.2017) (xlsx)<\/a><\/li>\n<li><a href=\"http:\/\/pbjss.edu.lv\/wp-content\/uploads\/20170107_Jekabpils_atklatas_ziemas_sacensibas_vieglatletikaa.xlsx\" target=\"_blank\" rel=\"noopener noreferrer\">J\u0113kabpils atkl\u0101t\u0101s ziemas sacens\u012bbas vieglatl\u0113tik\u0101 &#8220;DAUGAVA 2017&#8221; (2017.01.07) (xlsx)<\/a><\/li>\n<\/ul>\n<p>&nbsp;<\/p>","protected":false},"excerpt":{"rendered":"<p>V\u0101rkavas novada atkl\u0101tais \u010dempion\u0101ts vieglatl\u0113tik\u0101 (16.09.2017) (xlsx) Prei\u013cu novada \u010dempion\u0101ts vieglatl\u0113tik\u0101 (15.07.2017.) (xls) Latvijas \u010dempion\u0101ts 2017 U14 vecuma grupai (07.06.2017) (xls) Prezidenta kauss vieglatl\u0113tik\u0101 Valmier\u0101 (10.06.2017) (xls) Latvijas skol\u0113nu 70. [&hellip;]<\/p>\n","protected":false},"author":2,"featured_media":0,"parent":0,"menu_order":0,"comment_status":"closed","ping_status":"closed","template":"","meta":{"_acf_changed":false,"footnotes":""},"class_list":["post-715","page","type-page","status-publish","hentry"],"acf":[],"yoast_head":"<!-- This site is optimized with the Yoast SEO plugin v27.4 - https:\/\/yoast.com\/product\/yoast-seo-wordpress\/ -->\n<title>Rezult\u0101ti vieglatl\u0113tik\u0101 - Prei\u013cu novada b\u0113rnu un jaunie\u0161u sporta skola<\/title>\n<meta name=\"robots\" content=\"index, follow, max-snippet:-1, max-image-preview:large, max-video-preview:-1\" \/>\n<link rel=\"canonical\" href=\"https:\/\/pbjss.edu.lv\/en\/rezultati-vieglatletika\/\" \/>\n<meta property=\"og:locale\" content=\"en_GB\" \/>\n<meta property=\"og:type\" content=\"article\" \/>\n<meta property=\"og:title\" content=\"Rezult\u0101ti vieglatl\u0113tik\u0101 - Prei\u013cu novada b\u0113rnu un jaunie\u0161u sporta skola\" \/>\n<meta property=\"og:description\" content=\"V\u0101rkavas novada atkl\u0101tais \u010dempion\u0101ts vieglatl\u0113tik\u0101 (16.09.2017) (xlsx) Prei\u013cu novada \u010dempion\u0101ts vieglatl\u0113tik\u0101 (15.07.2017.) (xls) Latvijas \u010dempion\u0101ts 2017 U14 vecuma grupai (07.06.2017) (xls) Prezidenta kauss vieglatl\u0113tik\u0101 Valmier\u0101 (10.06.2017) (xls) Latvijas skol\u0113nu 70. [&hellip;]\" \/>\n<meta property=\"og:url\" content=\"https:\/\/pbjss.edu.lv\/en\/rezultati-vieglatletika\/\" \/>\n<meta property=\"og:site_name\" content=\"Prei\u013cu novada b\u0113rnu un jaunie\u0161u sporta skola\" \/>\n<meta property=\"article:publisher\" content=\"https:\/\/www.facebook.com\/pbjss\/?eid=ARAe9wQ7MGM0FQFTVX7QEebpfAfe5hv7HvoN-v1Jv13lgtTNi-DDzJx16PrauJn_wRTcN6k13xTyjf4n\" \/>\n<meta property=\"article:modified_time\" content=\"2019-09-04T14:44:35+00:00\" \/>\n<meta name=\"twitter:card\" content=\"summary_large_image\" \/>\n<meta name=\"twitter:label1\" content=\"Estimated reading time\" \/>\n\t<meta name=\"twitter:data1\" content=\"1 minute\" \/>\n<script type=\"application\/ld+json\" class=\"yoast-schema-graph\">{\"@context\":\"https:\\\/\\\/schema.org\",\"@graph\":[{\"@type\":\"WebPage\",\"@id\":\"https:\\\/\\\/pbjss.edu.lv\\\/rezultati-vieglatletika\\\/\",\"url\":\"https:\\\/\\\/pbjss.edu.lv\\\/rezultati-vieglatletika\\\/\",\"name\":\"Rezult\u0101ti vieglatl\u0113tik\u0101 - Prei\u013cu novada b\u0113rnu un jaunie\u0161u sporta skola\",\"isPartOf\":{\"@id\":\"https:\\\/\\\/pbjss.edu.lv\\\/#website\"},\"datePublished\":\"2017-03-20T15:47:09+00:00\",\"dateModified\":\"2019-09-04T14:44:35+00:00\",\"breadcrumb\":{\"@id\":\"https:\\\/\\\/pbjss.edu.lv\\\/rezultati-vieglatletika\\\/#breadcrumb\"},\"inLanguage\":\"en-GB\",\"potentialAction\":[{\"@type\":\"ReadAction\",\"target\":[\"https:\\\/\\\/pbjss.edu.lv\\\/rezultati-vieglatletika\\\/\"]}]},{\"@type\":\"BreadcrumbList\",\"@id\":\"https:\\\/\\\/pbjss.edu.lv\\\/rezultati-vieglatletika\\\/#breadcrumb\",\"itemListElement\":[{\"@type\":\"ListItem\",\"position\":1,\"name\":\"Home\",\"item\":\"https:\\\/\\\/pbjss.edu.lv\\\/\"},{\"@type\":\"ListItem\",\"position\":2,\"name\":\"Rezult\u0101ti vieglatl\u0113tik\u0101\"}]},{\"@type\":\"WebSite\",\"@id\":\"https:\\\/\\\/pbjss.edu.lv\\\/#website\",\"url\":\"https:\\\/\\\/pbjss.edu.lv\\\/\",\"name\":\"Prei\u013cu novada b\u0113rnu un jaunie\u0161u sporta skola\",\"description\":\"Augst\u0101k, t\u0101l\u0101k, stipr\u0101k!\",\"potentialAction\":[{\"@type\":\"SearchAction\",\"target\":{\"@type\":\"EntryPoint\",\"urlTemplate\":\"https:\\\/\\\/pbjss.edu.lv\\\/?s={search_term_string}\"},\"query-input\":{\"@type\":\"PropertyValueSpecification\",\"valueRequired\":true,\"valueName\":\"search_term_string\"}}],\"inLanguage\":\"en-GB\"}]}<\/script>\n<!-- \/ Yoast SEO plugin. -->","yoast_head_json":{"title":"Rezult\u0101ti vieglatl\u0113tik\u0101 - Prei\u013cu novada b\u0113rnu un jaunie\u0161u sporta skola","robots":{"index":"index","follow":"follow","max-snippet":"max-snippet:-1","max-image-preview":"max-image-preview:large","max-video-preview":"max-video-preview:-1"},"canonical":"https:\/\/pbjss.edu.lv\/en\/rezultati-vieglatletika\/","og_locale":"en_GB","og_type":"article","og_title":"Rezult\u0101ti vieglatl\u0113tik\u0101 - Prei\u013cu novada b\u0113rnu un jaunie\u0161u sporta skola","og_description":"V\u0101rkavas novada atkl\u0101tais \u010dempion\u0101ts vieglatl\u0113tik\u0101 (16.09.2017) (xlsx) Prei\u013cu novada \u010dempion\u0101ts vieglatl\u0113tik\u0101 (15.07.2017.) (xls) Latvijas \u010dempion\u0101ts 2017 U14 vecuma grupai (07.06.2017) (xls) Prezidenta kauss vieglatl\u0113tik\u0101 Valmier\u0101 (10.06.2017) (xls) Latvijas skol\u0113nu 70. [&hellip;]","og_url":"https:\/\/pbjss.edu.lv\/en\/rezultati-vieglatletika\/","og_site_name":"Prei\u013cu novada b\u0113rnu un jaunie\u0161u sporta skola","article_publisher":"https:\/\/www.facebook.com\/pbjss\/?eid=ARAe9wQ7MGM0FQFTVX7QEebpfAfe5hv7HvoN-v1Jv13lgtTNi-DDzJx16PrauJn_wRTcN6k13xTyjf4n","article_modified_time":"2019-09-04T14:44:35+00:00","twitter_card":"summary_large_image","twitter_misc":{"Estimated reading time":"1 minute"},"schema":{"@context":"https:\/\/schema.org","@graph":[{"@type":"WebPage","@id":"https:\/\/pbjss.edu.lv\/rezultati-vieglatletika\/","url":"https:\/\/pbjss.edu.lv\/rezultati-vieglatletika\/","name":"Rezult\u0101ti vieglatl\u0113tik\u0101 - Prei\u013cu novada b\u0113rnu un jaunie\u0161u sporta skola","isPartOf":{"@id":"https:\/\/pbjss.edu.lv\/#website"},"datePublished":"2017-03-20T15:47:09+00:00","dateModified":"2019-09-04T14:44:35+00:00","breadcrumb":{"@id":"https:\/\/pbjss.edu.lv\/rezultati-vieglatletika\/#breadcrumb"},"inLanguage":"en-GB","potentialAction":[{"@type":"ReadAction","target":["https:\/\/pbjss.edu.lv\/rezultati-vieglatletika\/"]}]},{"@type":"BreadcrumbList","@id":"https:\/\/pbjss.edu.lv\/rezultati-vieglatletika\/#breadcrumb","itemListElement":[{"@type":"ListItem","position":1,"name":"Home","item":"https:\/\/pbjss.edu.lv\/"},{"@type":"ListItem","position":2,"name":"Rezult\u0101ti vieglatl\u0113tik\u0101"}]},{"@type":"WebSite","@id":"https:\/\/pbjss.edu.lv\/#website","url":"https:\/\/pbjss.edu.lv\/","name":"Prei\u013cu novada b\u0113rnu un jaunie\u0161u sporta skola","description":"Augst\u0101k, t\u0101l\u0101k, stipr\u0101k!","potentialAction":[{"@type":"SearchAction","target":{"@type":"EntryPoint","urlTemplate":"https:\/\/pbjss.edu.lv\/?s={search_term_string}"},"query-input":{"@type":"PropertyValueSpecification","valueRequired":true,"valueName":"search_term_string"}}],"inLanguage":"en-GB"}]}},"_links":{"self":[{"href":"https:\/\/pbjss.edu.lv\/en\/wp-json\/wp\/v2\/pages\/715","targetHints":{"allow":["GET"]}}],"collection":[{"href":"https:\/\/pbjss.edu.lv\/en\/wp-json\/wp\/v2\/pages"}],"about":[{"href":"https:\/\/pbjss.edu.lv\/en\/wp-json\/wp\/v2\/types\/page"}],"author":[{"embeddable":true,"href":"https:\/\/pbjss.edu.lv\/en\/wp-json\/wp\/v2\/users\/2"}],"replies":[{"embeddable":true,"href":"https:\/\/pbjss.edu.lv\/en\/wp-json\/wp\/v2\/comments?post=715"}],"version-history":[{"count":41,"href":"https:\/\/pbjss.edu.lv\/en\/wp-json\/wp\/v2\/pages\/715\/revisions"}],"predecessor-version":[{"id":4739,"href":"https:\/\/pbjss.edu.lv\/en\/wp-json\/wp\/v2\/pages\/715\/revisions\/4739"}],"wp:attachment":[{"href":"https:\/\/pbjss.edu.lv\/en\/wp-json\/wp\/v2\/media?parent=715"}],"curies":[{"name":"wp","href":"https:\/\/api.w.org\/{rel}","templated":true}]}}