{"id":49,"date":"2016-12-22T16:11:24","date_gmt":"2016-12-22T14:11:24","guid":{"rendered":"http:\/\/sportaskolawp.preiluvakvsk.lv\/?page_id=49"},"modified":"2024-11-01T21:55:02","modified_gmt":"2024-11-01T19:55:02","slug":"maksas-pakalpojumi","status":"publish","type":"page","link":"https:\/\/pbjss.edu.lv\/en\/maksas-pakalpojumi\/","title":{"rendered":"Maksas pakalpojumi"},"content":{"rendered":"<div data-colibri-id=\"49-c1\" class=\"style-4767 style-local-49-c1 position-relative\">\n  <!---->\n  <div data-colibri-component=\"section\" data-colibri-id=\"49-c6\" id=\"reusable-sections\" class=\"h-section h-section-global-spacing d-flex align-items-lg-center align-items-md-center align-items-center style-4772 style-local-49-c6 position-relative\">\n    <!---->\n    <!---->\n    <div class=\"h-section-grid-container h-section-fluid-container\">\n      <!---->\n      <div data-colibri-id=\"49-c7\" class=\"h-row-container gutters-row-lg-1 gutters-row-md-1 gutters-row-0 gutters-row-v-lg-1 gutters-row-v-md-1 gutters-row-v-1 style-4773 style-local-49-c7 position-relative\">\n        <!---->\n        <div class=\"h-row justify-content-lg-center justify-content-md-center justify-content-center align-items-lg-stretch align-items-md-stretch align-items-stretch gutters-col-lg-1 gutters-col-md-1 gutters-col-0 gutters-col-v-lg-1 gutters-col-v-md-1 gutters-col-v-1\">\n          <!---->\n          <div class=\"h-column h-column-container d-flex h-col-lg h-col-md-auto h-col-auto style-4774-outer style-local-49-c8-outer\">\n            <div data-colibri-id=\"49-c8\" class=\"d-flex h-flex-basis h-column__inner h-px-lg-1 h-px-md-1 h-px-1 v-inner-lg-1 v-inner-md-1 v-inner-1 style-4774 style-local-49-c8 position-relative\">\n              <!---->\n              <!---->\n              <div class=\"w-100 h-y-container h-column__content h-column__v-align flex-basis-100 align-self-lg-start align-self-md-start align-self-start\">\n                <!---->\n                <div data-colibri-id=\"49-c9\" class=\"h-x-container style-4775 style-local-49-c9 position-relative h-element\">\n                  <!---->\n                  <div class=\"h-x-container-inner style-dynamic-49-c9-group style-4775-spacing style-local-49-c9-spacing\"><span class=\"h-button__outer style-4776-outer style-local-49-c10-outer d-inline-flex h-element\"><a h-use-smooth-scroll=\"true\" href=\"https:\/\/pbjss.edu.lv\/en\/par-mums\/kontakti\/\"  data-colibri-id=\"49-c10\" class=\"d-flex w-100 align-items-center h-button justify-content-lg-center justify-content-md-center justify-content-center style-4776 style-local-49-c10 position-relative\"><!----><span  class=\"h-svg-icon h-button__icon style-4776-icon style-local-49-c10-icon\"><!--Icon by Font Awesome (https:\/\/fontawesome.com)-->\n    <svg version=\"1.1\" xmlns=\"http:\/\/www.w3.org\/2000\/svg\" xmlns:xlink=\"http:\/\/www.w3.org\/1999\/xlink\" id=\"envelope-o\" viewbox=\"0 0 1792 1896.0833\">\n      <path d=\"M1664 1504V736q-32 36-69 66-268 206-426 338-51 43-83 67t-86.5 48.5T897 1280h-2q-48 0-102.5-24.5T706 1207t-83-67q-158-132-426-338-37-30-69-66v768q0 13 9.5 22.5t22.5 9.5h1472q13 0 22.5-9.5t9.5-22.5zm0-1051v-24.5l-.5-13-3-12.5-5.5-9-9-7.5-14-2.5H160q-13 0-22.5 9.5T128 416q0 168 147 284 193 152 401 317 6 5 35 29.5t46 37.5 44.5 31.5T852 1143t43 9h2q20 0 43-9t50.5-27.5 44.5-31.5 46-37.5 35-29.5q208-165 401-317 54-43 100.5-115.5T1664 453zm128-37v1088q0 66-47 113t-113 47H160q-66 0-113-47T0 1504V416q0-66 47-113t113-47h1472q66 0 113 47t47 113z\"><\/path>\n    <\/svg><\/span> <span>Kontakti<\/span><\/a>\n                    <\/span>\n                  <\/div>\n                <\/div>\n              <\/div>\n            <\/div>\n          <\/div>\n          <div class=\"h-column h-column-container d-flex h-col-lg h-col-md-auto h-col-auto style-4777-outer style-local-49-c11-outer\">\n            <div data-colibri-id=\"49-c11\" class=\"d-flex h-flex-basis h-column__inner h-px-lg-1 h-px-md-1 h-px-1 v-inner-lg-1 v-inner-md-1 v-inner-1 style-4777 style-local-49-c11 position-relative\">\n              <!---->\n              <!---->\n              <div class=\"w-100 h-y-container h-column__content h-column__v-align flex-basis-100 align-self-lg-start align-self-md-start align-self-start\">\n                <!---->\n                <div data-colibri-id=\"49-c12\" class=\"h-x-container style-4778 style-local-49-c12 position-relative h-element\">\n                  <!---->\n                  <div class=\"h-x-container-inner style-dynamic-49-c12-group style-4778-spacing style-local-49-c12-spacing\"><span class=\"h-button__outer style-4776-outer style-local-49-c13-outer d-inline-flex h-element\"><a h-use-smooth-scroll=\"true\" href=\"https:\/\/pbjss.edu.lv\/en\/par-mums\/vesture\/\"  data-colibri-id=\"49-c13\" class=\"d-flex w-100 align-items-center h-button justify-content-lg-center justify-content-md-center justify-content-center style-4776 style-local-49-c13 position-relative\"><!----><span  class=\"h-svg-icon h-button__icon style-4776-icon style-local-49-c13-icon\"><!--Icon by Font Awesome (https:\/\/fontawesome.com)-->\n    <svg version=\"1.1\" xmlns=\"http:\/\/www.w3.org\/2000\/svg\" xmlns:xlink=\"http:\/\/www.w3.org\/1999\/xlink\" id=\"book\" viewbox=\"0 0 1664 1896.0833\">\n      <path d=\"M1639 478q40 57 18 129l-275 906q-19 64-76.5 107.5T1183 1664H260q-77 0-148.5-53.5T12 1479q-24-67-2-127 0-4 3-27t4-37q1-8-3-21.5t-3-19.5q2-11 8-21t16.5-23.5T52 1179q23-38 45-91.5t30-91.5q3-10 .5-30t-.5-28q3-11 17-28t17-23q21-36 42-92t25-90q1-9-2.5-32t.5-28q4-13 22-30.5t22-22.5q19-26 42.5-84.5T340 411q1-8-3-25.5t-2-26.5q2-8 9-18t18-23 17-21q8-12 16.5-30.5t15-35 16-36 19.5-32 26.5-23.5 36-11.5T556 134l-1 3q38-9 51-9h761q74 0 114 56t18 130l-274 906q-36 119-71.5 153.5T1025 1408H156q-27 0-38 15-11 16-1 43 24 70 144 70h923q29 0 56-15.5t35-41.5l300-987q7-22 5-57 38 15 59 43zm-1064 2q-4 13 2 22.5t20 9.5h608q13 0 25.5-9.5T1247 480l21-64q4-13-2-22.5t-20-9.5H638q-13 0-25.5 9.5T596 416zm-83 256q-4 13 2 22.5t20 9.5h608q13 0 25.5-9.5T1164 736l21-64q4-13-2-22.5t-20-9.5H555q-13 0-25.5 9.5T513 672z\"><\/path>\n    <\/svg><\/span> <span>V\u0113sture<\/span><\/a>\n                    <\/span>\n                  <\/div>\n                <\/div>\n              <\/div>\n            <\/div>\n          <\/div>\n          <div class=\"h-column h-column-container d-flex h-col-lg h-col-md-auto h-col-auto style-4777-outer style-local-49-c14-outer\">\n            <div data-colibri-id=\"49-c14\" class=\"d-flex h-flex-basis h-column__inner h-px-lg-1 h-px-md-1 h-px-1 v-inner-lg-1 v-inner-md-1 v-inner-1 style-4777 style-local-49-c14 position-relative\">\n              <!---->\n              <!---->\n              <div class=\"w-100 h-y-container h-column__content h-column__v-align flex-basis-100 align-self-lg-start align-self-md-start align-self-start\">\n                <!---->\n                <div data-colibri-id=\"49-c15\" class=\"h-x-container style-4778 style-local-49-c15 position-relative h-element\">\n                  <!---->\n                  <div class=\"h-x-container-inner style-dynamic-49-c15-group style-4778-spacing style-local-49-c15-spacing\"><span class=\"h-button__outer style-4776-outer style-local-49-c16-outer d-inline-flex h-element\"><a h-use-smooth-scroll=\"true\" href=\"https:\/\/pbjss.edu.lv\/en\/par-mums\/teneri\/\"  data-colibri-id=\"49-c16\" class=\"d-flex w-100 align-items-center h-button justify-content-lg-center justify-content-md-center justify-content-center style-4776 style-local-49-c16 position-relative\"><!----><span  class=\"h-svg-icon h-button__icon style-4776-icon style-local-49-c16-icon\"><!--Icon by Font Awesome (https:\/\/fontawesome.com)-->\n    <svg version=\"1.1\" xmlns=\"http:\/\/www.w3.org\/2000\/svg\" xmlns:xlink=\"http:\/\/www.w3.org\/1999\/xlink\" id=\"user\" viewbox=\"0 0 1354.8114 1896.0833\">\n      <path d=\"M1280 1399q0 109-62.5 187t-150.5 78H213q-88 0-150.5-78T0 1399q0-85 8.5-160.5t31.5-152 58.5-131 94-89T327 832q131 128 313 128t313-128q76 0 134.5 34.5t94 89 58.5 131 31.5 152 8.5 160.5zm-256-887q0 159-112.5 271.5T640 896 368.5 783.5 256 512t112.5-271.5T640 128t271.5 112.5T1024 512z\"><\/path>\n    <\/svg><\/span> <span>Treneri<\/span><\/a>\n                    <\/span>\n                  <\/div>\n                <\/div>\n              <\/div>\n            <\/div>\n          <\/div>\n          <div class=\"h-column h-column-container d-flex h-col-lg h-col-md-auto h-col-auto style-4777-outer style-local-49-c17-outer\">\n            <div data-colibri-id=\"49-c17\" class=\"d-flex h-flex-basis h-column__inner h-px-lg-1 h-px-md-1 h-px-1 v-inner-lg-1 v-inner-md-1 v-inner-1 style-4777 style-local-49-c17 position-relative\">\n              <!---->\n              <!---->\n              <div class=\"w-100 h-y-container h-column__content h-column__v-align flex-basis-100 align-self-lg-start align-self-md-start align-self-start\">\n                <!---->\n                <div data-colibri-id=\"49-c18\" class=\"h-x-container style-4778 style-local-49-c18 position-relative h-element\">\n                  <!---->\n                  <div class=\"h-x-container-inner style-dynamic-49-c18-group style-4778-spacing style-local-49-c18-spacing\"><span class=\"h-button__outer style-4776-outer style-local-49-c19-outer d-inline-flex h-element\"><a h-use-smooth-scroll=\"true\" href=\"https:\/\/pbjss.edu.lv\/en\/par-mums\/preilu-novada-bernu-un-jauniesu-sporta-skolas-parlaments\/\"  data-colibri-id=\"49-c19\" class=\"d-flex w-100 align-items-center h-button justify-content-lg-center justify-content-md-center justify-content-center style-4776 style-local-49-c19 position-relative\"><!----><span  class=\"h-svg-icon h-button__icon style-4776-icon style-local-49-c19-icon\"><!--Icon by Ionicons (https:\/\/ionicons.com)--><svg version=\"1.1\" xmlns=\"http:\/\/www.w3.org\/2000\/svg\" xmlns:xlink=\"http:\/\/www.w3.org\/1999\/xlink\" id=\"ios-people\" viewbox=\"0 0 448 512\"><path d=\"M317 335c11 4-11-4 0 0zm0 0c28 10 46 35 46 65H85c0-22 9-42 27-55 15-11 31-12 49-16 7-1 24-5 26-13s1-15 1-23c0-3 0-3-2-5-4-4-6-9-8-14-2-8-3-16-4-24-9 2-10-16-12-21-1-4-7-24 3-21-3-5-4-13-5-19-2-13-2-26 3-39 10-26 37-39 64-38 26 1 51 16 59 42 4 12 3 26 1 39-1 5-2 11-4 15 10-3 4 20 3 23-2 5-3 21-12 19-1 10-2 22-7 31-1 2-7 8-7 10v11c0 5 0 10 2 15s10 7 14 8c14 5 27 5 41 10zm-206-13h2-2zm0 0c-9 5-17 11-24 19-1 2-6 11-7 11H0c0-20 12-34 30-40 6-2 27-4 30-11 2-5 1-11 1-16-10 1-24-1-32-7-2-2 3-9 4-12 1-4 2-7 3-11 1-9 1-19 1-28 0-16-1-35 8-49 8-13 23-18 38-18 24 0 43 13 47 37 3 16 1 32 2 48 0 8 2 16 5 24 1 2 5 7 3 9l-6 3c-5 2-11 3-17 4-1 0-8 0-9 1s0 9 0 11c0 4 1 6 5 7 6 2 19 3 23 8 2 3 1 5-2 5-7 1-14 2-21 5 2-1 2-2-1 0-8 4-4 2-1 0zm306-10c18 6 31 20 31 40h-80c-2-8-10-14-16-19-8-6-18-13-28-15-3-1-16 1-13-5 2-4 9-5 13-6s15-2 16-7c0-1 1-14 0-14-6 0-12-1-18-2-4-1-7-2-11-4-6-3-2-6 0-11 14-32-10-88 32-105 15-6 34-5 48 3 15 9 20 27 20 44 0 20-4 44 7 62 2 3 4 4 0 6-2 1-4 1-6 2l-12 3s-9 1-13 1c0 4-2 13 1 17 6 7 21 7 29 10z\"><\/path><\/svg><\/span>                    <span>Skolas parlaments<\/span><\/a>\n                    <\/span>\n                  <\/div>\n                <\/div>\n              <\/div>\n            <\/div>\n          <\/div>\n          <div class=\"h-column h-column-container d-flex h-col-lg h-col-md-auto h-col-auto style-4777-outer style-local-49-c20-outer\">\n            <div data-colibri-id=\"49-c20\" class=\"d-flex h-flex-basis h-column__inner h-px-lg-1 h-px-md-1 h-px-1 v-inner-lg-1 v-inner-md-1 v-inner-1 style-4777 style-local-49-c20 position-relative\">\n              <!---->\n              <!---->\n              <div class=\"w-100 h-y-container h-column__content h-column__v-align flex-basis-100 align-self-lg-start align-self-md-start align-self-start\">\n                <!---->\n                <div data-colibri-id=\"49-c21\" class=\"h-x-container style-4778 style-local-49-c21 position-relative h-element\">\n                  <!---->\n                  <div class=\"h-x-container-inner style-dynamic-49-c21-group style-4778-spacing style-local-49-c21-spacing\"><span class=\"h-button__outer style-4776-outer style-local-49-c22-outer d-inline-flex h-element\"><a h-use-smooth-scroll=\"true\" href=\"https:\/\/pbjss.edu.lv\/en\/maksas-pakalpojumi\/\"  data-colibri-id=\"49-c22\" class=\"d-flex w-100 align-items-center h-button justify-content-lg-center justify-content-md-center justify-content-center style-4776 style-local-49-c22 position-relative\"><!----><span  class=\"h-svg-icon h-button__icon style-4776-icon style-local-49-c22-icon\"><!--Icon by Simple Line Icons (https:\/\/github.com\/thesabbir\/simple-line-icons)--><svg version=\"1.1\" xmlns=\"http:\/\/www.w3.org\/2000\/svg\" xmlns:xlink=\"http:\/\/www.w3.org\/1999\/xlink\" id=\"wallet\" viewbox=\"0 0 512.232 514.032\"><path d=\"M511.944 146.256c.232-11.832-2.952-39.424-38.92-49.032l-357.88-71.968-3.328-.344c-26.472 0-48 21.528-48 48v64.352l-16-.04C21.44 137.336 0 158.8 0 185.208v255.904c0 26.472 21.528 48 48 48h416.232c26.472 0 48-21.528 48-48l-.288-294.856zM95.816 72.912c0-8.36 6.44-15.232 14.608-15.936l353 71.44c.128.064-2.624 8.968-15.44 8.8H95.816V72.912zM480.24 441.12c0 8.832-7.168 16-16 16H48c-8.832 0-16-7.168-16-16V185.208c0-8.832 7.168-16 16-16h400.032c15.704 0 32.2-5.352 32.2-15.944V441.12zM96.032 281.264c-17.672 0-32 14.328-32 32s14.328 32 32 32 32-14.328 32-32-14.328-32-32-32z\"><\/path><\/svg><\/span>                    <span>Maksas pakalpojumi<\/span><\/a>\n                    <\/span>\n                  <\/div>\n                <\/div>\n              <\/div>\n            <\/div>\n          <\/div>\n        <\/div>\n      <\/div>\n    <\/div>\n  <\/div>\n  <div data-colibri-component=\"section\" data-colibri-id=\"49-c2\" id=\"initial-content\" class=\"h-section h-section-global-spacing d-flex align-items-lg-center align-items-md-center align-items-center style-4768 style-local-49-c2 position-relative\">\n    <!---->\n    <!---->\n    <div class=\"h-section-grid-container h-section-boxed-container\">\n      <!---->\n      <div data-colibri-id=\"49-c3\" class=\"h-row-container gutters-row-lg-2 gutters-row-md-2 gutters-row-0 gutters-row-v-lg-2 gutters-row-v-md-2 gutters-row-v-2 style-4769 style-local-49-c3 position-relative\">\n        <!---->\n        <div class=\"h-row justify-content-lg-center justify-content-md-center justify-content-center align-items-lg-stretch align-items-md-stretch align-items-stretch gutters-col-lg-2 gutters-col-md-2 gutters-col-0 gutters-col-v-lg-2 gutters-col-v-md-2 gutters-col-v-2\">\n          <!---->\n          <div class=\"h-column h-column-container d-flex h-col-lg-auto h-col-md-auto h-col-auto style-4770-outer style-local-49-c4-outer\">\n            <div data-colibri-id=\"49-c4\" class=\"d-flex h-flex-basis h-column__inner h-px-lg-2 h-px-md-2 h-px-2 v-inner-lg-2 v-inner-md-2 v-inner-2 style-4770 style-local-49-c4 position-relative\">\n              <!---->\n              <!---->\n              <div class=\"w-100 h-y-container h-column__content h-column__v-align flex-basis-100 align-self-lg-start align-self-md-start align-self-start\">\n                <!---->\n                <div data-colibri-id=\"49-c5\" class=\"style-4771 style-local-49-c5 position-relative h-element\">\n                  <!---->\n                  <div>\n                    <table class=\"aligncenter\" style=\"border-color: #000000; width: 453px; height: 126px;\" border=\"1\">\n                      <tbody>\n                        <tr>\n                          <td width=\"204\">M\u0101c\u012bbu stundu skaits ned\u0113\u013c\u0101<\/td>\n                          <td width=\"228\">Vec\u0101ku l\u012bdzfinans\u0113jums m\u0113nes\u012b<\/td>\n                        <\/tr>\n                        <tr>\n                          <td width=\"204\">&nbsp;&nbsp;&nbsp;&nbsp; &nbsp;&nbsp;&nbsp;&nbsp;&nbsp;6 &#8211; 10 stundas<\/td>\n                          <td width=\"228\">&nbsp; &nbsp;&nbsp;&nbsp;&nbsp;&nbsp;&nbsp;&nbsp;&nbsp;&nbsp;&nbsp;&nbsp;&nbsp;&nbsp;&nbsp;&nbsp;&nbsp;&nbsp;1 euro<\/td>\n                        <\/tr>\n                        <tr>\n                          <td width=\"204\">&nbsp;&nbsp;&nbsp; &nbsp;&nbsp;&nbsp;&nbsp;11 &#8211; 15 stundas<\/td>\n                          <td width=\"228\">&nbsp;&nbsp;&nbsp;&nbsp;&nbsp;&nbsp;&nbsp;&nbsp;&nbsp;&nbsp;&nbsp;&nbsp;&nbsp;&nbsp;&nbsp;&nbsp;&nbsp;&nbsp; 2 euro<\/td>\n                        <\/tr>\n                        <tr>\n                          <td width=\"204\">&nbsp;&nbsp;&nbsp; &nbsp;&nbsp;&nbsp;&nbsp;16 &#8211; 24 stundas<\/td>\n                          <td width=\"228\">&nbsp;&nbsp;&nbsp;&nbsp;&nbsp;&nbsp;&nbsp;&nbsp;&nbsp;&nbsp;&nbsp;&nbsp;&nbsp;&nbsp;&nbsp;&nbsp;&nbsp;&nbsp; 3 euro<\/td>\n                        <\/tr>\n                      <\/tbody>\n                    <\/table>\n                    &nbsp;<\/div>\n                <\/div>\n              <\/div>\n            <\/div>\n          <\/div>\n        <\/div>\n      <\/div>\n    <\/div>\n  <\/div>\n<\/div>","protected":false},"excerpt":{"rendered":"<p>Kontakti V\u0113sture Treneri Skolas parlaments Maksas pakalpojumi M\u0101c\u012bbu stundu skaits ned\u0113\u013c\u0101 Vec\u0101ku l\u012bdzfinans\u0113jums m\u0113nes\u012b &nbsp;&nbsp;&nbsp;&nbsp; &nbsp;&nbsp;&nbsp;&nbsp;&nbsp;6 &#8211; 10 stundas &nbsp; &nbsp;&nbsp;&nbsp;&nbsp;&nbsp;&nbsp;&nbsp;&nbsp;&nbsp;&nbsp;&nbsp;&nbsp;&nbsp;&nbsp;&nbsp;&nbsp;&nbsp;1 euro &nbsp;&nbsp;&nbsp; &nbsp;&nbsp;&nbsp;&nbsp;11 &#8211; 15 stundas &nbsp;&nbsp;&nbsp;&nbsp;&nbsp;&nbsp;&nbsp;&nbsp;&nbsp;&nbsp;&nbsp;&nbsp;&nbsp;&nbsp;&nbsp;&nbsp;&nbsp;&nbsp; 2 euro [&hellip;]<\/p>\n","protected":false},"author":1,"featured_media":0,"parent":0,"menu_order":0,"comment_status":"closed","ping_status":"closed","template":"page-templates\/full-width-page.php","meta":{"_acf_changed":false,"footnotes":""},"class_list":["post-49","page","type-page","status-publish","hentry"],"acf":[],"yoast_head":"<!-- This site is optimized with the Yoast SEO plugin v27.3 - https:\/\/yoast.com\/product\/yoast-seo-wordpress\/ -->\n<title>Maksas pakalpojumi - Prei\u013cu novada b\u0113rnu un jaunie\u0161u sporta skola<\/title>\n<meta name=\"robots\" content=\"index, follow, max-snippet:-1, max-image-preview:large, max-video-preview:-1\" \/>\n<link rel=\"canonical\" href=\"https:\/\/pbjss.edu.lv\/en\/maksas-pakalpojumi\/\" \/>\n<meta property=\"og:locale\" content=\"en_GB\" \/>\n<meta property=\"og:type\" content=\"article\" \/>\n<meta property=\"og:title\" content=\"Maksas pakalpojumi - Prei\u013cu novada b\u0113rnu un jaunie\u0161u sporta skola\" \/>\n<meta property=\"og:description\" content=\"Kontakti V\u0113sture Treneri Skolas parlaments Maksas pakalpojumi M\u0101c\u012bbu stundu skaits ned\u0113\u013c\u0101 Vec\u0101ku l\u012bdzfinans\u0113jums m\u0113nes\u012b &nbsp;&nbsp;&nbsp;&nbsp; &nbsp;&nbsp;&nbsp;&nbsp;&nbsp;6 &#8211; 10 stundas &nbsp; &nbsp;&nbsp;&nbsp;&nbsp;&nbsp;&nbsp;&nbsp;&nbsp;&nbsp;&nbsp;&nbsp;&nbsp;&nbsp;&nbsp;&nbsp;&nbsp;&nbsp;1 euro &nbsp;&nbsp;&nbsp; &nbsp;&nbsp;&nbsp;&nbsp;11 &#8211; 15 stundas &nbsp;&nbsp;&nbsp;&nbsp;&nbsp;&nbsp;&nbsp;&nbsp;&nbsp;&nbsp;&nbsp;&nbsp;&nbsp;&nbsp;&nbsp;&nbsp;&nbsp;&nbsp; 2 euro [&hellip;]\" \/>\n<meta property=\"og:url\" content=\"https:\/\/pbjss.edu.lv\/en\/maksas-pakalpojumi\/\" \/>\n<meta property=\"og:site_name\" content=\"Prei\u013cu novada b\u0113rnu un jaunie\u0161u sporta skola\" \/>\n<meta property=\"article:publisher\" content=\"https:\/\/www.facebook.com\/pbjss\/?eid=ARAe9wQ7MGM0FQFTVX7QEebpfAfe5hv7HvoN-v1Jv13lgtTNi-DDzJx16PrauJn_wRTcN6k13xTyjf4n\" \/>\n<meta property=\"article:modified_time\" content=\"2024-11-01T19:55:02+00:00\" \/>\n<meta name=\"twitter:card\" content=\"summary_large_image\" \/>\n<meta name=\"twitter:label1\" content=\"Estimated reading time\" \/>\n\t<meta name=\"twitter:data1\" content=\"1 minute\" \/>\n<script type=\"application\/ld+json\" class=\"yoast-schema-graph\">{\"@context\":\"https:\\\/\\\/schema.org\",\"@graph\":[{\"@type\":\"WebPage\",\"@id\":\"https:\\\/\\\/pbjss.edu.lv\\\/maksas-pakalpojumi\\\/\",\"url\":\"https:\\\/\\\/pbjss.edu.lv\\\/maksas-pakalpojumi\\\/\",\"name\":\"Maksas pakalpojumi - Prei\u013cu novada b\u0113rnu un jaunie\u0161u sporta skola\",\"isPartOf\":{\"@id\":\"https:\\\/\\\/pbjss.edu.lv\\\/#website\"},\"datePublished\":\"2016-12-22T14:11:24+00:00\",\"dateModified\":\"2024-11-01T19:55:02+00:00\",\"breadcrumb\":{\"@id\":\"https:\\\/\\\/pbjss.edu.lv\\\/maksas-pakalpojumi\\\/#breadcrumb\"},\"inLanguage\":\"en-GB\",\"potentialAction\":[{\"@type\":\"ReadAction\",\"target\":[\"https:\\\/\\\/pbjss.edu.lv\\\/maksas-pakalpojumi\\\/\"]}]},{\"@type\":\"BreadcrumbList\",\"@id\":\"https:\\\/\\\/pbjss.edu.lv\\\/maksas-pakalpojumi\\\/#breadcrumb\",\"itemListElement\":[{\"@type\":\"ListItem\",\"position\":1,\"name\":\"Home\",\"item\":\"https:\\\/\\\/pbjss.edu.lv\\\/\"},{\"@type\":\"ListItem\",\"position\":2,\"name\":\"Maksas pakalpojumi\"}]},{\"@type\":\"WebSite\",\"@id\":\"https:\\\/\\\/pbjss.edu.lv\\\/#website\",\"url\":\"https:\\\/\\\/pbjss.edu.lv\\\/\",\"name\":\"Prei\u013cu novada b\u0113rnu un jaunie\u0161u sporta skola\",\"description\":\"Augst\u0101k, t\u0101l\u0101k, stipr\u0101k!\",\"potentialAction\":[{\"@type\":\"SearchAction\",\"target\":{\"@type\":\"EntryPoint\",\"urlTemplate\":\"https:\\\/\\\/pbjss.edu.lv\\\/?s={search_term_string}\"},\"query-input\":{\"@type\":\"PropertyValueSpecification\",\"valueRequired\":true,\"valueName\":\"search_term_string\"}}],\"inLanguage\":\"en-GB\"}]}<\/script>\n<!-- \/ Yoast SEO plugin. -->","yoast_head_json":{"title":"Maksas pakalpojumi - Prei\u013cu novada b\u0113rnu un jaunie\u0161u sporta skola","robots":{"index":"index","follow":"follow","max-snippet":"max-snippet:-1","max-image-preview":"max-image-preview:large","max-video-preview":"max-video-preview:-1"},"canonical":"https:\/\/pbjss.edu.lv\/en\/maksas-pakalpojumi\/","og_locale":"en_GB","og_type":"article","og_title":"Maksas pakalpojumi - Prei\u013cu novada b\u0113rnu un jaunie\u0161u sporta skola","og_description":"Kontakti V\u0113sture Treneri Skolas parlaments Maksas pakalpojumi M\u0101c\u012bbu stundu skaits ned\u0113\u013c\u0101 Vec\u0101ku l\u012bdzfinans\u0113jums m\u0113nes\u012b &nbsp;&nbsp;&nbsp;&nbsp; &nbsp;&nbsp;&nbsp;&nbsp;&nbsp;6 &#8211; 10 stundas &nbsp; &nbsp;&nbsp;&nbsp;&nbsp;&nbsp;&nbsp;&nbsp;&nbsp;&nbsp;&nbsp;&nbsp;&nbsp;&nbsp;&nbsp;&nbsp;&nbsp;&nbsp;1 euro &nbsp;&nbsp;&nbsp; &nbsp;&nbsp;&nbsp;&nbsp;11 &#8211; 15 stundas &nbsp;&nbsp;&nbsp;&nbsp;&nbsp;&nbsp;&nbsp;&nbsp;&nbsp;&nbsp;&nbsp;&nbsp;&nbsp;&nbsp;&nbsp;&nbsp;&nbsp;&nbsp; 2 euro [&hellip;]","og_url":"https:\/\/pbjss.edu.lv\/en\/maksas-pakalpojumi\/","og_site_name":"Prei\u013cu novada b\u0113rnu un jaunie\u0161u sporta skola","article_publisher":"https:\/\/www.facebook.com\/pbjss\/?eid=ARAe9wQ7MGM0FQFTVX7QEebpfAfe5hv7HvoN-v1Jv13lgtTNi-DDzJx16PrauJn_wRTcN6k13xTyjf4n","article_modified_time":"2024-11-01T19:55:02+00:00","twitter_card":"summary_large_image","twitter_misc":{"Estimated reading time":"1 minute"},"schema":{"@context":"https:\/\/schema.org","@graph":[{"@type":"WebPage","@id":"https:\/\/pbjss.edu.lv\/maksas-pakalpojumi\/","url":"https:\/\/pbjss.edu.lv\/maksas-pakalpojumi\/","name":"Maksas pakalpojumi - Prei\u013cu novada b\u0113rnu un jaunie\u0161u sporta skola","isPartOf":{"@id":"https:\/\/pbjss.edu.lv\/#website"},"datePublished":"2016-12-22T14:11:24+00:00","dateModified":"2024-11-01T19:55:02+00:00","breadcrumb":{"@id":"https:\/\/pbjss.edu.lv\/maksas-pakalpojumi\/#breadcrumb"},"inLanguage":"en-GB","potentialAction":[{"@type":"ReadAction","target":["https:\/\/pbjss.edu.lv\/maksas-pakalpojumi\/"]}]},{"@type":"BreadcrumbList","@id":"https:\/\/pbjss.edu.lv\/maksas-pakalpojumi\/#breadcrumb","itemListElement":[{"@type":"ListItem","position":1,"name":"Home","item":"https:\/\/pbjss.edu.lv\/"},{"@type":"ListItem","position":2,"name":"Maksas pakalpojumi"}]},{"@type":"WebSite","@id":"https:\/\/pbjss.edu.lv\/#website","url":"https:\/\/pbjss.edu.lv\/","name":"Prei\u013cu novada b\u0113rnu un jaunie\u0161u sporta skola","description":"Augst\u0101k, t\u0101l\u0101k, stipr\u0101k!","potentialAction":[{"@type":"SearchAction","target":{"@type":"EntryPoint","urlTemplate":"https:\/\/pbjss.edu.lv\/?s={search_term_string}"},"query-input":{"@type":"PropertyValueSpecification","valueRequired":true,"valueName":"search_term_string"}}],"inLanguage":"en-GB"}]}},"_links":{"self":[{"href":"https:\/\/pbjss.edu.lv\/en\/wp-json\/wp\/v2\/pages\/49","targetHints":{"allow":["GET"]}}],"collection":[{"href":"https:\/\/pbjss.edu.lv\/en\/wp-json\/wp\/v2\/pages"}],"about":[{"href":"https:\/\/pbjss.edu.lv\/en\/wp-json\/wp\/v2\/types\/page"}],"author":[{"embeddable":true,"href":"https:\/\/pbjss.edu.lv\/en\/wp-json\/wp\/v2\/users\/1"}],"replies":[{"embeddable":true,"href":"https:\/\/pbjss.edu.lv\/en\/wp-json\/wp\/v2\/comments?post=49"}],"version-history":[{"count":8,"href":"https:\/\/pbjss.edu.lv\/en\/wp-json\/wp\/v2\/pages\/49\/revisions"}],"predecessor-version":[{"id":32773,"href":"https:\/\/pbjss.edu.lv\/en\/wp-json\/wp\/v2\/pages\/49\/revisions\/32773"}],"wp:attachment":[{"href":"https:\/\/pbjss.edu.lv\/en\/wp-json\/wp\/v2\/media?parent=49"}],"curies":[{"name":"wp","href":"https:\/\/api.w.org\/{rel}","templated":true}]}}