{"id":4364,"date":"2019-05-01T22:30:38","date_gmt":"2019-05-01T19:30:38","guid":{"rendered":"http:\/\/pbjss.edu.lv\/\/"},"modified":"2021-02-22T20:08:37","modified_gmt":"2021-02-22T18:08:37","slug":"mtb-sacensibas-preilupes-likloci-2019","status":"publish","type":"page","link":"https:\/\/pbjss.edu.lv\/en\/mtb-sacensibas-preilupes-likloci-2019\/","title":{"rendered":"MTB \u201cPrei\u013cupes l\u012bklo\u010di 2019\u201c rezult\u0101ti"},"content":{"rendered":"<p><a href=\"http:\/\/pbjss.edu.lv\/wp-content\/uploads\/MTB_2019_rezultati.xlsx\" target=\"_blank\" rel=\"noopener noreferrer\">Sacens\u012bbu protokoli (xlsx)<\/a><\/p>\n<p><a href=\"https:\/\/pbjss.edu.lv\/en\/?page_id=4373\">Kop\u0113j\u0101 sacens\u012bbu rezult\u0101tu tabula<\/a><\/p>","protected":false},"excerpt":{"rendered":"<p>Sacens\u012bbu protokoli (xlsx) Kop\u0113j\u0101 sacens\u012bbu rezult\u0101tu tabula<\/p>","protected":false},"author":2,"featured_media":0,"parent":0,"menu_order":0,"comment_status":"closed","ping_status":"closed","template":"","meta":{"_acf_changed":false,"footnotes":""},"class_list":["post-4364","page","type-page","status-publish","hentry"],"acf":[],"yoast_head":"<!-- This site is optimized with the Yoast SEO plugin v27.4 - https:\/\/yoast.com\/product\/yoast-seo-wordpress\/ -->\n<title>MTB \u201cPrei\u013cupes l\u012bklo\u010di 2019\u201c rezult\u0101ti - Prei\u013cu novada b\u0113rnu un jaunie\u0161u sporta skola<\/title>\n<meta name=\"robots\" content=\"index, follow, max-snippet:-1, max-image-preview:large, max-video-preview:-1\" \/>\n<link rel=\"canonical\" href=\"https:\/\/pbjss.edu.lv\/en\/mtb-sacensibas-preilupes-likloci-2019\/\" \/>\n<meta property=\"og:locale\" content=\"en_GB\" \/>\n<meta property=\"og:type\" content=\"article\" \/>\n<meta property=\"og:title\" content=\"MTB \u201cPrei\u013cupes l\u012bklo\u010di 2019\u201c rezult\u0101ti - Prei\u013cu novada b\u0113rnu un jaunie\u0161u sporta skola\" \/>\n<meta property=\"og:description\" content=\"Sacens\u012bbu protokoli (xlsx) Kop\u0113j\u0101 sacens\u012bbu rezult\u0101tu tabula\" \/>\n<meta property=\"og:url\" content=\"https:\/\/pbjss.edu.lv\/en\/mtb-sacensibas-preilupes-likloci-2019\/\" \/>\n<meta property=\"og:site_name\" content=\"Prei\u013cu novada b\u0113rnu un jaunie\u0161u sporta skola\" \/>\n<meta property=\"article:publisher\" content=\"https:\/\/www.facebook.com\/pbjss\/?eid=ARAe9wQ7MGM0FQFTVX7QEebpfAfe5hv7HvoN-v1Jv13lgtTNi-DDzJx16PrauJn_wRTcN6k13xTyjf4n\" \/>\n<meta property=\"article:modified_time\" content=\"2021-02-22T18:08:37+00:00\" \/>\n<meta name=\"twitter:card\" content=\"summary_large_image\" \/>\n<meta name=\"twitter:label1\" content=\"Estimated reading time\" \/>\n\t<meta name=\"twitter:data1\" content=\"1 minute\" \/>\n<script type=\"application\/ld+json\" class=\"yoast-schema-graph\">{\"@context\":\"https:\\\/\\\/schema.org\",\"@graph\":[{\"@type\":\"WebPage\",\"@id\":\"https:\\\/\\\/pbjss.edu.lv\\\/mtb-sacensibas-preilupes-likloci-2019\\\/\",\"url\":\"https:\\\/\\\/pbjss.edu.lv\\\/mtb-sacensibas-preilupes-likloci-2019\\\/\",\"name\":\"MTB \u201cPrei\u013cupes l\u012bklo\u010di 2019\u201c rezult\u0101ti - Prei\u013cu novada b\u0113rnu un jaunie\u0161u sporta skola\",\"isPartOf\":{\"@id\":\"https:\\\/\\\/pbjss.edu.lv\\\/#website\"},\"datePublished\":\"2019-05-01T19:30:38+00:00\",\"dateModified\":\"2021-02-22T18:08:37+00:00\",\"breadcrumb\":{\"@id\":\"https:\\\/\\\/pbjss.edu.lv\\\/mtb-sacensibas-preilupes-likloci-2019\\\/#breadcrumb\"},\"inLanguage\":\"en-GB\",\"potentialAction\":[{\"@type\":\"ReadAction\",\"target\":[\"https:\\\/\\\/pbjss.edu.lv\\\/mtb-sacensibas-preilupes-likloci-2019\\\/\"]}]},{\"@type\":\"BreadcrumbList\",\"@id\":\"https:\\\/\\\/pbjss.edu.lv\\\/mtb-sacensibas-preilupes-likloci-2019\\\/#breadcrumb\",\"itemListElement\":[{\"@type\":\"ListItem\",\"position\":1,\"name\":\"Home\",\"item\":\"https:\\\/\\\/pbjss.edu.lv\\\/\"},{\"@type\":\"ListItem\",\"position\":2,\"name\":\"MTB \u201cPrei\u013cupes l\u012bklo\u010di 2019\u201c rezult\u0101ti\"}]},{\"@type\":\"WebSite\",\"@id\":\"https:\\\/\\\/pbjss.edu.lv\\\/#website\",\"url\":\"https:\\\/\\\/pbjss.edu.lv\\\/\",\"name\":\"Prei\u013cu novada b\u0113rnu un jaunie\u0161u sporta skola\",\"description\":\"Augst\u0101k, t\u0101l\u0101k, stipr\u0101k!\",\"potentialAction\":[{\"@type\":\"SearchAction\",\"target\":{\"@type\":\"EntryPoint\",\"urlTemplate\":\"https:\\\/\\\/pbjss.edu.lv\\\/?s={search_term_string}\"},\"query-input\":{\"@type\":\"PropertyValueSpecification\",\"valueRequired\":true,\"valueName\":\"search_term_string\"}}],\"inLanguage\":\"en-GB\"}]}<\/script>\n<!-- \/ Yoast SEO plugin. -->","yoast_head_json":{"title":"MTB \u201cPrei\u013cupes l\u012bklo\u010di 2019\u201c rezult\u0101ti - Prei\u013cu novada b\u0113rnu un jaunie\u0161u sporta skola","robots":{"index":"index","follow":"follow","max-snippet":"max-snippet:-1","max-image-preview":"max-image-preview:large","max-video-preview":"max-video-preview:-1"},"canonical":"https:\/\/pbjss.edu.lv\/en\/mtb-sacensibas-preilupes-likloci-2019\/","og_locale":"en_GB","og_type":"article","og_title":"MTB \u201cPrei\u013cupes l\u012bklo\u010di 2019\u201c rezult\u0101ti - Prei\u013cu novada b\u0113rnu un jaunie\u0161u sporta skola","og_description":"Sacens\u012bbu protokoli (xlsx) Kop\u0113j\u0101 sacens\u012bbu rezult\u0101tu tabula","og_url":"https:\/\/pbjss.edu.lv\/en\/mtb-sacensibas-preilupes-likloci-2019\/","og_site_name":"Prei\u013cu novada b\u0113rnu un jaunie\u0161u sporta skola","article_publisher":"https:\/\/www.facebook.com\/pbjss\/?eid=ARAe9wQ7MGM0FQFTVX7QEebpfAfe5hv7HvoN-v1Jv13lgtTNi-DDzJx16PrauJn_wRTcN6k13xTyjf4n","article_modified_time":"2021-02-22T18:08:37+00:00","twitter_card":"summary_large_image","twitter_misc":{"Estimated reading time":"1 minute"},"schema":{"@context":"https:\/\/schema.org","@graph":[{"@type":"WebPage","@id":"https:\/\/pbjss.edu.lv\/mtb-sacensibas-preilupes-likloci-2019\/","url":"https:\/\/pbjss.edu.lv\/mtb-sacensibas-preilupes-likloci-2019\/","name":"MTB \u201cPrei\u013cupes l\u012bklo\u010di 2019\u201c rezult\u0101ti - Prei\u013cu novada b\u0113rnu un jaunie\u0161u sporta skola","isPartOf":{"@id":"https:\/\/pbjss.edu.lv\/#website"},"datePublished":"2019-05-01T19:30:38+00:00","dateModified":"2021-02-22T18:08:37+00:00","breadcrumb":{"@id":"https:\/\/pbjss.edu.lv\/mtb-sacensibas-preilupes-likloci-2019\/#breadcrumb"},"inLanguage":"en-GB","potentialAction":[{"@type":"ReadAction","target":["https:\/\/pbjss.edu.lv\/mtb-sacensibas-preilupes-likloci-2019\/"]}]},{"@type":"BreadcrumbList","@id":"https:\/\/pbjss.edu.lv\/mtb-sacensibas-preilupes-likloci-2019\/#breadcrumb","itemListElement":[{"@type":"ListItem","position":1,"name":"Home","item":"https:\/\/pbjss.edu.lv\/"},{"@type":"ListItem","position":2,"name":"MTB \u201cPrei\u013cupes l\u012bklo\u010di 2019\u201c rezult\u0101ti"}]},{"@type":"WebSite","@id":"https:\/\/pbjss.edu.lv\/#website","url":"https:\/\/pbjss.edu.lv\/","name":"Prei\u013cu novada b\u0113rnu un jaunie\u0161u sporta skola","description":"Augst\u0101k, t\u0101l\u0101k, stipr\u0101k!","potentialAction":[{"@type":"SearchAction","target":{"@type":"EntryPoint","urlTemplate":"https:\/\/pbjss.edu.lv\/?s={search_term_string}"},"query-input":{"@type":"PropertyValueSpecification","valueRequired":true,"valueName":"search_term_string"}}],"inLanguage":"en-GB"}]}},"_links":{"self":[{"href":"https:\/\/pbjss.edu.lv\/en\/wp-json\/wp\/v2\/pages\/4364","targetHints":{"allow":["GET"]}}],"collection":[{"href":"https:\/\/pbjss.edu.lv\/en\/wp-json\/wp\/v2\/pages"}],"about":[{"href":"https:\/\/pbjss.edu.lv\/en\/wp-json\/wp\/v2\/types\/page"}],"author":[{"embeddable":true,"href":"https:\/\/pbjss.edu.lv\/en\/wp-json\/wp\/v2\/users\/2"}],"replies":[{"embeddable":true,"href":"https:\/\/pbjss.edu.lv\/en\/wp-json\/wp\/v2\/comments?post=4364"}],"version-history":[{"count":4,"href":"https:\/\/pbjss.edu.lv\/en\/wp-json\/wp\/v2\/pages\/4364\/revisions"}],"predecessor-version":[{"id":5818,"href":"https:\/\/pbjss.edu.lv\/en\/wp-json\/wp\/v2\/pages\/4364\/revisions\/5818"}],"wp:attachment":[{"href":"https:\/\/pbjss.edu.lv\/en\/wp-json\/wp\/v2\/media?parent=4364"}],"curies":[{"name":"wp","href":"https:\/\/api.w.org\/{rel}","templated":true}]}}