{"id":4109,"date":"2019-03-25T16:32:02","date_gmt":"2019-03-25T14:32:02","guid":{"rendered":"http:\/\/pbjss.edu.lv\/\/"},"modified":"2021-02-22T20:11:11","modified_gmt":"2021-02-22T18:11:11","slug":"registracija_skr","status":"publish","type":"page","link":"https:\/\/pbjss.edu.lv\/en\/registracija_skr\/","title":{"rendered":"Dal\u012bbnieku re\u0123istr\u0101cija &#8220;C\u012bru\u013cputenis 2019&#8221; (skrie\u0161ana)"},"content":{"rendered":"<p>Sacens\u012bb\u0101m pieteikties elektroniski l\u012bdz <strong>12.apr\u012b\u013ca<\/strong> plkst. <strong>12.00<\/strong><\/p>\n<p>[wbcr_snippet id=&#8221;4108&#8243;]<\/p>\n<p>&nbsp;<\/p>\n","protected":false},"excerpt":{"rendered":"<p>Sacens\u012bb\u0101m pieteikties elektroniski l\u012bdz 12.apr\u012b\u013ca plkst. 12.00 [wbcr_snippet id=&#8221;4108&#8243;] &nbsp;<\/p>\n","protected":false},"author":2,"featured_media":0,"parent":0,"menu_order":0,"comment_status":"closed","ping_status":"closed","template":"template-full.php","meta":{"_acf_changed":false,"footnotes":""},"class_list":["post-4109","page","type-page","status-publish","hentry"],"acf":[],"yoast_head":"<!-- This site is optimized with the Yoast SEO plugin v27.5 - https:\/\/yoast.com\/product\/yoast-seo-wordpress\/ -->\n<title>Dal\u012bbnieku re\u0123istr\u0101cija &quot;C\u012bru\u013cputenis 2019&quot; (skrie\u0161ana) - Prei\u013cu novada b\u0113rnu un jaunie\u0161u sporta skola<\/title>\n<meta name=\"robots\" content=\"index, follow, max-snippet:-1, max-image-preview:large, max-video-preview:-1\" \/>\n<link rel=\"canonical\" href=\"https:\/\/pbjss.edu.lv\/en\/registracija_skr\/\" \/>\n<meta property=\"og:locale\" content=\"en_GB\" \/>\n<meta property=\"og:type\" content=\"article\" \/>\n<meta property=\"og:title\" content=\"Dal\u012bbnieku re\u0123istr\u0101cija &quot;C\u012bru\u013cputenis 2019&quot; (skrie\u0161ana) - Prei\u013cu novada b\u0113rnu un jaunie\u0161u sporta skola\" \/>\n<meta property=\"og:description\" content=\"Sacens\u012bb\u0101m pieteikties elektroniski l\u012bdz 12.apr\u012b\u013ca plkst. 12.00 [wbcr_snippet id=&#8221;4108&#8243;] &nbsp;\" \/>\n<meta property=\"og:url\" content=\"https:\/\/pbjss.edu.lv\/en\/registracija_skr\/\" \/>\n<meta property=\"og:site_name\" content=\"Prei\u013cu novada b\u0113rnu un jaunie\u0161u sporta skola\" \/>\n<meta property=\"article:publisher\" content=\"https:\/\/www.facebook.com\/pbjss\/?eid=ARAe9wQ7MGM0FQFTVX7QEebpfAfe5hv7HvoN-v1Jv13lgtTNi-DDzJx16PrauJn_wRTcN6k13xTyjf4n\" \/>\n<meta property=\"article:modified_time\" content=\"2021-02-22T18:11:11+00:00\" \/>\n<meta name=\"twitter:card\" content=\"summary_large_image\" \/>\n<script type=\"application\/ld+json\" class=\"yoast-schema-graph\">{\"@context\":\"https:\\\/\\\/schema.org\",\"@graph\":[{\"@type\":\"WebPage\",\"@id\":\"https:\\\/\\\/pbjss.edu.lv\\\/registracija_skr\\\/\",\"url\":\"https:\\\/\\\/pbjss.edu.lv\\\/registracija_skr\\\/\",\"name\":\"Dal\u012bbnieku re\u0123istr\u0101cija \\\"C\u012bru\u013cputenis 2019\\\" (skrie\u0161ana) - Prei\u013cu novada b\u0113rnu un jaunie\u0161u sporta skola\",\"isPartOf\":{\"@id\":\"https:\\\/\\\/pbjss.edu.lv\\\/#website\"},\"datePublished\":\"2019-03-25T14:32:02+00:00\",\"dateModified\":\"2021-02-22T18:11:11+00:00\",\"breadcrumb\":{\"@id\":\"https:\\\/\\\/pbjss.edu.lv\\\/registracija_skr\\\/#breadcrumb\"},\"inLanguage\":\"en-GB\",\"potentialAction\":[{\"@type\":\"ReadAction\",\"target\":[\"https:\\\/\\\/pbjss.edu.lv\\\/registracija_skr\\\/\"]}]},{\"@type\":\"BreadcrumbList\",\"@id\":\"https:\\\/\\\/pbjss.edu.lv\\\/registracija_skr\\\/#breadcrumb\",\"itemListElement\":[{\"@type\":\"ListItem\",\"position\":1,\"name\":\"Home\",\"item\":\"https:\\\/\\\/pbjss.edu.lv\\\/\"},{\"@type\":\"ListItem\",\"position\":2,\"name\":\"Dal\u012bbnieku re\u0123istr\u0101cija &#8220;C\u012bru\u013cputenis 2019&#8221; (skrie\u0161ana)\"}]},{\"@type\":\"WebSite\",\"@id\":\"https:\\\/\\\/pbjss.edu.lv\\\/#website\",\"url\":\"https:\\\/\\\/pbjss.edu.lv\\\/\",\"name\":\"Prei\u013cu novada b\u0113rnu un jaunie\u0161u sporta skola\",\"description\":\"Augst\u0101k, t\u0101l\u0101k, stipr\u0101k!\",\"potentialAction\":[{\"@type\":\"SearchAction\",\"target\":{\"@type\":\"EntryPoint\",\"urlTemplate\":\"https:\\\/\\\/pbjss.edu.lv\\\/?s={search_term_string}\"},\"query-input\":{\"@type\":\"PropertyValueSpecification\",\"valueRequired\":true,\"valueName\":\"search_term_string\"}}],\"inLanguage\":\"en-GB\"}]}<\/script>\n<!-- \/ Yoast SEO plugin. -->","yoast_head_json":{"title":"Dal\u012bbnieku re\u0123istr\u0101cija \"C\u012bru\u013cputenis 2019\" (skrie\u0161ana) - Prei\u013cu novada b\u0113rnu un jaunie\u0161u sporta skola","robots":{"index":"index","follow":"follow","max-snippet":"max-snippet:-1","max-image-preview":"max-image-preview:large","max-video-preview":"max-video-preview:-1"},"canonical":"https:\/\/pbjss.edu.lv\/en\/registracija_skr\/","og_locale":"en_GB","og_type":"article","og_title":"Dal\u012bbnieku re\u0123istr\u0101cija \"C\u012bru\u013cputenis 2019\" (skrie\u0161ana) - Prei\u013cu novada b\u0113rnu un jaunie\u0161u sporta skola","og_description":"Sacens\u012bb\u0101m pieteikties elektroniski l\u012bdz 12.apr\u012b\u013ca plkst. 12.00 [wbcr_snippet id=&#8221;4108&#8243;] &nbsp;","og_url":"https:\/\/pbjss.edu.lv\/en\/registracija_skr\/","og_site_name":"Prei\u013cu novada b\u0113rnu un jaunie\u0161u sporta skola","article_publisher":"https:\/\/www.facebook.com\/pbjss\/?eid=ARAe9wQ7MGM0FQFTVX7QEebpfAfe5hv7HvoN-v1Jv13lgtTNi-DDzJx16PrauJn_wRTcN6k13xTyjf4n","article_modified_time":"2021-02-22T18:11:11+00:00","twitter_card":"summary_large_image","schema":{"@context":"https:\/\/schema.org","@graph":[{"@type":"WebPage","@id":"https:\/\/pbjss.edu.lv\/registracija_skr\/","url":"https:\/\/pbjss.edu.lv\/registracija_skr\/","name":"Dal\u012bbnieku re\u0123istr\u0101cija \"C\u012bru\u013cputenis 2019\" (skrie\u0161ana) - Prei\u013cu novada b\u0113rnu un jaunie\u0161u sporta skola","isPartOf":{"@id":"https:\/\/pbjss.edu.lv\/#website"},"datePublished":"2019-03-25T14:32:02+00:00","dateModified":"2021-02-22T18:11:11+00:00","breadcrumb":{"@id":"https:\/\/pbjss.edu.lv\/registracija_skr\/#breadcrumb"},"inLanguage":"en-GB","potentialAction":[{"@type":"ReadAction","target":["https:\/\/pbjss.edu.lv\/registracija_skr\/"]}]},{"@type":"BreadcrumbList","@id":"https:\/\/pbjss.edu.lv\/registracija_skr\/#breadcrumb","itemListElement":[{"@type":"ListItem","position":1,"name":"Home","item":"https:\/\/pbjss.edu.lv\/"},{"@type":"ListItem","position":2,"name":"Dal\u012bbnieku re\u0123istr\u0101cija &#8220;C\u012bru\u013cputenis 2019&#8221; (skrie\u0161ana)"}]},{"@type":"WebSite","@id":"https:\/\/pbjss.edu.lv\/#website","url":"https:\/\/pbjss.edu.lv\/","name":"Prei\u013cu novada b\u0113rnu un jaunie\u0161u sporta skola","description":"Augst\u0101k, t\u0101l\u0101k, stipr\u0101k!","potentialAction":[{"@type":"SearchAction","target":{"@type":"EntryPoint","urlTemplate":"https:\/\/pbjss.edu.lv\/?s={search_term_string}"},"query-input":{"@type":"PropertyValueSpecification","valueRequired":true,"valueName":"search_term_string"}}],"inLanguage":"en-GB"}]}},"_links":{"self":[{"href":"https:\/\/pbjss.edu.lv\/en\/wp-json\/wp\/v2\/pages\/4109","targetHints":{"allow":["GET"]}}],"collection":[{"href":"https:\/\/pbjss.edu.lv\/en\/wp-json\/wp\/v2\/pages"}],"about":[{"href":"https:\/\/pbjss.edu.lv\/en\/wp-json\/wp\/v2\/types\/page"}],"author":[{"embeddable":true,"href":"https:\/\/pbjss.edu.lv\/en\/wp-json\/wp\/v2\/users\/2"}],"replies":[{"embeddable":true,"href":"https:\/\/pbjss.edu.lv\/en\/wp-json\/wp\/v2\/comments?post=4109"}],"version-history":[{"count":7,"href":"https:\/\/pbjss.edu.lv\/en\/wp-json\/wp\/v2\/pages\/4109\/revisions"}],"predecessor-version":[{"id":4120,"href":"https:\/\/pbjss.edu.lv\/en\/wp-json\/wp\/v2\/pages\/4109\/revisions\/4120"}],"wp:attachment":[{"href":"https:\/\/pbjss.edu.lv\/en\/wp-json\/wp\/v2\/media?parent=4109"}],"curies":[{"name":"wp","href":"https:\/\/api.w.org\/{rel}","templated":true}]}}