{"id":33399,"date":"2025-04-04T19:42:47","date_gmt":"2025-04-04T16:42:47","guid":{"rendered":"https:\/\/pbjss.edu.lv\/?page_id=33399"},"modified":"2025-04-05T09:26:36","modified_gmt":"2025-04-05T06:26:36","slug":"cirulputenis-2025","status":"publish","type":"page","link":"https:\/\/pbjss.edu.lv\/en\/cirulputenis-2025\/","title":{"rendered":"C\u012bru\u013cputenis 2025"},"content":{"rendered":"<div data-colibri-id=\"33399-c1\" class=\"style-4781 style-local-33399-c1 position-relative\">\n  <!---->\n  <div data-colibri-component=\"section\" data-colibri-id=\"33399-c2\" id=\"custom\" class=\"h-section h-section-global-spacing d-flex align-items-lg-center align-items-md-center align-items-center style-4782 style-local-33399-c2 position-relative\">\n    <!---->\n    <!---->\n    <div class=\"h-section-grid-container h-section-boxed-container\">\n      <!---->\n      <div data-colibri-id=\"33399-c3\" class=\"h-row-container gutters-row-lg-1 gutters-row-md-1 gutters-row-0 gutters-row-v-lg-1 gutters-row-v-md-1 gutters-row-v-1 style-4788 style-local-33399-c3 position-relative\">\n        <!---->\n        <div class=\"h-row justify-content-lg-center justify-content-md-center justify-content-center align-items-lg-stretch align-items-md-stretch align-items-stretch gutters-col-lg-1 gutters-col-md-1 gutters-col-0 gutters-col-v-lg-1 gutters-col-v-md-1 gutters-col-v-1\">\n          <!---->\n          <div class=\"h-column h-column-container d-flex h-col-lg-auto h-col-md-auto h-col-auto style-4789-outer style-local-33399-c4-outer\">\n            <div data-colibri-id=\"33399-c4\" class=\"d-flex h-flex-basis h-column__inner h-px-lg-1 h-px-md-1 h-px-1 v-inner-lg-1 v-inner-md-1 v-inner-1 style-4789 style-local-33399-c4 position-relative\">\n              <!---->\n              <!---->\n              <div class=\"w-100 h-y-container h-column__content h-column__v-align flex-basis-100 align-self-lg-start align-self-md-start align-self-start\">\n                <!---->\n                <div data-colibri-id=\"33399-c5\" class=\"h-x-container style-4790 style-local-33399-c5 position-relative h-element\">\n                  <!---->\n                  <div class=\"h-x-container-inner style-dynamic-33399-c5-group style-4790-spacing style-local-33399-c5-spacing\"><span class=\"h-link__outer style-4791-outer style-local-33399-c6-outer d-inline-flex h-element\"><a h-use-smooth-scroll=\"true\" href=\"https:\/\/pbjss.edu.lv\/wp-content\/uploads\/20250402_cirulputenis_nolikums.pdf\" target=\"_blank\"  data-colibri-id=\"33399-c6\" class=\"d-flex w-100 align-items-center h-link style-4791 style-local-33399-c6 position-relative\"><!----><!----> <span>Sacens\u012bbu nolikums (pdf)<\/span><\/a>\n                    <\/span>\n                  <\/div>\n                <\/div>\n              <\/div>\n            <\/div>\n          <\/div>\n        <\/div>\n      <\/div>\n    <\/div>\n  <\/div>\n  <div data-colibri-component=\"section\" data-colibri-id=\"33399-c7\" id=\"custom-2\" class=\"h-section h-section-global-spacing d-flex align-items-lg-center align-items-md-center align-items-center style-4793 style-local-33399-c7 position-relative\">\n    <!---->\n    <!---->\n    <div class=\"h-section-grid-container h-section-boxed-container\">\n      <!---->\n      <div data-colibri-id=\"33399-c8\" class=\"h-row-container gutters-row-lg-1 gutters-row-md-1 gutters-row-0 gutters-row-v-lg-1 gutters-row-v-md-1 gutters-row-v-1 style-4799 style-local-33399-c8 position-relative\">\n        <!---->\n        <div class=\"h-row justify-content-lg-start justify-content-md-start justify-content-start align-items-lg-stretch align-items-md-stretch align-items-stretch gutters-col-lg-1 gutters-col-md-1 gutters-col-0 gutters-col-v-lg-1 gutters-col-v-md-1 gutters-col-v-1\">\n          <!---->\n          <div class=\"h-column h-column-container d-flex h-col-lg-auto h-col-md-auto h-col-auto style-4800-outer style-local-33399-c9-outer\">\n            <div data-colibri-id=\"33399-c9\" class=\"d-flex h-flex-basis h-column__inner h-px-lg-1 h-px-md-1 h-px-1 v-inner-lg-1 v-inner-md-1 v-inner-1 style-4800 style-local-33399-c9 position-relative\">\n              <!---->\n              <!---->\n              <div class=\"w-100 h-y-container h-column__content h-column__v-align flex-basis-100 align-self-lg-start align-self-md-start align-self-start\">\n                <!---->\n                <div data-colibri-id=\"33399-c10\" class=\"h-text h-text-component style-4798 style-local-33399-c10 position-relative h-element\">\n                  <!---->\n                  <!---->\n                  <div class=\"\">\n                    <p>Sacens\u012bbu rezult\u0101ti:<\/p>\n                  <\/div>\n                <\/div>\n              <\/div>\n            <\/div>\n          <\/div>\n        <\/div>\n      <\/div>\n      <div data-colibri-id=\"33399-c11\" class=\"h-row-container gutters-row-lg-1 gutters-row-md-1 gutters-row-0 gutters-row-v-lg-1 gutters-row-v-md-1 gutters-row-v-1 style-4794 style-local-33399-c11 position-relative\">\n        <!---->\n        <div class=\"h-row justify-content-lg-start justify-content-md-start justify-content-start align-items-lg-stretch align-items-md-stretch align-items-stretch gutters-col-lg-1 gutters-col-md-1 gutters-col-0 gutters-col-v-lg-1 gutters-col-v-md-1 gutters-col-v-1\">\n          <!---->\n          <div class=\"h-column h-column-container d-flex h-col-lg-3 h-col-md-3 h-col-12 style-4795-outer style-local-33399-c12-outer\">\n            <div data-colibri-id=\"33399-c12\" class=\"d-flex h-flex-basis h-column__inner h-px-lg-1 h-px-md-1 h-px-1 v-inner-lg-1 v-inner-md-1 v-inner-1 style-4795 style-local-33399-c12 position-relative\">\n              <!---->\n              <!---->\n              <div class=\"w-100 h-y-container h-column__content h-column__v-align flex-basis-100 align-self-lg-start align-self-md-start align-self-start\">\n                <!---->\n                <div data-colibri-id=\"33399-c13\" class=\"h-x-container style-4801 style-local-33399-c13 position-relative h-element\">\n                  <!---->\n                  <div class=\"h-x-container-inner style-dynamic-33399-c13-group style-4801-spacing style-local-33399-c13-spacing\"><span class=\"h-link__outer style-4802-outer style-local-33399-c14-outer d-inline-flex h-element\"><a h-use-smooth-scroll=\"true\" href=\"https:\/\/docs.google.com\/spreadsheets\/d\/1U7b0h9RbMF1dLF5PW-5346bJJ_ST1GCp\/edit?usp=sharing&amp;ouid=110307493780684134611&amp;rtpof=true&amp;sd=true\" target=\"_blank\"  data-colibri-id=\"33399-c14\" class=\"d-flex w-100 align-items-center h-link style-4802 style-local-33399-c14 position-relative\"><!----><span  class=\"h-svg-icon h-link__icon style-4802-icon style-local-33399-c14-icon\"><!--Icon by Material Icons (https:\/\/material.io)--><svg version=\"1.1\" xmlns=\"http:\/\/www.w3.org\/2000\/svg\" xmlns:xlink=\"http:\/\/www.w3.org\/1999\/xlink\" id=\"directions_run\" viewbox=\"0 0 512 512\"><path d=\"M211 413L62 384l8-43 105 21 34-173-39 15v73h-42V177l111-47q3 0 8.5-1t8.5-1q21 0 36 21l21 34q29 51 92 51v43q-71 0-117-53l-13 64 45 42v160h-43V362l-45-42-21 93zm106.5-309Q305 117 288 117t-30-13q-13-13-13-30t13-29.5Q271 32 288 32t29.5 12.5Q330 57 330 74t-12.5 30z\"><\/path><\/svg><\/span>                    <span>So\u013co\u0161ana sievietes<\/span><\/a>\n                    <\/span><span class=\"h-link__outer style-4803-outer style-local-33399-c15-outer d-inline-flex h-element\"><a h-use-smooth-scroll=\"true\" href=\"https:\/\/docs.google.com\/spreadsheets\/d\/1SYcmTlBQhv-69-xUgv5Ly-mJcjV2Orz1\/edit?usp=sharing&amp;ouid=110307493780684134611&amp;rtpof=true&amp;sd=true\" target=\"_blank\"  data-colibri-id=\"33399-c15\" class=\"d-flex w-100 align-items-center h-link style-4803 style-local-33399-c15 position-relative\"><!----><span  class=\"h-svg-icon h-link__icon style-4803-icon style-local-33399-c15-icon\"><!--Icon by Material Icons (https:\/\/material.io)--><svg version=\"1.1\" xmlns=\"http:\/\/www.w3.org\/2000\/svg\" xmlns:xlink=\"http:\/\/www.w3.org\/1999\/xlink\" id=\"directions_run\" viewbox=\"0 0 512 512\"><path d=\"M211 413L62 384l8-43 105 21 34-173-39 15v73h-42V177l111-47q3 0 8.5-1t8.5-1q21 0 36 21l21 34q29 51 92 51v43q-71 0-117-53l-13 64 45 42v160h-43V362l-45-42-21 93zm106.5-309Q305 117 288 117t-30-13q-13-13-13-30t13-29.5Q271 32 288 32t29.5 12.5Q330 57 330 74t-12.5 30z\"><\/path><\/svg><\/span>                    <span>So\u013co\u0161ana v\u012brie\u0161i<\/span><\/a>\n                    <\/span><span class=\"h-link__outer style-4804-outer style-local-33399-c16-outer d-inline-flex h-element\"><a h-use-smooth-scroll=\"true\" href=\"https:\/\/docs.google.com\/spreadsheets\/d\/10xw9io0XljsvyiuOy_IdwwwoZ53IJJFW\/edit?usp=sharing&amp;ouid=110307493780684134611&amp;rtpof=true&amp;sd=true\" target=\"_blank\"  data-colibri-id=\"33399-c16\" class=\"d-flex w-100 align-items-center h-link style-4804 style-local-33399-c16 position-relative\"><!----><span  class=\"h-svg-icon h-link__icon style-4804-icon style-local-33399-c16-icon\"><!--Icon by Material Icons (https:\/\/material.io)--><svg version=\"1.1\" xmlns=\"http:\/\/www.w3.org\/2000\/svg\" xmlns:xlink=\"http:\/\/www.w3.org\/1999\/xlink\" id=\"directions_run\" viewbox=\"0 0 512 512\"><path d=\"M211 413L62 384l8-43 105 21 34-173-39 15v73h-42V177l111-47q3 0 8.5-1t8.5-1q21 0 36 21l21 34q29 51 92 51v43q-71 0-117-53l-13 64 45 42v160h-43V362l-45-42-21 93zm106.5-309Q305 117 288 117t-30-13q-13-13-13-30t13-29.5Q271 32 288 32t29.5 12.5Q330 57 330 74t-12.5 30z\"><\/path><\/svg><\/span>                    <span>Skrie\u0161ana sievietes<\/span><\/a>\n                    <\/span><span class=\"h-link__outer style-4805-outer style-local-33399-c17-outer d-inline-flex h-element\"><a h-use-smooth-scroll=\"true\" href=\"https:\/\/docs.google.com\/spreadsheets\/d\/1qSKz3z2DTgx3RrbhUzdp3j7j5NMjq8EM\/edit?usp=sharing&amp;ouid=110307493780684134611&amp;rtpof=true&amp;sd=true\" target=\"_blank\"  data-colibri-id=\"33399-c17\" class=\"d-flex w-100 align-items-center h-link style-4805 style-local-33399-c17 position-relative\"><!----><span  class=\"h-svg-icon h-link__icon style-4805-icon style-local-33399-c17-icon\"><!--Icon by Material Icons (https:\/\/material.io)--><svg version=\"1.1\" xmlns=\"http:\/\/www.w3.org\/2000\/svg\" xmlns:xlink=\"http:\/\/www.w3.org\/1999\/xlink\" id=\"directions_run\" viewbox=\"0 0 512 512\"><path d=\"M211 413L62 384l8-43 105 21 34-173-39 15v73h-42V177l111-47q3 0 8.5-1t8.5-1q21 0 36 21l21 34q29 51 92 51v43q-71 0-117-53l-13 64 45 42v160h-43V362l-45-42-21 93zm106.5-309Q305 117 288 117t-30-13q-13-13-13-30t13-29.5Q271 32 288 32t29.5 12.5Q330 57 330 74t-12.5 30z\"><\/path><\/svg><\/span>                    <span>Skrie\u0161ana v\u012brie\u0161i<\/span><\/a>\n                    <\/span>\n                  <\/div>\n                <\/div>\n              <\/div>\n            <\/div>\n          <\/div>\n        <\/div>\n      <\/div>\n    <\/div>\n  <\/div>\n  <div data-colibri-component=\"section\" data-colibri-id=\"33399-c18\" id=\"custom-3\" class=\"h-section h-section-global-spacing d-flex align-items-lg-center align-items-md-center align-items-center style-4806 style-local-33399-c18 position-relative\">\n    <!---->\n    <!---->\n    <div class=\"h-section-grid-container h-section-boxed-container\">\n      <!---->\n      <div data-colibri-id=\"33399-c19\" class=\"h-row-container gutters-row-lg-2 gutters-row-md-2 gutters-row-0 gutters-row-v-lg-2 gutters-row-v-md-2 gutters-row-v-2 style-4807 style-local-33399-c19 position-relative\">\n        <!---->\n        <div class=\"h-row justify-content-lg-center justify-content-md-center justify-content-center align-items-lg-stretch align-items-md-stretch align-items-stretch gutters-col-lg-2 gutters-col-md-2 gutters-col-0 gutters-col-v-lg-2 gutters-col-v-md-2 gutters-col-v-2\">\n          <!---->\n          <div class=\"h-column h-column-container d-flex h-col-lg-auto h-col-md-auto h-col-auto style-4808-outer style-local-33399-c20-outer\">\n            <div data-colibri-id=\"33399-c20\" class=\"d-flex h-flex-basis h-column__inner h-px-lg-2 h-px-md-2 h-px-2 v-inner-lg-2 v-inner-md-2 v-inner-2 style-4808 style-local-33399-c20 position-relative\">\n              <!---->\n              <!---->\n              <div class=\"w-100 h-y-container h-column__content h-column__v-align flex-basis-100 align-self-lg-start align-self-md-start align-self-start\">\n                <!---->\n                <div data-colibri-id=\"33399-c21\" class=\"d-block style-4810 style-local-33399-c21 position-relative h-element\">\n                  <!---->\n                  <div class=\"h-image__frame-container-outer\">\n                    <div class=\"h-image__frame-container\">\n                      <!---->\n                      <!---->\n                      <img loading=\"lazy\" decoding=\"async\" width=\"1708\" height=\"1708\" src=\"https:\/\/pbjss.edu.lv\/wp-content\/uploads\/cirulputenis-2024-rosijas-preilu-ielas\/cropped-DSC_3696-scaled-1.jpg\" class=\"wp-image-33416 style-4810-image style-local-33399-c21-image\" alt=\"\" srcset=\"https:\/\/pbjss.edu.lv\/wp-content\/uploads\/cirulputenis-2024-rosijas-preilu-ielas\/cropped-DSC_3696-scaled-1.jpg 1708w, https:\/\/pbjss.edu.lv\/wp-content\/uploads\/cirulputenis-2024-rosijas-preilu-ielas\/cropped-DSC_3696-scaled-1-300x300.jpg 300w, https:\/\/pbjss.edu.lv\/wp-content\/uploads\/cirulputenis-2024-rosijas-preilu-ielas\/cropped-DSC_3696-scaled-1-1024x1024.jpg 1024w, https:\/\/pbjss.edu.lv\/wp-content\/uploads\/cirulputenis-2024-rosijas-preilu-ielas\/cropped-DSC_3696-scaled-1-150x150.jpg 150w, https:\/\/pbjss.edu.lv\/wp-content\/uploads\/cirulputenis-2024-rosijas-preilu-ielas\/cropped-DSC_3696-scaled-1-768x768.jpg 768w, https:\/\/pbjss.edu.lv\/wp-content\/uploads\/cirulputenis-2024-rosijas-preilu-ielas\/cropped-DSC_3696-scaled-1-1536x1536.jpg 1536w\" sizes=\"auto, (max-width: 1708px) 100vw, 1708px\" \/>\n                      <div class=\"h-image__frame h-hide-lg h-hide-md h-hide-sm style-4810-frameImage style-local-33399-c21-frameImage\"><\/div>\n                    <\/div>\n                  <\/div>\n                <\/div>\n              <\/div>\n            <\/div>\n          <\/div>\n        <\/div>\n      <\/div>\n    <\/div>\n  <\/div>\n<\/div>","protected":false},"excerpt":{"rendered":"<p>Sacens\u012bbu nolikums (pdf) Sacens\u012bbu rezult\u0101ti: So\u013co\u0161ana sievietes So\u013co\u0161ana v\u012brie\u0161i Skrie\u0161ana sievietes Skrie\u0161ana v\u012brie\u0161i<\/p>","protected":false},"author":2,"featured_media":0,"parent":0,"menu_order":0,"comment_status":"closed","ping_status":"closed","template":"page-templates\/full-width-page.php","meta":{"_acf_changed":false,"footnotes":""},"class_list":["post-33399","page","type-page","status-publish","hentry"],"acf":[],"yoast_head":"<!-- This site is optimized with the Yoast SEO plugin v27.4 - https:\/\/yoast.com\/product\/yoast-seo-wordpress\/ -->\n<title>C\u012bru\u013cputenis 2025 - Prei\u013cu novada b\u0113rnu un jaunie\u0161u sporta skola<\/title>\n<meta name=\"robots\" content=\"index, follow, max-snippet:-1, max-image-preview:large, max-video-preview:-1\" \/>\n<link rel=\"canonical\" href=\"https:\/\/pbjss.edu.lv\/en\/cirulputenis-2025\/\" \/>\n<meta property=\"og:locale\" content=\"en_GB\" \/>\n<meta property=\"og:type\" content=\"article\" \/>\n<meta property=\"og:title\" content=\"C\u012bru\u013cputenis 2025 - Prei\u013cu novada b\u0113rnu un jaunie\u0161u sporta skola\" \/>\n<meta property=\"og:description\" content=\"Sacens\u012bbu nolikums (pdf) Sacens\u012bbu rezult\u0101ti: So\u013co\u0161ana sievietes So\u013co\u0161ana v\u012brie\u0161i Skrie\u0161ana sievietes Skrie\u0161ana v\u012brie\u0161i\" \/>\n<meta property=\"og:url\" content=\"https:\/\/pbjss.edu.lv\/en\/cirulputenis-2025\/\" \/>\n<meta property=\"og:site_name\" content=\"Prei\u013cu novada b\u0113rnu un jaunie\u0161u sporta skola\" \/>\n<meta property=\"article:publisher\" content=\"https:\/\/www.facebook.com\/pbjss\/?eid=ARAe9wQ7MGM0FQFTVX7QEebpfAfe5hv7HvoN-v1Jv13lgtTNi-DDzJx16PrauJn_wRTcN6k13xTyjf4n\" \/>\n<meta property=\"article:modified_time\" content=\"2025-04-05T06:26:36+00:00\" \/>\n<meta property=\"og:image\" content=\"https:\/\/pbjss.edu.lv\/wp-content\/uploads\/cirulputenis-2024-rosijas-preilu-ielas\/cropped-DSC_3696-scaled-1.jpg\" \/>\n\t<meta property=\"og:image:width\" content=\"1708\" \/>\n\t<meta property=\"og:image:height\" content=\"1708\" \/>\n\t<meta property=\"og:image:type\" content=\"image\/jpeg\" \/>\n<meta name=\"twitter:card\" content=\"summary_large_image\" \/>\n<meta name=\"twitter:label1\" content=\"Estimated reading time\" \/>\n\t<meta name=\"twitter:data1\" content=\"1 minute\" \/>\n<script type=\"application\/ld+json\" class=\"yoast-schema-graph\">{\"@context\":\"https:\\\/\\\/schema.org\",\"@graph\":[{\"@type\":\"WebPage\",\"@id\":\"https:\\\/\\\/pbjss.edu.lv\\\/cirulputenis-2025\\\/\",\"url\":\"https:\\\/\\\/pbjss.edu.lv\\\/cirulputenis-2025\\\/\",\"name\":\"C\u012bru\u013cputenis 2025 - Prei\u013cu novada b\u0113rnu un jaunie\u0161u sporta skola\",\"isPartOf\":{\"@id\":\"https:\\\/\\\/pbjss.edu.lv\\\/#website\"},\"primaryImageOfPage\":{\"@id\":\"https:\\\/\\\/pbjss.edu.lv\\\/cirulputenis-2025\\\/#primaryimage\"},\"image\":{\"@id\":\"https:\\\/\\\/pbjss.edu.lv\\\/cirulputenis-2025\\\/#primaryimage\"},\"thumbnailUrl\":\"https:\\\/\\\/pbjss.edu.lv\\\/wp-content\\\/uploads\\\/cirulputenis-2024-rosijas-preilu-ielas\\\/cropped-DSC_3696-scaled-1.jpg\",\"datePublished\":\"2025-04-04T16:42:47+00:00\",\"dateModified\":\"2025-04-05T06:26:36+00:00\",\"breadcrumb\":{\"@id\":\"https:\\\/\\\/pbjss.edu.lv\\\/cirulputenis-2025\\\/#breadcrumb\"},\"inLanguage\":\"en-GB\",\"potentialAction\":[{\"@type\":\"ReadAction\",\"target\":[\"https:\\\/\\\/pbjss.edu.lv\\\/cirulputenis-2025\\\/\"]}]},{\"@type\":\"ImageObject\",\"inLanguage\":\"en-GB\",\"@id\":\"https:\\\/\\\/pbjss.edu.lv\\\/cirulputenis-2025\\\/#primaryimage\",\"url\":\"https:\\\/\\\/pbjss.edu.lv\\\/wp-content\\\/uploads\\\/cirulputenis-2024-rosijas-preilu-ielas\\\/cropped-DSC_3696-scaled-1.jpg\",\"contentUrl\":\"https:\\\/\\\/pbjss.edu.lv\\\/wp-content\\\/uploads\\\/cirulputenis-2024-rosijas-preilu-ielas\\\/cropped-DSC_3696-scaled-1.jpg\"},{\"@type\":\"BreadcrumbList\",\"@id\":\"https:\\\/\\\/pbjss.edu.lv\\\/cirulputenis-2025\\\/#breadcrumb\",\"itemListElement\":[{\"@type\":\"ListItem\",\"position\":1,\"name\":\"Home\",\"item\":\"https:\\\/\\\/pbjss.edu.lv\\\/\"},{\"@type\":\"ListItem\",\"position\":2,\"name\":\"C\u012bru\u013cputenis 2025\"}]},{\"@type\":\"WebSite\",\"@id\":\"https:\\\/\\\/pbjss.edu.lv\\\/#website\",\"url\":\"https:\\\/\\\/pbjss.edu.lv\\\/\",\"name\":\"Prei\u013cu novada b\u0113rnu un jaunie\u0161u sporta skola\",\"description\":\"Augst\u0101k, t\u0101l\u0101k, stipr\u0101k!\",\"potentialAction\":[{\"@type\":\"SearchAction\",\"target\":{\"@type\":\"EntryPoint\",\"urlTemplate\":\"https:\\\/\\\/pbjss.edu.lv\\\/?s={search_term_string}\"},\"query-input\":{\"@type\":\"PropertyValueSpecification\",\"valueRequired\":true,\"valueName\":\"search_term_string\"}}],\"inLanguage\":\"en-GB\"}]}<\/script>\n<!-- \/ Yoast SEO plugin. -->","yoast_head_json":{"title":"C\u012bru\u013cputenis 2025 - Prei\u013cu novada b\u0113rnu un jaunie\u0161u sporta skola","robots":{"index":"index","follow":"follow","max-snippet":"max-snippet:-1","max-image-preview":"max-image-preview:large","max-video-preview":"max-video-preview:-1"},"canonical":"https:\/\/pbjss.edu.lv\/en\/cirulputenis-2025\/","og_locale":"en_GB","og_type":"article","og_title":"C\u012bru\u013cputenis 2025 - Prei\u013cu novada b\u0113rnu un jaunie\u0161u sporta skola","og_description":"Sacens\u012bbu nolikums (pdf) Sacens\u012bbu rezult\u0101ti: So\u013co\u0161ana sievietes So\u013co\u0161ana v\u012brie\u0161i Skrie\u0161ana sievietes Skrie\u0161ana v\u012brie\u0161i","og_url":"https:\/\/pbjss.edu.lv\/en\/cirulputenis-2025\/","og_site_name":"Prei\u013cu novada b\u0113rnu un jaunie\u0161u sporta skola","article_publisher":"https:\/\/www.facebook.com\/pbjss\/?eid=ARAe9wQ7MGM0FQFTVX7QEebpfAfe5hv7HvoN-v1Jv13lgtTNi-DDzJx16PrauJn_wRTcN6k13xTyjf4n","article_modified_time":"2025-04-05T06:26:36+00:00","og_image":[{"width":1708,"height":1708,"url":"https:\/\/pbjss.edu.lv\/wp-content\/uploads\/cirulputenis-2024-rosijas-preilu-ielas\/cropped-DSC_3696-scaled-1.jpg","type":"image\/jpeg"}],"twitter_card":"summary_large_image","twitter_misc":{"Estimated reading time":"1 minute"},"schema":{"@context":"https:\/\/schema.org","@graph":[{"@type":"WebPage","@id":"https:\/\/pbjss.edu.lv\/cirulputenis-2025\/","url":"https:\/\/pbjss.edu.lv\/cirulputenis-2025\/","name":"C\u012bru\u013cputenis 2025 - Prei\u013cu novada b\u0113rnu un jaunie\u0161u sporta skola","isPartOf":{"@id":"https:\/\/pbjss.edu.lv\/#website"},"primaryImageOfPage":{"@id":"https:\/\/pbjss.edu.lv\/cirulputenis-2025\/#primaryimage"},"image":{"@id":"https:\/\/pbjss.edu.lv\/cirulputenis-2025\/#primaryimage"},"thumbnailUrl":"https:\/\/pbjss.edu.lv\/wp-content\/uploads\/cirulputenis-2024-rosijas-preilu-ielas\/cropped-DSC_3696-scaled-1.jpg","datePublished":"2025-04-04T16:42:47+00:00","dateModified":"2025-04-05T06:26:36+00:00","breadcrumb":{"@id":"https:\/\/pbjss.edu.lv\/cirulputenis-2025\/#breadcrumb"},"inLanguage":"en-GB","potentialAction":[{"@type":"ReadAction","target":["https:\/\/pbjss.edu.lv\/cirulputenis-2025\/"]}]},{"@type":"ImageObject","inLanguage":"en-GB","@id":"https:\/\/pbjss.edu.lv\/cirulputenis-2025\/#primaryimage","url":"https:\/\/pbjss.edu.lv\/wp-content\/uploads\/cirulputenis-2024-rosijas-preilu-ielas\/cropped-DSC_3696-scaled-1.jpg","contentUrl":"https:\/\/pbjss.edu.lv\/wp-content\/uploads\/cirulputenis-2024-rosijas-preilu-ielas\/cropped-DSC_3696-scaled-1.jpg"},{"@type":"BreadcrumbList","@id":"https:\/\/pbjss.edu.lv\/cirulputenis-2025\/#breadcrumb","itemListElement":[{"@type":"ListItem","position":1,"name":"Home","item":"https:\/\/pbjss.edu.lv\/"},{"@type":"ListItem","position":2,"name":"C\u012bru\u013cputenis 2025"}]},{"@type":"WebSite","@id":"https:\/\/pbjss.edu.lv\/#website","url":"https:\/\/pbjss.edu.lv\/","name":"Prei\u013cu novada b\u0113rnu un jaunie\u0161u sporta skola","description":"Augst\u0101k, t\u0101l\u0101k, stipr\u0101k!","potentialAction":[{"@type":"SearchAction","target":{"@type":"EntryPoint","urlTemplate":"https:\/\/pbjss.edu.lv\/?s={search_term_string}"},"query-input":{"@type":"PropertyValueSpecification","valueRequired":true,"valueName":"search_term_string"}}],"inLanguage":"en-GB"}]}},"_links":{"self":[{"href":"https:\/\/pbjss.edu.lv\/en\/wp-json\/wp\/v2\/pages\/33399","targetHints":{"allow":["GET"]}}],"collection":[{"href":"https:\/\/pbjss.edu.lv\/en\/wp-json\/wp\/v2\/pages"}],"about":[{"href":"https:\/\/pbjss.edu.lv\/en\/wp-json\/wp\/v2\/types\/page"}],"author":[{"embeddable":true,"href":"https:\/\/pbjss.edu.lv\/en\/wp-json\/wp\/v2\/users\/2"}],"replies":[{"embeddable":true,"href":"https:\/\/pbjss.edu.lv\/en\/wp-json\/wp\/v2\/comments?post=33399"}],"version-history":[{"count":14,"href":"https:\/\/pbjss.edu.lv\/en\/wp-json\/wp\/v2\/pages\/33399\/revisions"}],"predecessor-version":[{"id":33500,"href":"https:\/\/pbjss.edu.lv\/en\/wp-json\/wp\/v2\/pages\/33399\/revisions\/33500"}],"wp:attachment":[{"href":"https:\/\/pbjss.edu.lv\/en\/wp-json\/wp\/v2\/media?parent=33399"}],"curies":[{"name":"wp","href":"https:\/\/api.w.org\/{rel}","templated":true}]}}