{"id":29827,"date":"2024-04-26T13:32:19","date_gmt":"2024-04-26T10:32:19","guid":{"rendered":"https:\/\/pbjss.edu.lv\/?page_id=29827"},"modified":"2024-10-15T19:58:45","modified_gmt":"2024-10-15T16:58:45","slug":"vesture","status":"publish","type":"page","link":"https:\/\/pbjss.edu.lv\/en\/sporta-veidi\/galda-teniss\/vesture\/","title":{"rendered":"Galda tenisa v\u0113sture Prei\u013cos"},"content":{"rendered":"<div data-colibri-id=\"29827-c1\" class=\"style-2912 style-local-29827-c1 position-relative\">\n  <!---->\n  <div data-colibri-component=\"section\" data-colibri-id=\"29827-c2\" id=\"initial-content\" class=\"h-section h-section-global-spacing d-flex align-items-lg-center align-items-md-center align-items-center style-2913 style-local-29827-c2 position-relative\">\n    <!---->\n    <!---->\n    <div class=\"h-section-grid-container h-section-boxed-container\">\n      <!---->\n      <div data-colibri-id=\"29827-c3\" class=\"h-row-container gutters-row-lg-1 gutters-row-md-1 gutters-row-0 gutters-row-v-lg-1 gutters-row-v-md-1 gutters-row-v-1 style-3043 style-local-29827-c3 position-relative\">\n        <!---->\n        <div class=\"h-row justify-content-lg-center justify-content-md-center justify-content-center align-items-lg-stretch align-items-md-stretch align-items-stretch gutters-col-lg-1 gutters-col-md-1 gutters-col-0 gutters-col-v-lg-1 gutters-col-v-md-1 gutters-col-v-1\">\n          <!---->\n          <div class=\"h-column h-column-container d-flex h-col-lg-auto h-col-md-auto h-col-auto style-3044-outer style-local-29827-c4-outer\">\n            <div data-colibri-id=\"29827-c4\" class=\"d-flex h-flex-basis h-column__inner h-px-lg-0 h-px-md-0 h-px-0 v-inner-lg-0 v-inner-md-0 v-inner-0 style-3044 style-local-29827-c4 position-relative\">\n              <!---->\n              <!---->\n              <div class=\"w-100 h-y-container h-column__content h-column__v-align flex-basis-auto align-self-lg-start align-self-md-start align-self-start\">\n                <!---->\n                <div data-colibri-id=\"29827-c5\" class=\"h-text h-text-component style-3046 style-local-29827-c5 position-relative h-element\">\n                  <!---->\n                  <!---->\n                  <div class=\"\">\n                    <p><span style=\"color: rgb(23, 37, 42); font-family: &quot;Open Sans&quot;; font-size: 15px; font-weight: 400;\">Pirm\u0101s galda tenisa sacens\u012bbas Prei\u013cu pus\u0113 notiku\u0161as jau 1953. gad\u0101, kad t\u0101s tika iek\u013cautas rajona spartaki\u0101des nolikum\u0101. Pirm\u0101s republikas noz\u012bmes sacens\u012bbas Prei\u013cos notika 1977. gada febru\u0101r\u012b, kad sacent\u0101s Autotransporta un \u0161oseju ministrijas pak\u013caut\u012bb\u0101 eso\u0161o uz\u0146\u0113mumu lab\u0101kie galda tenisisti. No 1980- 87. gadam notika L\u013bKJS rajona komitejas d\u0101v\u0101t\u0101 kausa un balvu izc\u012b\u0146a komand\u0101m un individu\u0101laj\u0101 ieskait\u0113, kur piedal\u012bj\u0101s sportisti no Latgales rajoniem un pils\u0113t\u0101m, k\u0101 ar\u012b no R\u012bgas, Kurzemes, Zemgales un Vidzemes novadiem. 1988. gad\u0101 tika sar\u012bkots pirmais Latgales atkl\u0101tais individu\u0101lais \u010dempion\u0101ts kur\u0161 Prei\u013cos notiks ar\u012b \u0161ogad. 1990 -91. gados \u0161\u012bs bija vienas no liel\u0101kaj\u0101m sacens\u012bb\u0101m Latvij\u0101, kur attiec\u012bgi piedal\u012bj\u0101s 56 un 53 dal\u012bbnieki un meistar\u012bbas zi\u0146\u0101 to d\u0113v\u0113ja par \u201emazo\u201d Latvijas \u010dempion\u0101tu, jo piedal\u012bj\u0101s to gadu \u010dempioni un godalgoto vietu ieguv\u0113ji. Visus \u0161os gadus sacens\u012bbu galvenais organizators bija Voldem\u0101rs Limans un galvenais tiesnesis Prei\u013cu 1. vidusskolas sporta skolot\u0101js Arv\u012bds Po\u0161eika.&nbsp;&nbsp;Prei\u013cos ir notiku\u0161i jau divi Baltijas veter\u0101nu \u010dempion\u0101ti : pirmais 2004.gad\u0101 un otrais 2017. gad\u0101, kad sasniegts \u0161o sacens\u012bbu absol\u016btais dal\u012bbnieku rekordskaits \u2013 149.&nbsp;&nbsp;Laika posm\u0101 no&nbsp;1978.&nbsp;l\u012bdz 1990. gadam Prei\u013cu galda tenisisti regul\u0101ri piedal\u012bju\u0161ies BSB \u201eV\u0101rpa\u201d&nbsp;r\u012bkotajos komandu un individu\u0101lajos \u010dempion\u0101tos. Prei\u013cu pils\u0113tas un rajona godu \u0161aj\u0101 period\u0101 aizst\u0101v\u0113ju\u0161i: Voldem\u0101rs Limans, J\u0101nis \u0160i\u0161la, Valdis Labinskis, P\u0101vels Ko\u0146uhovs, Osvalds Podnieks.&nbsp;&nbsp;&nbsp;Prei\u013cu sporta skolas treneri galda tenis\u0101: Anatolijs Isajevs ( Prei\u013cos no 1991.-V\u0101rkavas vsk.-2021.), Oskars \u0160i\u0161la ( Gail\u012b\u0161u psk.), Osvalds \u0160\u0146epsts( Pel\u0113\u010du psk. no 2017.g.), Aleksandrs Pahomovs( Prei\u013cos no 2023.g.), pieaugu\u0161ais sports- Voldem\u0101rs Limans.<\/span><\/p>\n                  <\/div>\n                <\/div>\n              <\/div>\n            <\/div>\n          <\/div>\n        <\/div>\n      <\/div>\n      <div data-colibri-id=\"29827-c6\" class=\"h-row-container gutters-row-lg-1 gutters-row-md-1 gutters-row-0 gutters-row-v-lg-1 gutters-row-v-md-1 gutters-row-v-1 style-3047 style-local-29827-c6 position-relative\">\n        <!---->\n        <div class=\"h-row justify-content-lg-center justify-content-md-center justify-content-center align-items-lg-stretch align-items-md-stretch align-items-stretch gutters-col-lg-1 gutters-col-md-1 gutters-col-0 gutters-col-v-lg-1 gutters-col-v-md-1 gutters-col-v-1\">\n          <!---->\n          <div class=\"h-column h-column-container d-flex h-col-lg-auto h-col-md-auto h-col-auto style-3048-outer style-local-29827-c7-outer\">\n            <div data-colibri-id=\"29827-c7\" class=\"d-flex h-flex-basis h-column__inner h-px-lg-0 h-px-md-0 h-px-0 v-inner-lg-0 v-inner-md-0 v-inner-0 style-3048 style-local-29827-c7 position-relative\">\n              <!---->\n              <!---->\n              <div class=\"w-100 h-y-container h-column__content h-column__v-align flex-basis-auto align-self-lg-start align-self-md-start align-self-start\">\n                <!---->\n                <div data-colibri-id=\"29827-c8\" class=\"h-global-transition-all h-heading style-3050 style-local-29827-c8 position-relative h-element\">\n                  <!---->\n                  <div class=\"h-heading__outer style-3050 style-local-29827-c8\">\n                    <!---->\n                    <!---->\n                    <h4 class=\"\">PREI\u013bU NOVADA BJSS GALDA TENISA NODA\u013bAS STARTI STARPTAUTISK\u0100S SACENS\u012aB\u0100S<\/h4>\n                  <\/div>\n                <\/div>\n              <\/div>\n            <\/div>\n          <\/div>\n        <\/div>\n      <\/div>\n      <div data-colibri-id=\"29827-c9\" class=\"h-row-container gutters-row-lg-0 gutters-row-md-0 gutters-row-0 gutters-row-v-lg-0 gutters-row-v-md-0 gutters-row-v-0 style-3055 style-local-29827-c9 position-relative\">\n        <!---->\n        <div class=\"h-row justify-content-lg-center justify-content-md-center justify-content-center align-items-lg-stretch align-items-md-stretch align-items-stretch gutters-col-lg-0 gutters-col-md-0 gutters-col-0 gutters-col-v-lg-0 gutters-col-v-md-0 gutters-col-v-0\">\n          <!---->\n          <div class=\"h-column h-column-container d-flex h-col-lg-auto h-col-md-auto h-col-auto style-3056-outer style-local-29827-c10-outer\">\n            <div data-colibri-id=\"29827-c10\" class=\"d-flex h-flex-basis h-column__inner h-px-lg-0 h-px-md-0 h-px-0 v-inner-lg-0 v-inner-md-0 v-inner-0 style-3056 style-local-29827-c10 position-relative\">\n              <!---->\n              <!---->\n              <div class=\"w-100 h-y-container h-column__content h-column__v-align flex-basis-100 align-self-lg-start align-self-md-start align-self-start\">\n                <!---->\n                <div data-colibri-id=\"29827-c11\" class=\"h-text h-text-component style-3057 style-local-29827-c11 position-relative h-element\">\n                  <!---->\n                  <!---->\n                  <div class=\"\">\n                    <p><span style=\"font-weight: 400;\">Viktorija Zabalujeva 2011 Holande<\/span>\n                      <br>\n                    <\/p>\n                  <\/div>\n                <\/div>\n              <\/div>\n            <\/div>\n          <\/div>\n        <\/div>\n      <\/div>\n      <div data-colibri-id=\"29827-c12\" class=\"h-row-container gutters-row-lg-1 gutters-row-md-1 gutters-row-0 gutters-row-v-lg-1 gutters-row-v-md-1 gutters-row-v-1 style-3061 style-local-29827-c12 position-relative\">\n        <!---->\n        <div class=\"h-row justify-content-lg-center justify-content-md-center justify-content-center align-items-lg-stretch align-items-md-stretch align-items-stretch gutters-col-lg-1 gutters-col-md-1 gutters-col-0 gutters-col-v-lg-1 gutters-col-v-md-1 gutters-col-v-1\">\n          <!---->\n          <div class=\"h-column h-column-container d-flex h-col-lg-auto h-col-md-auto h-col-auto style-3062-outer style-local-29827-c13-outer\">\n            <div data-colibri-id=\"29827-c13\" class=\"d-flex h-flex-basis h-column__inner h-px-lg-1 h-px-md-1 h-px-1 v-inner-lg-1 v-inner-md-1 v-inner-1 style-3062 style-local-29827-c13 position-relative\">\n              <!---->\n              <!---->\n              <div class=\"w-100 h-y-container h-column__content h-column__v-align flex-basis-100 align-self-lg-start align-self-md-start align-self-start\">\n                <!---->\n                <div data-colibri-id=\"29827-c14\" class=\"h-global-transition-all h-heading style-3063 style-local-29827-c14 position-relative h-element\">\n                  <!---->\n                  <div class=\"h-heading__outer style-3063 style-local-29827-c14\">\n                    <!---->\n                    <!---->\n                    <h4 class=\"\">Eiropas jaunatnes \u010dempion\u0101ti galda tenis\u0101<\/h4>\n                  <\/div>\n                <\/div>\n              <\/div>\n            <\/div>\n          <\/div>\n        <\/div>\n      <\/div>\n      <div data-colibri-id=\"29827-c15\" class=\"h-row-container gutters-row-lg-0 gutters-row-md-0 gutters-row-0 gutters-row-v-lg-0 gutters-row-v-md-0 gutters-row-v-0 style-3064 style-local-29827-c15 position-relative\">\n        <!---->\n        <div class=\"h-row justify-content-lg-center justify-content-md-center justify-content-center align-items-lg-stretch align-items-md-stretch align-items-stretch gutters-col-lg-0 gutters-col-md-0 gutters-col-0 gutters-col-v-lg-0 gutters-col-v-md-0 gutters-col-v-0\">\n          <!---->\n          <div class=\"h-column h-column-container d-flex h-col-lg-auto h-col-md-auto h-col-auto style-3065-outer style-local-29827-c16-outer\">\n            <div data-colibri-id=\"29827-c16\" class=\"d-flex h-flex-basis h-column__inner h-px-lg-0 h-px-md-0 h-px-0 v-inner-lg-0 v-inner-md-0 v-inner-0 style-3065 style-local-29827-c16 position-relative\">\n              <!---->\n              <!---->\n              <div class=\"w-100 h-y-container h-column__content h-column__v-align flex-basis-100 align-self-lg-start align-self-md-start align-self-start\">\n                <!---->\n                <div data-colibri-id=\"29827-c17\" class=\"d-block style-3072 style-local-29827-c17 position-relative h-element\">\n                  <!---->\n                  <div class=\"h-image__frame-container-outer\">\n                    <div class=\"h-image__frame-container\">\n                      <!---->\n                      <!---->\n                      <img decoding=\"async\" src=\"https:\/\/pbjss.edu.lv\/wp-content\/uploads\/cropped-Tabula-1-768x543.png\" class=\"style-3072-image style-local-29827-c17-image\">\n                      <div class=\"h-image__frame h-hide-lg h-hide-md h-hide-sm style-3072-frameImage style-local-29827-c17-frameImage\"><\/div>\n                    <\/div>\n                  <\/div>\n                <\/div>\n              <\/div>\n            <\/div>\n          <\/div>\n        <\/div>\n      <\/div>\n      <div data-colibri-id=\"29827-c18\" class=\"h-row-container gutters-row-lg-1 gutters-row-md-1 gutters-row-0 gutters-row-v-lg-1 gutters-row-v-md-1 gutters-row-v-1 style-3073 style-local-29827-c18 position-relative\">\n        <!---->\n        <div class=\"h-row justify-content-lg-center justify-content-md-center justify-content-center align-items-lg-stretch align-items-md-stretch align-items-stretch gutters-col-lg-1 gutters-col-md-1 gutters-col-0 gutters-col-v-lg-1 gutters-col-v-md-1 gutters-col-v-1\">\n          <!---->\n          <div class=\"h-column h-column-container d-flex h-col-lg-auto h-col-md-auto h-col-auto style-3074-outer style-local-29827-c19-outer\">\n            <div data-colibri-id=\"29827-c19\" class=\"d-flex h-flex-basis h-column__inner h-px-lg-1 h-px-md-1 h-px-1 v-inner-lg-1 v-inner-md-1 v-inner-1 style-3074 style-local-29827-c19 position-relative\">\n              <!---->\n              <!---->\n              <div class=\"w-100 h-y-container h-column__content h-column__v-align flex-basis-100 align-self-lg-start align-self-md-start align-self-start\">\n                <!---->\n                <div data-colibri-id=\"29827-c20\" class=\"h-global-transition-all h-heading style-3075 style-local-29827-c20 position-relative h-element\">\n                  <!---->\n                  <div class=\"h-heading__outer style-3075 style-local-29827-c20\">\n                    <!---->\n                    <!---->\n                    <h4 class=\"\">Minikadetu Eiropas \u010dempion\u0101ti galda tenis\u0101<\/h4>\n                  <\/div>\n                <\/div>\n              <\/div>\n            <\/div>\n          <\/div>\n        <\/div>\n      <\/div>\n      <div data-colibri-id=\"29827-c21\" class=\"h-row-container gutters-row-lg-0 gutters-row-md-0 gutters-row-0 gutters-row-v-lg-0 gutters-row-v-md-0 gutters-row-v-0 style-3076 style-local-29827-c21 position-relative\">\n        <!---->\n        <div class=\"h-row justify-content-lg-center justify-content-md-center justify-content-center align-items-lg-stretch align-items-md-stretch align-items-stretch gutters-col-lg-0 gutters-col-md-0 gutters-col-0 gutters-col-v-lg-0 gutters-col-v-md-0 gutters-col-v-0\">\n          <!---->\n          <div class=\"h-column h-column-container d-flex h-col-lg-auto h-col-md-auto h-col-auto style-3077-outer style-local-29827-c22-outer\">\n            <div data-colibri-id=\"29827-c22\" class=\"d-flex h-flex-basis h-column__inner h-px-lg-0 h-px-md-0 h-px-0 v-inner-lg-0 v-inner-md-0 v-inner-0 style-3077 style-local-29827-c22 position-relative\">\n              <!---->\n              <!---->\n              <div class=\"w-100 h-y-container h-column__content h-column__v-align flex-basis-100 align-self-lg-start align-self-md-start align-self-start\">\n                <!---->\n                <div data-colibri-id=\"29827-c23\" class=\"d-block style-3079 style-local-29827-c23 position-relative h-element\">\n                  <!---->\n                  <div class=\"h-image__frame-container-outer\">\n                    <div class=\"h-image__frame-container\">\n                      <!---->\n                      <!---->\n                      <img decoding=\"async\" src=\"https:\/\/pbjss.edu.lv\/wp-content\/uploads\/cropped-Tabula1-1-768x361.png\" class=\"style-3079-image style-local-29827-c23-image\">\n                      <div class=\"h-image__frame h-hide-lg h-hide-md h-hide-sm style-3079-frameImage style-local-29827-c23-frameImage\"><\/div>\n                    <\/div>\n                  <\/div>\n                <\/div>\n              <\/div>\n            <\/div>\n          <\/div>\n        <\/div>\n      <\/div>\n      <div data-colibri-id=\"29827-c24\" class=\"h-row-container gutters-row-lg-1 gutters-row-md-1 gutters-row-0 gutters-row-v-lg-1 gutters-row-v-md-1 gutters-row-v-1 style-3051 style-local-29827-c24 position-relative\">\n        <!---->\n        <div class=\"h-row justify-content-lg-center justify-content-md-center justify-content-center align-items-lg-stretch align-items-md-stretch align-items-stretch gutters-col-lg-1 gutters-col-md-1 gutters-col-0 gutters-col-v-lg-1 gutters-col-v-md-1 gutters-col-v-1\">\n          <!---->\n          <div class=\"h-column h-column-container d-flex h-col-lg-auto h-col-md-auto h-col-auto style-3052-outer style-local-29827-c25-outer\">\n            <div data-colibri-id=\"29827-c25\" class=\"d-flex h-flex-basis h-column__inner h-ui-empty-state-container h-px-lg-1 h-px-md-1 h-px-1 v-inner-lg-1 v-inner-md-1 v-inner-1 style-3052 style-local-29827-c25 position-relative\">\n              <!---->\n              <!---->\n              <div class=\"w-100 h-y-container h-column__content h-column__v-align flex-basis-auto\">\n                <!---->\n              <\/div>\n            <\/div>\n          <\/div>\n        <\/div>\n      <\/div>\n    <\/div>\n  <\/div>\n<\/div>","protected":false},"excerpt":{"rendered":"<p>Pirm\u0101s galda tenisa sacens\u012bbas Prei\u013cu pus\u0113 notiku\u0161as jau 1953. gad\u0101, kad t\u0101s tika iek\u013cautas rajona spartaki\u0101des nolikum\u0101. Pirm\u0101s republikas noz\u012bmes sacens\u012bbas Prei\u013cos notika 1977. gada febru\u0101r\u012b, kad sacent\u0101s Autotransporta un [&hellip;]<\/p>\n","protected":false},"author":2,"featured_media":0,"parent":12976,"menu_order":0,"comment_status":"closed","ping_status":"closed","template":"page-templates\/full-width-page.php","meta":{"_acf_changed":false,"footnotes":""},"class_list":["post-29827","page","type-page","status-publish","hentry"],"acf":[],"yoast_head":"<!-- This site is optimized with the Yoast SEO plugin v27.5 - https:\/\/yoast.com\/product\/yoast-seo-wordpress\/ -->\n<title>Galda tenisa v\u0113sture Prei\u013cos - Prei\u013cu novada b\u0113rnu un jaunie\u0161u sporta skola<\/title>\n<meta name=\"robots\" content=\"index, follow, max-snippet:-1, max-image-preview:large, max-video-preview:-1\" \/>\n<link rel=\"canonical\" href=\"https:\/\/pbjss.edu.lv\/en\/sporta-veidi\/galda-teniss\/vesture\/\" \/>\n<meta property=\"og:locale\" content=\"en_GB\" \/>\n<meta property=\"og:type\" content=\"article\" \/>\n<meta property=\"og:title\" content=\"Galda tenisa v\u0113sture Prei\u013cos - Prei\u013cu novada b\u0113rnu un jaunie\u0161u sporta skola\" \/>\n<meta property=\"og:description\" content=\"Pirm\u0101s galda tenisa sacens\u012bbas Prei\u013cu pus\u0113 notiku\u0161as jau 1953. gad\u0101, kad t\u0101s tika iek\u013cautas rajona spartaki\u0101des nolikum\u0101. Pirm\u0101s republikas noz\u012bmes sacens\u012bbas Prei\u013cos notika 1977. gada febru\u0101r\u012b, kad sacent\u0101s Autotransporta un [&hellip;]\" \/>\n<meta property=\"og:url\" content=\"https:\/\/pbjss.edu.lv\/en\/sporta-veidi\/galda-teniss\/vesture\/\" \/>\n<meta property=\"og:site_name\" content=\"Prei\u013cu novada b\u0113rnu un jaunie\u0161u sporta skola\" \/>\n<meta property=\"article:publisher\" content=\"https:\/\/www.facebook.com\/pbjss\/?eid=ARAe9wQ7MGM0FQFTVX7QEebpfAfe5hv7HvoN-v1Jv13lgtTNi-DDzJx16PrauJn_wRTcN6k13xTyjf4n\" \/>\n<meta property=\"article:modified_time\" content=\"2024-10-15T16:58:45+00:00\" \/>\n<meta property=\"og:image\" content=\"https:\/\/pbjss.edu.lv\/wp-content\/uploads\/cropped-Tabula-1-768x543.png\" \/>\n<meta name=\"twitter:card\" content=\"summary_large_image\" \/>\n<meta name=\"twitter:label1\" content=\"Estimated reading time\" \/>\n\t<meta name=\"twitter:data1\" content=\"3 minutes\" \/>\n<script type=\"application\/ld+json\" class=\"yoast-schema-graph\">{\"@context\":\"https:\\\/\\\/schema.org\",\"@graph\":[{\"@type\":\"WebPage\",\"@id\":\"https:\\\/\\\/pbjss.edu.lv\\\/sporta-veidi\\\/galda-teniss\\\/vesture\\\/\",\"url\":\"https:\\\/\\\/pbjss.edu.lv\\\/sporta-veidi\\\/galda-teniss\\\/vesture\\\/\",\"name\":\"Galda tenisa v\u0113sture Prei\u013cos - Prei\u013cu novada b\u0113rnu un jaunie\u0161u sporta skola\",\"isPartOf\":{\"@id\":\"https:\\\/\\\/pbjss.edu.lv\\\/#website\"},\"primaryImageOfPage\":{\"@id\":\"https:\\\/\\\/pbjss.edu.lv\\\/sporta-veidi\\\/galda-teniss\\\/vesture\\\/#primaryimage\"},\"image\":{\"@id\":\"https:\\\/\\\/pbjss.edu.lv\\\/sporta-veidi\\\/galda-teniss\\\/vesture\\\/#primaryimage\"},\"thumbnailUrl\":\"https:\\\/\\\/pbjss.edu.lv\\\/wp-content\\\/uploads\\\/cropped-Tabula-1-768x543.png\",\"datePublished\":\"2024-04-26T10:32:19+00:00\",\"dateModified\":\"2024-10-15T16:58:45+00:00\",\"breadcrumb\":{\"@id\":\"https:\\\/\\\/pbjss.edu.lv\\\/sporta-veidi\\\/galda-teniss\\\/vesture\\\/#breadcrumb\"},\"inLanguage\":\"en-GB\",\"potentialAction\":[{\"@type\":\"ReadAction\",\"target\":[\"https:\\\/\\\/pbjss.edu.lv\\\/sporta-veidi\\\/galda-teniss\\\/vesture\\\/\"]}]},{\"@type\":\"ImageObject\",\"inLanguage\":\"en-GB\",\"@id\":\"https:\\\/\\\/pbjss.edu.lv\\\/sporta-veidi\\\/galda-teniss\\\/vesture\\\/#primaryimage\",\"url\":\"https:\\\/\\\/pbjss.edu.lv\\\/wp-content\\\/uploads\\\/cropped-Tabula-1-768x543.png\",\"contentUrl\":\"https:\\\/\\\/pbjss.edu.lv\\\/wp-content\\\/uploads\\\/cropped-Tabula-1-768x543.png\"},{\"@type\":\"BreadcrumbList\",\"@id\":\"https:\\\/\\\/pbjss.edu.lv\\\/sporta-veidi\\\/galda-teniss\\\/vesture\\\/#breadcrumb\",\"itemListElement\":[{\"@type\":\"ListItem\",\"position\":1,\"name\":\"Home\",\"item\":\"https:\\\/\\\/pbjss.edu.lv\\\/\"},{\"@type\":\"ListItem\",\"position\":2,\"name\":\"Sporta veidi\",\"item\":\"https:\\\/\\\/pbjss.edu.lv\\\/sporta-veidi\\\/\"},{\"@type\":\"ListItem\",\"position\":3,\"name\":\"Galda teniss\",\"item\":\"https:\\\/\\\/pbjss.edu.lv\\\/sporta-veidi\\\/galda-teniss\\\/\"},{\"@type\":\"ListItem\",\"position\":4,\"name\":\"Galda tenisa v\u0113sture Prei\u013cos\"}]},{\"@type\":\"WebSite\",\"@id\":\"https:\\\/\\\/pbjss.edu.lv\\\/#website\",\"url\":\"https:\\\/\\\/pbjss.edu.lv\\\/\",\"name\":\"Prei\u013cu novada b\u0113rnu un jaunie\u0161u sporta skola\",\"description\":\"Augst\u0101k, t\u0101l\u0101k, stipr\u0101k!\",\"potentialAction\":[{\"@type\":\"SearchAction\",\"target\":{\"@type\":\"EntryPoint\",\"urlTemplate\":\"https:\\\/\\\/pbjss.edu.lv\\\/?s={search_term_string}\"},\"query-input\":{\"@type\":\"PropertyValueSpecification\",\"valueRequired\":true,\"valueName\":\"search_term_string\"}}],\"inLanguage\":\"en-GB\"}]}<\/script>\n<!-- \/ Yoast SEO plugin. -->","yoast_head_json":{"title":"Galda tenisa v\u0113sture Prei\u013cos - Prei\u013cu novada b\u0113rnu un jaunie\u0161u sporta skola","robots":{"index":"index","follow":"follow","max-snippet":"max-snippet:-1","max-image-preview":"max-image-preview:large","max-video-preview":"max-video-preview:-1"},"canonical":"https:\/\/pbjss.edu.lv\/en\/sporta-veidi\/galda-teniss\/vesture\/","og_locale":"en_GB","og_type":"article","og_title":"Galda tenisa v\u0113sture Prei\u013cos - Prei\u013cu novada b\u0113rnu un jaunie\u0161u sporta skola","og_description":"Pirm\u0101s galda tenisa sacens\u012bbas Prei\u013cu pus\u0113 notiku\u0161as jau 1953. gad\u0101, kad t\u0101s tika iek\u013cautas rajona spartaki\u0101des nolikum\u0101. Pirm\u0101s republikas noz\u012bmes sacens\u012bbas Prei\u013cos notika 1977. gada febru\u0101r\u012b, kad sacent\u0101s Autotransporta un [&hellip;]","og_url":"https:\/\/pbjss.edu.lv\/en\/sporta-veidi\/galda-teniss\/vesture\/","og_site_name":"Prei\u013cu novada b\u0113rnu un jaunie\u0161u sporta skola","article_publisher":"https:\/\/www.facebook.com\/pbjss\/?eid=ARAe9wQ7MGM0FQFTVX7QEebpfAfe5hv7HvoN-v1Jv13lgtTNi-DDzJx16PrauJn_wRTcN6k13xTyjf4n","article_modified_time":"2024-10-15T16:58:45+00:00","og_image":[{"url":"https:\/\/pbjss.edu.lv\/wp-content\/uploads\/cropped-Tabula-1-768x543.png","type":"","width":"","height":""}],"twitter_card":"summary_large_image","twitter_misc":{"Estimated reading time":"3 minutes"},"schema":{"@context":"https:\/\/schema.org","@graph":[{"@type":"WebPage","@id":"https:\/\/pbjss.edu.lv\/sporta-veidi\/galda-teniss\/vesture\/","url":"https:\/\/pbjss.edu.lv\/sporta-veidi\/galda-teniss\/vesture\/","name":"Galda tenisa v\u0113sture Prei\u013cos - Prei\u013cu novada b\u0113rnu un jaunie\u0161u sporta skola","isPartOf":{"@id":"https:\/\/pbjss.edu.lv\/#website"},"primaryImageOfPage":{"@id":"https:\/\/pbjss.edu.lv\/sporta-veidi\/galda-teniss\/vesture\/#primaryimage"},"image":{"@id":"https:\/\/pbjss.edu.lv\/sporta-veidi\/galda-teniss\/vesture\/#primaryimage"},"thumbnailUrl":"https:\/\/pbjss.edu.lv\/wp-content\/uploads\/cropped-Tabula-1-768x543.png","datePublished":"2024-04-26T10:32:19+00:00","dateModified":"2024-10-15T16:58:45+00:00","breadcrumb":{"@id":"https:\/\/pbjss.edu.lv\/sporta-veidi\/galda-teniss\/vesture\/#breadcrumb"},"inLanguage":"en-GB","potentialAction":[{"@type":"ReadAction","target":["https:\/\/pbjss.edu.lv\/sporta-veidi\/galda-teniss\/vesture\/"]}]},{"@type":"ImageObject","inLanguage":"en-GB","@id":"https:\/\/pbjss.edu.lv\/sporta-veidi\/galda-teniss\/vesture\/#primaryimage","url":"https:\/\/pbjss.edu.lv\/wp-content\/uploads\/cropped-Tabula-1-768x543.png","contentUrl":"https:\/\/pbjss.edu.lv\/wp-content\/uploads\/cropped-Tabula-1-768x543.png"},{"@type":"BreadcrumbList","@id":"https:\/\/pbjss.edu.lv\/sporta-veidi\/galda-teniss\/vesture\/#breadcrumb","itemListElement":[{"@type":"ListItem","position":1,"name":"Home","item":"https:\/\/pbjss.edu.lv\/"},{"@type":"ListItem","position":2,"name":"Sporta veidi","item":"https:\/\/pbjss.edu.lv\/sporta-veidi\/"},{"@type":"ListItem","position":3,"name":"Galda teniss","item":"https:\/\/pbjss.edu.lv\/sporta-veidi\/galda-teniss\/"},{"@type":"ListItem","position":4,"name":"Galda tenisa v\u0113sture Prei\u013cos"}]},{"@type":"WebSite","@id":"https:\/\/pbjss.edu.lv\/#website","url":"https:\/\/pbjss.edu.lv\/","name":"Prei\u013cu novada b\u0113rnu un jaunie\u0161u sporta skola","description":"Augst\u0101k, t\u0101l\u0101k, stipr\u0101k!","potentialAction":[{"@type":"SearchAction","target":{"@type":"EntryPoint","urlTemplate":"https:\/\/pbjss.edu.lv\/?s={search_term_string}"},"query-input":{"@type":"PropertyValueSpecification","valueRequired":true,"valueName":"search_term_string"}}],"inLanguage":"en-GB"}]}},"_links":{"self":[{"href":"https:\/\/pbjss.edu.lv\/en\/wp-json\/wp\/v2\/pages\/29827","targetHints":{"allow":["GET"]}}],"collection":[{"href":"https:\/\/pbjss.edu.lv\/en\/wp-json\/wp\/v2\/pages"}],"about":[{"href":"https:\/\/pbjss.edu.lv\/en\/wp-json\/wp\/v2\/types\/page"}],"author":[{"embeddable":true,"href":"https:\/\/pbjss.edu.lv\/en\/wp-json\/wp\/v2\/users\/2"}],"replies":[{"embeddable":true,"href":"https:\/\/pbjss.edu.lv\/en\/wp-json\/wp\/v2\/comments?post=29827"}],"version-history":[{"count":17,"href":"https:\/\/pbjss.edu.lv\/en\/wp-json\/wp\/v2\/pages\/29827\/revisions"}],"predecessor-version":[{"id":32080,"href":"https:\/\/pbjss.edu.lv\/en\/wp-json\/wp\/v2\/pages\/29827\/revisions\/32080"}],"up":[{"embeddable":true,"href":"https:\/\/pbjss.edu.lv\/en\/wp-json\/wp\/v2\/pages\/12976"}],"wp:attachment":[{"href":"https:\/\/pbjss.edu.lv\/en\/wp-json\/wp\/v2\/media?parent=29827"}],"curies":[{"name":"wp","href":"https:\/\/api.w.org\/{rel}","templated":true}]}}