{"id":2,"date":"2016-12-08T09:45:50","date_gmt":"2016-12-08T09:45:50","guid":{"rendered":"http:\/\/sportaskolawp.preiluvakvsk.lv\/?page_id=2"},"modified":"2019-02-19T08:28:43","modified_gmt":"2019-02-19T06:28:43","slug":"par-skolu","status":"publish","type":"page","link":"https:\/\/pbjss.edu.lv\/en\/par-skolu\/","title":{"rendered":"Par skolu"},"content":{"rendered":"<p>This is an example of a WordPress page, you could edit this to put information about yourself or your site so readers know where you are coming from. You can create as many pages like this one or sub-pages as you like and manage all of your content inside of WordPress.<\/p>","protected":false},"excerpt":{"rendered":"<p>This is an example of a WordPress page, you could edit this to put information about yourself or your site so readers know where you are coming from. You can [&hellip;]<\/p>\n","protected":false},"author":1,"featured_media":0,"parent":0,"menu_order":0,"comment_status":"open","ping_status":"open","template":"","meta":{"_acf_changed":false,"footnotes":""},"class_list":["post-2","page","type-page","status-publish","hentry"],"acf":[],"yoast_head":"<!-- This site is optimized with the Yoast SEO plugin v27.5 - https:\/\/yoast.com\/product\/yoast-seo-wordpress\/ -->\n<title>Par skolu - Prei\u013cu novada b\u0113rnu un jaunie\u0161u sporta skola<\/title>\n<meta name=\"robots\" content=\"index, follow, max-snippet:-1, max-image-preview:large, max-video-preview:-1\" \/>\n<link rel=\"canonical\" href=\"https:\/\/pbjss.edu.lv\/en\/par-skolu\/\" \/>\n<meta property=\"og:locale\" content=\"en_GB\" \/>\n<meta property=\"og:type\" content=\"article\" \/>\n<meta property=\"og:title\" content=\"Par skolu - Prei\u013cu novada b\u0113rnu un jaunie\u0161u sporta skola\" \/>\n<meta property=\"og:description\" content=\"This is an example of a WordPress page, you could edit this to put information about yourself or your site so readers know where you are coming from. You can [&hellip;]\" \/>\n<meta property=\"og:url\" content=\"https:\/\/pbjss.edu.lv\/en\/par-skolu\/\" \/>\n<meta property=\"og:site_name\" content=\"Prei\u013cu novada b\u0113rnu un jaunie\u0161u sporta skola\" \/>\n<meta property=\"article:publisher\" content=\"https:\/\/www.facebook.com\/pbjss\/?eid=ARAe9wQ7MGM0FQFTVX7QEebpfAfe5hv7HvoN-v1Jv13lgtTNi-DDzJx16PrauJn_wRTcN6k13xTyjf4n\" \/>\n<meta property=\"article:modified_time\" content=\"2019-02-19T06:28:43+00:00\" \/>\n<meta name=\"twitter:card\" content=\"summary_large_image\" \/>\n<script type=\"application\/ld+json\" class=\"yoast-schema-graph\">{\"@context\":\"https:\\\/\\\/schema.org\",\"@graph\":[{\"@type\":\"WebPage\",\"@id\":\"https:\\\/\\\/pbjss.edu.lv\\\/par-skolu\\\/\",\"url\":\"https:\\\/\\\/pbjss.edu.lv\\\/par-skolu\\\/\",\"name\":\"Par skolu - Prei\u013cu novada b\u0113rnu un jaunie\u0161u sporta skola\",\"isPartOf\":{\"@id\":\"https:\\\/\\\/pbjss.edu.lv\\\/#website\"},\"datePublished\":\"2016-12-08T09:45:50+00:00\",\"dateModified\":\"2019-02-19T06:28:43+00:00\",\"breadcrumb\":{\"@id\":\"https:\\\/\\\/pbjss.edu.lv\\\/par-skolu\\\/#breadcrumb\"},\"inLanguage\":\"en-GB\",\"potentialAction\":[{\"@type\":\"ReadAction\",\"target\":[\"https:\\\/\\\/pbjss.edu.lv\\\/par-skolu\\\/\"]}]},{\"@type\":\"BreadcrumbList\",\"@id\":\"https:\\\/\\\/pbjss.edu.lv\\\/par-skolu\\\/#breadcrumb\",\"itemListElement\":[{\"@type\":\"ListItem\",\"position\":1,\"name\":\"Home\",\"item\":\"https:\\\/\\\/pbjss.edu.lv\\\/\"},{\"@type\":\"ListItem\",\"position\":2,\"name\":\"Par skolu\"}]},{\"@type\":\"WebSite\",\"@id\":\"https:\\\/\\\/pbjss.edu.lv\\\/#website\",\"url\":\"https:\\\/\\\/pbjss.edu.lv\\\/\",\"name\":\"Prei\u013cu novada b\u0113rnu un jaunie\u0161u sporta skola\",\"description\":\"Augst\u0101k, t\u0101l\u0101k, stipr\u0101k!\",\"potentialAction\":[{\"@type\":\"SearchAction\",\"target\":{\"@type\":\"EntryPoint\",\"urlTemplate\":\"https:\\\/\\\/pbjss.edu.lv\\\/?s={search_term_string}\"},\"query-input\":{\"@type\":\"PropertyValueSpecification\",\"valueRequired\":true,\"valueName\":\"search_term_string\"}}],\"inLanguage\":\"en-GB\"}]}<\/script>\n<!-- \/ Yoast SEO plugin. -->","yoast_head_json":{"title":"Par skolu - Prei\u013cu novada b\u0113rnu un jaunie\u0161u sporta skola","robots":{"index":"index","follow":"follow","max-snippet":"max-snippet:-1","max-image-preview":"max-image-preview:large","max-video-preview":"max-video-preview:-1"},"canonical":"https:\/\/pbjss.edu.lv\/en\/par-skolu\/","og_locale":"en_GB","og_type":"article","og_title":"Par skolu - Prei\u013cu novada b\u0113rnu un jaunie\u0161u sporta skola","og_description":"This is an example of a WordPress page, you could edit this to put information about yourself or your site so readers know where you are coming from. You can [&hellip;]","og_url":"https:\/\/pbjss.edu.lv\/en\/par-skolu\/","og_site_name":"Prei\u013cu novada b\u0113rnu un jaunie\u0161u sporta skola","article_publisher":"https:\/\/www.facebook.com\/pbjss\/?eid=ARAe9wQ7MGM0FQFTVX7QEebpfAfe5hv7HvoN-v1Jv13lgtTNi-DDzJx16PrauJn_wRTcN6k13xTyjf4n","article_modified_time":"2019-02-19T06:28:43+00:00","twitter_card":"summary_large_image","schema":{"@context":"https:\/\/schema.org","@graph":[{"@type":"WebPage","@id":"https:\/\/pbjss.edu.lv\/par-skolu\/","url":"https:\/\/pbjss.edu.lv\/par-skolu\/","name":"Par skolu - Prei\u013cu novada b\u0113rnu un jaunie\u0161u sporta skola","isPartOf":{"@id":"https:\/\/pbjss.edu.lv\/#website"},"datePublished":"2016-12-08T09:45:50+00:00","dateModified":"2019-02-19T06:28:43+00:00","breadcrumb":{"@id":"https:\/\/pbjss.edu.lv\/par-skolu\/#breadcrumb"},"inLanguage":"en-GB","potentialAction":[{"@type":"ReadAction","target":["https:\/\/pbjss.edu.lv\/par-skolu\/"]}]},{"@type":"BreadcrumbList","@id":"https:\/\/pbjss.edu.lv\/par-skolu\/#breadcrumb","itemListElement":[{"@type":"ListItem","position":1,"name":"Home","item":"https:\/\/pbjss.edu.lv\/"},{"@type":"ListItem","position":2,"name":"Par skolu"}]},{"@type":"WebSite","@id":"https:\/\/pbjss.edu.lv\/#website","url":"https:\/\/pbjss.edu.lv\/","name":"Prei\u013cu novada b\u0113rnu un jaunie\u0161u sporta skola","description":"Augst\u0101k, t\u0101l\u0101k, stipr\u0101k!","potentialAction":[{"@type":"SearchAction","target":{"@type":"EntryPoint","urlTemplate":"https:\/\/pbjss.edu.lv\/?s={search_term_string}"},"query-input":{"@type":"PropertyValueSpecification","valueRequired":true,"valueName":"search_term_string"}}],"inLanguage":"en-GB"}]}},"_links":{"self":[{"href":"https:\/\/pbjss.edu.lv\/en\/wp-json\/wp\/v2\/pages\/2","targetHints":{"allow":["GET"]}}],"collection":[{"href":"https:\/\/pbjss.edu.lv\/en\/wp-json\/wp\/v2\/pages"}],"about":[{"href":"https:\/\/pbjss.edu.lv\/en\/wp-json\/wp\/v2\/types\/page"}],"author":[{"embeddable":true,"href":"https:\/\/pbjss.edu.lv\/en\/wp-json\/wp\/v2\/users\/1"}],"replies":[{"embeddable":true,"href":"https:\/\/pbjss.edu.lv\/en\/wp-json\/wp\/v2\/comments?post=2"}],"version-history":[{"count":2,"href":"https:\/\/pbjss.edu.lv\/en\/wp-json\/wp\/v2\/pages\/2\/revisions"}],"predecessor-version":[{"id":13,"href":"https:\/\/pbjss.edu.lv\/en\/wp-json\/wp\/v2\/pages\/2\/revisions\/13"}],"wp:attachment":[{"href":"https:\/\/pbjss.edu.lv\/en\/wp-json\/wp\/v2\/media?parent=2"}],"curies":[{"name":"wp","href":"https:\/\/api.w.org\/{rel}","templated":true}]}}