{"id":12976,"date":"2024-02-24T13:35:23","date_gmt":"2024-02-24T11:35:23","guid":{"rendered":"https:\/\/pbjss.edu.lv\/?page_id=12976"},"modified":"2026-04-08T20:18:46","modified_gmt":"2026-04-08T17:18:46","slug":"galda-teniss","status":"publish","type":"page","link":"https:\/\/pbjss.edu.lv\/en\/sporta-veidi\/galda-teniss\/","title":{"rendered":"Galda teniss"},"content":{"rendered":"<div data-colibri-id=\"12976-c1\" class=\"style-1761 style-local-12976-c1 position-relative\">\n  <!---->\n  <div data-colibri-component=\"section\" data-colibri-id=\"12976-c2\" id=\"reusable-sections\" class=\"h-section h-section-global-spacing d-flex align-items-lg-center align-items-md-center align-items-center style-1762 style-local-12976-c2 position-relative\">\n    <!---->\n    <!---->\n    <div class=\"h-section-grid-container h-section-fluid-container\">\n      <!---->\n      <div data-colibri-id=\"12976-c3\" class=\"h-row-container gutters-row-lg-0 gutters-row-md-0 gutters-row-0 gutters-row-v-lg-0 gutters-row-v-md-0 gutters-row-v-0 style-1763 style-local-12976-c3 position-relative\">\n        <!---->\n        <div class=\"h-row justify-content-lg-center justify-content-md-center justify-content-center align-items-lg-stretch align-items-md-stretch align-items-stretch gutters-col-lg-0 gutters-col-md-0 gutters-col-0 gutters-col-v-lg-0 gutters-col-v-md-0 gutters-col-v-0\">\n          <!---->\n          <div class=\"h-column h-column-container d-flex h-col-lg-3 h-col-md-3 h-col-12 style-1764-outer style-local-12976-c4-outer\">\n            <div data-colibri-id=\"12976-c4\" class=\"d-flex h-flex-basis h-column__inner h-px-lg-0 h-px-md-0 h-px-0 v-inner-lg-0 v-inner-md-0 v-inner-0 style-1764 style-local-12976-c4 position-relative\">\n              <!---->\n              <!---->\n              <div class=\"w-100 h-y-container h-column__content h-column__v-align flex-basis-100 align-self-lg-center align-self-md-center align-self-center\">\n                <!---->\n                <div data-colibri-id=\"12976-c5\" class=\"h-x-container style-1765 style-local-12976-c5 position-relative h-element\">\n                  <!---->\n                  <div class=\"h-x-container-inner style-dynamic-12976-c5-group style-1765-spacing style-local-12976-c5-spacing\"><span class=\"h-button__outer style-1766-outer style-local-12976-c6-outer d-inline-flex h-element\"><a h-use-smooth-scroll=\"true\" href=\"https:\/\/pbjss.edu.lv\/wp-content\/uploads\/Nodarbibu_grafiks_2025_2026.pdf\" target=\"_blank\"  data-colibri-id=\"12976-c6\" class=\"d-flex w-100 align-items-center h-button justify-content-lg-center justify-content-md-center justify-content-center style-1766 style-local-12976-c6 position-relative\"><!----><span  class=\"h-svg-icon h-button__icon style-1766-icon style-local-12976-c6-icon\"><!--Icon by Font Awesome (https:\/\/fontawesome.com)-->\n    <svg version=\"1.1\" xmlns=\"http:\/\/www.w3.org\/2000\/svg\" xmlns:xlink=\"http:\/\/www.w3.org\/1999\/xlink\" id=\"file-text-o\" viewbox=\"0 0 1611.2499 1896.0833\">\n      <path d=\"M1468 380q28 28 48 76t20 88v1152q0 40-28 68t-68 28H96q-40 0-68-28t-28-68V96q0-40 28-68T96 0h896q40 0 88 20t76 48zm-444-244v376h376q-10-29-22-41l-313-313q-12-12-41-22zm384 1528V640H992q-40 0-68-28t-28-68V128H128v1536h1280zM384 800q0-14 9-23t23-9h704q14 0 23 9t9 23v64q0 14-9 23t-23 9H416q-14 0-23-9t-9-23v-64zm736 224q14 0 23 9t9 23v64q0 14-9 23t-23 9H416q-14 0-23-9t-9-23v-64q0-14 9-23t23-9h704zm0 256q14 0 23 9t9 23v64q0 14-9 23t-23 9H416q-14 0-23-9t-9-23v-64q0-14 9-23t23-9h704z\"><\/path>\n    <\/svg><\/span> <span>Nodarb\u012bbas saraksts<\/span><\/a>\n                    <\/span>\n                  <\/div>\n                <\/div>\n              <\/div>\n            <\/div>\n          <\/div>\n          <div class=\"h-column h-column-container d-flex h-col-lg-3 h-col-md-3 h-col-12 style-1764-outer style-local-12976-c7-outer\">\n            <div data-colibri-id=\"12976-c7\" class=\"d-flex h-flex-basis h-column__inner h-px-lg-0 h-px-md-0 h-px-0 v-inner-lg-0 v-inner-md-0 v-inner-0 style-1764 style-local-12976-c7 position-relative\">\n              <!---->\n              <!---->\n              <div class=\"w-100 h-y-container h-column__content h-column__v-align flex-basis-100 align-self-lg-center align-self-md-center align-self-center\">\n                <!---->\n                <div data-colibri-id=\"12976-c8\" class=\"h-x-container style-1768 style-local-12976-c8 position-relative h-element\">\n                  <!---->\n                  <div class=\"h-x-container-inner style-dynamic-12976-c8-group style-1768-spacing style-local-12976-c8-spacing\"><span class=\"h-button__outer style-1766-outer style-local-12976-c9-outer d-inline-flex h-element\"><a h-use-smooth-scroll=\"true\" href=\"https:\/\/www.lgtf.lv\/#\/viewpage\/29\" target=\"_blank\"  data-colibri-id=\"12976-c9\" class=\"d-flex w-100 align-items-center h-button justify-content-lg-center justify-content-md-center justify-content-center style-1766 style-local-12976-c9 position-relative\"><!----><span  class=\"h-svg-icon h-button__icon style-1766-icon style-local-12976-c9-icon\"><!--Icon by Font Awesome (https:\/\/fontawesome.com)-->\n    <svg version=\"1.1\" xmlns=\"http:\/\/www.w3.org\/2000\/svg\" xmlns:xlink=\"http:\/\/www.w3.org\/1999\/xlink\" id=\"male\" viewbox=\"0 0 1177.3537 1896.0833\">\n      <path d=\"M1024 704v416q0 40-28 68t-68 28-68-28-28-68V768h-64v912q0 46-33 79t-79 33-79-33-33-79v-464h-64v464q0 46-33 79t-79 33-79-33-33-79V768h-64v352q0 40-28 68t-68 28-68-28-28-68V704q0-80 56-136t136-56h640q80 0 136 56t56 136zM736 256q0 93-65.5 158.5T512 480t-158.5-65.5T288 256t65.5-158.5T512 32t158.5 65.5T736 256z\"><\/path>\n    <\/svg><\/span> <span>Normat\u012bvi<\/span><\/a>\n                    <\/span>\n                  <\/div>\n                <\/div>\n              <\/div>\n            <\/div>\n          <\/div>\n          <div class=\"h-column h-column-container d-flex h-col-lg-3 h-col-md-3 h-col-12 style-1764-outer style-local-12976-c10-outer\">\n            <div data-colibri-id=\"12976-c10\" class=\"d-flex h-flex-basis h-column__inner h-px-lg-0 h-px-md-0 h-px-0 v-inner-lg-0 v-inner-md-0 v-inner-0 style-1764 style-local-12976-c10 position-relative\">\n              <!---->\n              <!---->\n              <div class=\"w-100 h-y-container h-column__content h-column__v-align flex-basis-100 align-self-lg-center align-self-md-center align-self-center\">\n                <!---->\n                <div data-colibri-id=\"12976-c11\" class=\"h-x-container style-1768 style-local-12976-c11 position-relative h-element\">\n                  <!---->\n                  <div class=\"h-x-container-inner style-dynamic-12976-c11-group style-1768-spacing style-local-12976-c11-spacing\"><span class=\"h-button__outer style-1766-outer style-local-12976-c12-outer d-inline-flex h-element\"><a h-use-smooth-scroll=\"true\" href=\"https:\/\/pbjss.edu.lv\/wp-content\/uploads\/Rezultativie_kriteriji_galda_teniss-3.pdf\" target=\"_blank\"  data-colibri-id=\"12976-c12\" class=\"d-flex w-100 align-items-center h-button justify-content-lg-center justify-content-md-center justify-content-center style-1766 style-local-12976-c12 position-relative\"><!----><span  class=\"h-svg-icon h-button__icon style-1766-icon style-local-12976-c12-icon\"><!--Icon by Font Awesome (https:\/\/fontawesome.com)-->\n    <svg version=\"1.1\" xmlns=\"http:\/\/www.w3.org\/2000\/svg\" xmlns:xlink=\"http:\/\/www.w3.org\/1999\/xlink\" id=\"flag\" viewbox=\"0 0 1792 1896.0833\">\n      <path d=\"M320 256q0 72-64 110v1266q0 13-9.5 22.5T224 1664h-64q-13 0-22.5-9.5T128 1632V366q-64-38-64-110 0-53 37.5-90.5T192 128t90.5 37.5T320 256zm1472 64v763q0 25-12.5 38.5T1740 1149q-215 116-369 116-61 0-123.5-22t-108.5-48-115.5-48-142.5-22q-192 0-464 146-17 9-33 9-26 0-45-19t-19-45V474q0-32 31-55 21-14 79-43 236-120 421-120 107 0 200 29t219 88q38 19 88 19 54 0 117.5-21t110-47 88-47 54.5-21q26 0 45 19t19 45z\"><\/path>\n    <\/svg><\/span> <span>Rezultativit\u0101tes krit\u0113riji<\/span><\/a>\n                    <\/span>\n                  <\/div>\n                <\/div>\n              <\/div>\n            <\/div>\n          <\/div>\n          <div class=\"h-column h-column-container d-flex h-col-lg-3 h-col-md-3 h-col-12 style-1764-outer style-local-12976-c13-outer\">\n            <div data-colibri-id=\"12976-c13\" class=\"d-flex h-flex-basis h-column__inner h-px-lg-0 h-px-md-0 h-px-0 v-inner-lg-0 v-inner-md-0 v-inner-0 style-1764 style-local-12976-c13 position-relative\">\n              <!---->\n              <!---->\n              <div class=\"w-100 h-y-container h-column__content h-column__v-align flex-basis-100 align-self-lg-center align-self-md-center align-self-center\">\n                <!---->\n                <div data-colibri-id=\"12976-c14\" class=\"h-x-container style-1768 style-local-12976-c14 position-relative h-element\">\n                  <!---->\n                  <div class=\"h-x-container-inner style-dynamic-12976-c14-group style-1768-spacing style-local-12976-c14-spacing\"><span class=\"h-button__outer style-1766-outer style-local-12976-c15-outer d-inline-flex h-element\"><a h-use-smooth-scroll=\"true\" href=\"https:\/\/pbjss.edu.lv\/en\/sporta-veidi\/galda-teniss\/vesture\/\"  data-colibri-id=\"12976-c15\" class=\"d-flex w-100 align-items-center h-button justify-content-lg-center justify-content-md-center justify-content-center style-1766 style-local-12976-c15 position-relative\"><!----><span  class=\"h-svg-icon h-button__icon style-1766-icon style-local-12976-c15-icon\"><!--Icon by Ionicons (https:\/\/ionicons.com)--><svg version=\"1.1\" xmlns=\"http:\/\/www.w3.org\/2000\/svg\" xmlns:xlink=\"http:\/\/www.w3.org\/1999\/xlink\" id=\"ios-timer\" viewbox=\"0 0 416 512\"><path d=\"M208 48c115 0 208 93 208 208s-93 208-208 208S0 371 0 256 93 48 208 48zM102 150c-2 2 86 120 86 120l1 1c5 6 11 10 19 10 14 0 25-11 25-25 0-7-3-13-8-18l-3-3s-117-87-120-85zm106 297c106 0 192-85 192-191S314 64 208 64v96h16V82c88 9 158 84 158 174 0 96-78 174-174 174S33 352 33 256c0-48 19-92 51-124l-11-12c-35 35-56 83-56 136 0 106 85 191 191 191z\"><\/path><\/svg><\/span>                    <span>V\u0113sture<\/span><\/a>\n                    <\/span>\n                  <\/div>\n                <\/div>\n              <\/div>\n            <\/div>\n          <\/div>\n        <\/div>\n      <\/div>\n    <\/div>\n  <\/div>\n  <div data-colibri-component=\"section\" data-colibri-id=\"12976-c16\" id=\"custom\" class=\"h-section h-section-global-spacing d-flex align-items-lg-center align-items-md-center align-items-center style-2030 style-local-12976-c16 position-relative\">\n    <!---->\n    <!---->\n    <div class=\"h-section-grid-container h-section-boxed-container\">\n      <!---->\n      <div data-colibri-id=\"12976-c17\" class=\"h-row-container gutters-row-lg-2 gutters-row-md-2 gutters-row-0 gutters-row-v-lg-2 gutters-row-v-md-2 gutters-row-v-2 style-2033 style-local-12976-c17 position-relative\">\n        <!---->\n        <div class=\"h-row justify-content-lg-center justify-content-md-center justify-content-center align-items-lg-stretch align-items-md-stretch align-items-stretch gutters-col-lg-2 gutters-col-md-2 gutters-col-0 gutters-col-v-lg-2 gutters-col-v-md-2 gutters-col-v-2\">\n          <!---->\n          <div class=\"h-column h-column-container d-flex h-col-lg-auto h-col-md-auto h-col-auto style-2034-outer style-local-12976-c18-outer\">\n            <div data-colibri-id=\"12976-c18\" class=\"d-flex h-flex-basis h-column__inner h-px-lg-2 h-px-md-2 h-px-2 v-inner-lg-2 v-inner-md-2 v-inner-2 style-2034 style-local-12976-c18 position-relative\">\n              <!---->\n              <!---->\n              <div class=\"w-100 h-y-container h-column__content h-column__v-align flex-basis-100 align-self-lg-start align-self-md-start align-self-start\">\n                <!---->\n                <div data-colibri-id=\"12976-c19\" class=\"h-text h-text-component style-2035 style-local-12976-c19 position-relative h-element\">\n                  <!---->\n                  <!---->\n                  <div class=\"\">\n                    <p><span>Galda tenisa sp\u0113le ir labs vingrin\u0101jums cilv\u0113ka psiholo\u0123ijas treni\u0146am, jo sp\u0113les laik\u0101 tiek p\u0101rdz\u012bvotas veselas emociju gammas. T\u0101p\u0113c sp\u0113les stils ir atkar\u012bgs liel\u0101 m\u0113r\u0101 no sp\u0113l\u0113t\u0101ja rakstura, sp\u0113j\u0101m, temperamenta. Ar treni\u0146u pal\u012bdz\u012bbu sp\u0113l\u0113t\u0101js var iem\u0101c\u012bties vad\u012bt un kontrol\u0113t savas emocijas.<\/span><span><br><\/span><span>Galda tenisistam ir nepiecie\u0161ams ne tikai b\u016bt atl\u0113tiskam, bet ar\u012b j\u0101b\u016bt augstai prasmei izpild\u012bt sare\u017e\u0123\u012btus tehniskus elementus un taktiku \u013coti augst\u0101 sp\u0113les aktivit\u0101tes l\u012bmen\u012b, kur\u0101 ir \u013coti liels psiholo\u0123isks spiediens. Saska\u0146\u0101 ar \u0137erme\u0146a funkcij\u0101m, galda tenisa sp\u0113le pal\u012bdz att\u012bst\u012bt \u0101tru reakciju un ziben\u012bgu l\u0113mumu pie\u0146em\u0161anu, t\u0101p\u0113c, ka sp\u0113le ir neparasti \u0101tra. Nodarbojoties ar galda tenisu J\u016bs b\u016bsiet lielisk\u0101 fizisk\u0101 form\u0101, ieg\u016bsiet stabilit\u0101ti, pozit\u012bvas emocijas, uzlabosiet reakciju un savu sp\u0113les stilu.<\/span><\/p>\n                    <p>\n                      <br>\n                    <\/p>\n                    <p>\n                      <br>\n                    <\/p>\n                    <p>\n                      <br>\n                    <\/p>\n                  <\/div>\n                <\/div>\n              <\/div>\n            <\/div>\n          <\/div>\n        <\/div>\n      <\/div>\n    <\/div>\n  <\/div>\n<\/div>","protected":false},"excerpt":{"rendered":"<p>Nodarb\u012bbas saraksts Normat\u012bvi Rezultativit\u0101tes krit\u0113riji V\u0113sture Galda tenisa sp\u0113le ir labs vingrin\u0101jums cilv\u0113ka psiholo\u0123ijas treni\u0146am, jo sp\u0113les laik\u0101 tiek p\u0101rdz\u012bvotas veselas emociju gammas. T\u0101p\u0113c sp\u0113les stils ir atkar\u012bgs liel\u0101 m\u0113r\u0101 [&hellip;]<\/p>\n","protected":false},"author":2,"featured_media":0,"parent":11954,"menu_order":0,"comment_status":"closed","ping_status":"closed","template":"page-templates\/full-width-page.php","meta":{"_acf_changed":false,"footnotes":""},"class_list":["post-12976","page","type-page","status-publish","hentry"],"acf":[],"yoast_head":"<!-- This site is optimized with the Yoast SEO plugin v27.3 - https:\/\/yoast.com\/product\/yoast-seo-wordpress\/ -->\n<title>Galda teniss - Prei\u013cu novada b\u0113rnu un jaunie\u0161u sporta skola<\/title>\n<meta name=\"robots\" content=\"index, follow, max-snippet:-1, max-image-preview:large, max-video-preview:-1\" \/>\n<link rel=\"canonical\" href=\"https:\/\/pbjss.edu.lv\/en\/sporta-veidi\/galda-teniss\/\" \/>\n<meta property=\"og:locale\" content=\"en_GB\" \/>\n<meta property=\"og:type\" content=\"article\" \/>\n<meta property=\"og:title\" content=\"Galda teniss - Prei\u013cu novada b\u0113rnu un jaunie\u0161u sporta skola\" \/>\n<meta property=\"og:description\" content=\"Nodarb\u012bbas saraksts Normat\u012bvi Rezultativit\u0101tes krit\u0113riji V\u0113sture Galda tenisa sp\u0113le ir labs vingrin\u0101jums cilv\u0113ka psiholo\u0123ijas treni\u0146am, jo sp\u0113les laik\u0101 tiek p\u0101rdz\u012bvotas veselas emociju gammas. T\u0101p\u0113c sp\u0113les stils ir atkar\u012bgs liel\u0101 m\u0113r\u0101 [&hellip;]\" \/>\n<meta property=\"og:url\" content=\"https:\/\/pbjss.edu.lv\/en\/sporta-veidi\/galda-teniss\/\" \/>\n<meta property=\"og:site_name\" content=\"Prei\u013cu novada b\u0113rnu un jaunie\u0161u sporta skola\" \/>\n<meta property=\"article:publisher\" content=\"https:\/\/www.facebook.com\/pbjss\/?eid=ARAe9wQ7MGM0FQFTVX7QEebpfAfe5hv7HvoN-v1Jv13lgtTNi-DDzJx16PrauJn_wRTcN6k13xTyjf4n\" \/>\n<meta property=\"article:modified_time\" content=\"2026-04-08T17:18:46+00:00\" \/>\n<meta name=\"twitter:card\" content=\"summary_large_image\" \/>\n<script type=\"application\/ld+json\" class=\"yoast-schema-graph\">{\"@context\":\"https:\\\/\\\/schema.org\",\"@graph\":[{\"@type\":\"WebPage\",\"@id\":\"https:\\\/\\\/pbjss.edu.lv\\\/sporta-veidi\\\/galda-teniss\\\/\",\"url\":\"https:\\\/\\\/pbjss.edu.lv\\\/sporta-veidi\\\/galda-teniss\\\/\",\"name\":\"Galda teniss - Prei\u013cu novada b\u0113rnu un jaunie\u0161u sporta skola\",\"isPartOf\":{\"@id\":\"https:\\\/\\\/pbjss.edu.lv\\\/#website\"},\"datePublished\":\"2024-02-24T11:35:23+00:00\",\"dateModified\":\"2026-04-08T17:18:46+00:00\",\"breadcrumb\":{\"@id\":\"https:\\\/\\\/pbjss.edu.lv\\\/sporta-veidi\\\/galda-teniss\\\/#breadcrumb\"},\"inLanguage\":\"en-GB\",\"potentialAction\":[{\"@type\":\"ReadAction\",\"target\":[\"https:\\\/\\\/pbjss.edu.lv\\\/sporta-veidi\\\/galda-teniss\\\/\"]}]},{\"@type\":\"BreadcrumbList\",\"@id\":\"https:\\\/\\\/pbjss.edu.lv\\\/sporta-veidi\\\/galda-teniss\\\/#breadcrumb\",\"itemListElement\":[{\"@type\":\"ListItem\",\"position\":1,\"name\":\"Home\",\"item\":\"https:\\\/\\\/pbjss.edu.lv\\\/\"},{\"@type\":\"ListItem\",\"position\":2,\"name\":\"Sporta veidi\",\"item\":\"https:\\\/\\\/pbjss.edu.lv\\\/sporta-veidi\\\/\"},{\"@type\":\"ListItem\",\"position\":3,\"name\":\"Galda teniss\"}]},{\"@type\":\"WebSite\",\"@id\":\"https:\\\/\\\/pbjss.edu.lv\\\/#website\",\"url\":\"https:\\\/\\\/pbjss.edu.lv\\\/\",\"name\":\"Prei\u013cu novada b\u0113rnu un jaunie\u0161u sporta skola\",\"description\":\"Augst\u0101k, t\u0101l\u0101k, stipr\u0101k!\",\"potentialAction\":[{\"@type\":\"SearchAction\",\"target\":{\"@type\":\"EntryPoint\",\"urlTemplate\":\"https:\\\/\\\/pbjss.edu.lv\\\/?s={search_term_string}\"},\"query-input\":{\"@type\":\"PropertyValueSpecification\",\"valueRequired\":true,\"valueName\":\"search_term_string\"}}],\"inLanguage\":\"en-GB\"}]}<\/script>\n<!-- \/ Yoast SEO plugin. -->","yoast_head_json":{"title":"Galda teniss - Prei\u013cu novada b\u0113rnu un jaunie\u0161u sporta skola","robots":{"index":"index","follow":"follow","max-snippet":"max-snippet:-1","max-image-preview":"max-image-preview:large","max-video-preview":"max-video-preview:-1"},"canonical":"https:\/\/pbjss.edu.lv\/en\/sporta-veidi\/galda-teniss\/","og_locale":"en_GB","og_type":"article","og_title":"Galda teniss - Prei\u013cu novada b\u0113rnu un jaunie\u0161u sporta skola","og_description":"Nodarb\u012bbas saraksts Normat\u012bvi Rezultativit\u0101tes krit\u0113riji V\u0113sture Galda tenisa sp\u0113le ir labs vingrin\u0101jums cilv\u0113ka psiholo\u0123ijas treni\u0146am, jo sp\u0113les laik\u0101 tiek p\u0101rdz\u012bvotas veselas emociju gammas. T\u0101p\u0113c sp\u0113les stils ir atkar\u012bgs liel\u0101 m\u0113r\u0101 [&hellip;]","og_url":"https:\/\/pbjss.edu.lv\/en\/sporta-veidi\/galda-teniss\/","og_site_name":"Prei\u013cu novada b\u0113rnu un jaunie\u0161u sporta skola","article_publisher":"https:\/\/www.facebook.com\/pbjss\/?eid=ARAe9wQ7MGM0FQFTVX7QEebpfAfe5hv7HvoN-v1Jv13lgtTNi-DDzJx16PrauJn_wRTcN6k13xTyjf4n","article_modified_time":"2026-04-08T17:18:46+00:00","twitter_card":"summary_large_image","schema":{"@context":"https:\/\/schema.org","@graph":[{"@type":"WebPage","@id":"https:\/\/pbjss.edu.lv\/sporta-veidi\/galda-teniss\/","url":"https:\/\/pbjss.edu.lv\/sporta-veidi\/galda-teniss\/","name":"Galda teniss - Prei\u013cu novada b\u0113rnu un jaunie\u0161u sporta skola","isPartOf":{"@id":"https:\/\/pbjss.edu.lv\/#website"},"datePublished":"2024-02-24T11:35:23+00:00","dateModified":"2026-04-08T17:18:46+00:00","breadcrumb":{"@id":"https:\/\/pbjss.edu.lv\/sporta-veidi\/galda-teniss\/#breadcrumb"},"inLanguage":"en-GB","potentialAction":[{"@type":"ReadAction","target":["https:\/\/pbjss.edu.lv\/sporta-veidi\/galda-teniss\/"]}]},{"@type":"BreadcrumbList","@id":"https:\/\/pbjss.edu.lv\/sporta-veidi\/galda-teniss\/#breadcrumb","itemListElement":[{"@type":"ListItem","position":1,"name":"Home","item":"https:\/\/pbjss.edu.lv\/"},{"@type":"ListItem","position":2,"name":"Sporta veidi","item":"https:\/\/pbjss.edu.lv\/sporta-veidi\/"},{"@type":"ListItem","position":3,"name":"Galda teniss"}]},{"@type":"WebSite","@id":"https:\/\/pbjss.edu.lv\/#website","url":"https:\/\/pbjss.edu.lv\/","name":"Prei\u013cu novada b\u0113rnu un jaunie\u0161u sporta skola","description":"Augst\u0101k, t\u0101l\u0101k, stipr\u0101k!","potentialAction":[{"@type":"SearchAction","target":{"@type":"EntryPoint","urlTemplate":"https:\/\/pbjss.edu.lv\/?s={search_term_string}"},"query-input":{"@type":"PropertyValueSpecification","valueRequired":true,"valueName":"search_term_string"}}],"inLanguage":"en-GB"}]}},"_links":{"self":[{"href":"https:\/\/pbjss.edu.lv\/en\/wp-json\/wp\/v2\/pages\/12976","targetHints":{"allow":["GET"]}}],"collection":[{"href":"https:\/\/pbjss.edu.lv\/en\/wp-json\/wp\/v2\/pages"}],"about":[{"href":"https:\/\/pbjss.edu.lv\/en\/wp-json\/wp\/v2\/types\/page"}],"author":[{"embeddable":true,"href":"https:\/\/pbjss.edu.lv\/en\/wp-json\/wp\/v2\/users\/2"}],"replies":[{"embeddable":true,"href":"https:\/\/pbjss.edu.lv\/en\/wp-json\/wp\/v2\/comments?post=12976"}],"version-history":[{"count":20,"href":"https:\/\/pbjss.edu.lv\/en\/wp-json\/wp\/v2\/pages\/12976\/revisions"}],"predecessor-version":[{"id":35350,"href":"https:\/\/pbjss.edu.lv\/en\/wp-json\/wp\/v2\/pages\/12976\/revisions\/35350"}],"up":[{"embeddable":true,"href":"https:\/\/pbjss.edu.lv\/en\/wp-json\/wp\/v2\/pages\/11954"}],"wp:attachment":[{"href":"https:\/\/pbjss.edu.lv\/en\/wp-json\/wp\/v2\/media?parent=12976"}],"curies":[{"name":"wp","href":"https:\/\/api.w.org\/{rel}","templated":true}]}}