{"id":12923,"date":"2024-02-24T13:25:41","date_gmt":"2024-02-24T11:25:41","guid":{"rendered":"https:\/\/pbjss.edu.lv\/?page_id=12923"},"modified":"2026-04-08T20:15:22","modified_gmt":"2026-04-08T17:15:22","slug":"vieglatletika","status":"publish","type":"page","link":"https:\/\/pbjss.edu.lv\/en\/sporta-veidi\/vieglatletika\/","title":{"rendered":"Vieglatl\u0113tika"},"content":{"rendered":"<div data-colibri-id=\"12923-c1\" class=\"style-1630 style-local-12923-c1 position-relative\">\n  <!---->\n  <div data-colibri-component=\"section\" data-colibri-id=\"12923-c2\" id=\"reusable-sections-2\" class=\"h-section h-section-global-spacing d-flex align-items-lg-center align-items-md-center align-items-center style-2011 style-local-12923-c2 position-relative\">\n    <!---->\n    <!---->\n    <div class=\"h-section-grid-container h-section-fluid-container\">\n      <!---->\n      <div data-colibri-id=\"12923-c3\" class=\"h-row-container gutters-row-lg-0 gutters-row-md-0 gutters-row-0 gutters-row-v-lg-0 gutters-row-v-md-0 gutters-row-v-0 style-2012 style-local-12923-c3 position-relative\">\n        <!---->\n        <div class=\"h-row justify-content-lg-center justify-content-md-center justify-content-center align-items-lg-stretch align-items-md-stretch align-items-stretch gutters-col-lg-0 gutters-col-md-0 gutters-col-0 gutters-col-v-lg-0 gutters-col-v-md-0 gutters-col-v-0\">\n          <!---->\n          <div class=\"h-column h-column-container d-flex h-col-lg-2 h-col-md-2 h-col-12 style-2013-outer style-local-12923-c4-outer\">\n            <div data-colibri-id=\"12923-c4\" class=\"d-flex h-flex-basis h-column__inner h-px-lg-1 h-px-md-1 h-px-1 v-inner-lg-1 v-inner-md-1 v-inner-1 style-2013 style-local-12923-c4 position-relative\">\n              <!---->\n              <!---->\n              <div class=\"w-100 h-y-container h-column__content h-column__v-align flex-basis-100 align-self-lg-start align-self-md-start align-self-start\">\n                <!---->\n                <div data-colibri-id=\"12923-c5\" class=\"h-x-container style-2014 style-local-12923-c5 position-relative h-element\">\n                  <!---->\n                  <div class=\"h-x-container-inner style-dynamic-12923-c5-group style-2014-spacing style-local-12923-c5-spacing\"><span class=\"h-button__outer style-2015-outer style-local-12923-c6-outer d-inline-flex h-element\"><a h-use-smooth-scroll=\"true\" href=\"https:\/\/pbjss.edu.lv\/wp-content\/uploads\/Nodarbibu_grafiks_2025_2026.pdf\" target=\"_blank\"  data-colibri-id=\"12923-c6\" class=\"d-flex w-100 align-items-center h-button justify-content-lg-center justify-content-md-center justify-content-center style-2015 style-local-12923-c6 position-relative\"><!----><span  class=\"h-svg-icon h-button__icon style-2015-icon style-local-12923-c6-icon\"><!--Icon by Font Awesome (https:\/\/fontawesome.com)-->\n    <svg version=\"1.1\" xmlns=\"http:\/\/www.w3.org\/2000\/svg\" xmlns:xlink=\"http:\/\/www.w3.org\/1999\/xlink\" id=\"file-text-o\" viewbox=\"0 0 1611.2499 1896.0833\">\n      <path d=\"M1468 380q28 28 48 76t20 88v1152q0 40-28 68t-68 28H96q-40 0-68-28t-28-68V96q0-40 28-68T96 0h896q40 0 88 20t76 48zm-444-244v376h376q-10-29-22-41l-313-313q-12-12-41-22zm384 1528V640H992q-40 0-68-28t-28-68V128H128v1536h1280zM384 800q0-14 9-23t23-9h704q14 0 23 9t9 23v64q0 14-9 23t-23 9H416q-14 0-23-9t-9-23v-64zm736 224q14 0 23 9t9 23v64q0 14-9 23t-23 9H416q-14 0-23-9t-9-23v-64q0-14 9-23t23-9h704zm0 256q14 0 23 9t9 23v64q0 14-9 23t-23 9H416q-14 0-23-9t-9-23v-64q0-14 9-23t23-9h704z\"><\/path>\n    <\/svg><\/span> <span>Nodarb\u012bbas saraksts<\/span><\/a>\n                    <\/span>\n                  <\/div>\n                <\/div>\n              <\/div>\n            <\/div>\n          <\/div>\n          <div class=\"h-column h-column-container d-flex h-col-lg-2 h-col-md-2 h-col-12 style-2013-outer style-local-12923-c7-outer\">\n            <div data-colibri-id=\"12923-c7\" class=\"d-flex h-flex-basis h-column__inner h-px-lg-1 h-px-md-1 h-px-1 v-inner-lg-1 v-inner-md-1 v-inner-1 style-2013 style-local-12923-c7 position-relative\">\n              <!---->\n              <!---->\n              <div class=\"w-100 h-y-container h-column__content h-column__v-align flex-basis-100 align-self-lg-start align-self-md-start align-self-start\">\n                <!---->\n                <div data-colibri-id=\"12923-c8\" class=\"h-x-container style-2016 style-local-12923-c8 position-relative h-element\">\n                  <!---->\n                  <div class=\"h-x-container-inner style-dynamic-12923-c8-group style-2016-spacing style-local-12923-c8-spacing\"><span class=\"h-button__outer style-2015-outer style-local-12923-c9-outer d-inline-flex h-element\"><a h-use-smooth-scroll=\"true\" href=\"https:\/\/pbjss.edu.lv\/wp-content\/uploads\/Rezultativie_kriteriji_vieglatletika-2.pdf\" target=\"_blank\"  data-colibri-id=\"12923-c9\" class=\"d-flex w-100 align-items-center h-button justify-content-lg-center justify-content-md-center justify-content-center style-2015 style-local-12923-c9 position-relative\"><!----><span  class=\"h-svg-icon h-button__icon style-2015-icon style-local-12923-c9-icon\"><!--Icon by Font Awesome (https:\/\/fontawesome.com)-->\n    <svg version=\"1.1\" xmlns=\"http:\/\/www.w3.org\/2000\/svg\" xmlns:xlink=\"http:\/\/www.w3.org\/1999\/xlink\" id=\"flag\" viewbox=\"0 0 1792 1896.0833\">\n      <path d=\"M320 256q0 72-64 110v1266q0 13-9.5 22.5T224 1664h-64q-13 0-22.5-9.5T128 1632V366q-64-38-64-110 0-53 37.5-90.5T192 128t90.5 37.5T320 256zm1472 64v763q0 25-12.5 38.5T1740 1149q-215 116-369 116-61 0-123.5-22t-108.5-48-115.5-48-142.5-22q-192 0-464 146-17 9-33 9-26 0-45-19t-19-45V474q0-32 31-55 21-14 79-43 236-120 421-120 107 0 200 29t219 88q38 19 88 19 54 0 117.5-21t110-47 88-47 54.5-21q26 0 45 19t19 45z\"><\/path>\n    <\/svg><\/span> <span>Rezultativit\u0101tes krit\u0113riji<\/span><\/a>\n                    <\/span>\n                  <\/div>\n                <\/div>\n              <\/div>\n            <\/div>\n          <\/div>\n          <div class=\"h-column h-column-container d-flex h-col-lg-2 h-col-md-2 h-col-12 style-2013-outer style-local-12923-c10-outer\">\n            <div data-colibri-id=\"12923-c10\" class=\"d-flex h-flex-basis h-column__inner h-px-lg-1 h-px-md-1 h-px-1 v-inner-lg-1 v-inner-md-1 v-inner-1 style-2013 style-local-12923-c10 position-relative\">\n              <!---->\n              <!---->\n              <div class=\"w-100 h-y-container h-column__content h-column__v-align flex-basis-100 align-self-lg-start align-self-md-start align-self-start\">\n                <!---->\n                <div data-colibri-id=\"12923-c11\" class=\"h-x-container style-2016 style-local-12923-c11 position-relative h-element\">\n                  <!---->\n                  <div class=\"h-x-container-inner style-dynamic-12923-c11-group style-2016-spacing style-local-12923-c11-spacing\"><span class=\"h-button__outer style-2015-outer style-local-12923-c12-outer d-inline-flex h-element\"><a h-use-smooth-scroll=\"true\" href=\"\"  data-colibri-id=\"12923-c12\" class=\"d-flex w-100 align-items-center h-button justify-content-lg-center justify-content-md-center justify-content-center style-2015 style-local-12923-c12 position-relative\"><!----><span  class=\"h-svg-icon h-button__icon style-2015-icon style-local-12923-c12-icon\"><!--Icon by Font Awesome (https:\/\/fontawesome.com)-->\n    <svg version=\"1.1\" xmlns=\"http:\/\/www.w3.org\/2000\/svg\" xmlns:xlink=\"http:\/\/www.w3.org\/1999\/xlink\" id=\"flag\" viewbox=\"0 0 1792 1896.0833\">\n      <path d=\"M320 256q0 72-64 110v1266q0 13-9.5 22.5T224 1664h-64q-13 0-22.5-9.5T128 1632V366q-64-38-64-110 0-53 37.5-90.5T192 128t90.5 37.5T320 256zm1472 64v763q0 25-12.5 38.5T1740 1149q-215 116-369 116-61 0-123.5-22t-108.5-48-115.5-48-142.5-22q-192 0-464 146-17 9-33 9-26 0-45-19t-19-45V474q0-32 31-55 21-14 79-43 236-120 421-120 107 0 200 29t219 88q38 19 88 19 54 0 117.5-21t110-47 88-47 54.5-21q26 0 45 19t19 45z\"><\/path>\n    <\/svg><\/span> <span>Izlase<\/span><\/a>\n                    <\/span>\n                  <\/div>\n                <\/div>\n              <\/div>\n            <\/div>\n          <\/div>\n          <div class=\"h-column h-column-container d-flex h-col-lg-2 h-col-md-2 h-col-12 style-2013-outer style-local-12923-c13-outer\">\n            <div data-colibri-id=\"12923-c13\" class=\"d-flex h-flex-basis h-column__inner h-px-lg-1 h-px-md-1 h-px-1 v-inner-lg-1 v-inner-md-1 v-inner-1 style-2013 style-local-12923-c13 position-relative\">\n              <!---->\n              <!---->\n              <div class=\"w-100 h-y-container h-column__content h-column__v-align flex-basis-100 align-self-lg-start align-self-md-start align-self-start\">\n                <!---->\n                <div data-colibri-id=\"12923-c14\" class=\"h-x-container style-2016 style-local-12923-c14 position-relative h-element\">\n                  <!---->\n                  <div class=\"h-x-container-inner style-dynamic-12923-c14-group style-2016-spacing style-local-12923-c14-spacing\"><span class=\"h-button__outer style-2015-outer style-local-12923-c15-outer d-inline-flex h-element\"><a h-use-smooth-scroll=\"true\" href=\"https:\/\/athletics.lv\/lv\/about-us\/document\/1845\/klasifikacija\" target=\"_blank\"  data-colibri-id=\"12923-c15\" class=\"d-flex w-100 align-items-center h-button justify-content-lg-center justify-content-md-center justify-content-center style-2015 style-local-12923-c15 position-relative\"><!----><span  class=\"h-svg-icon h-button__icon style-2015-icon style-local-12923-c15-icon\"><!--Icon by Font Awesome (https:\/\/fontawesome.com)-->\n    <svg version=\"1.1\" xmlns=\"http:\/\/www.w3.org\/2000\/svg\" xmlns:xlink=\"http:\/\/www.w3.org\/1999\/xlink\" id=\"male\" viewbox=\"0 0 1177.3537 1896.0833\">\n      <path d=\"M1024 704v416q0 40-28 68t-68 28-68-28-28-68V768h-64v912q0 46-33 79t-79 33-79-33-33-79v-464h-64v464q0 46-33 79t-79 33-79-33-33-79V768h-64v352q0 40-28 68t-68 28-68-28-28-68V704q0-80 56-136t136-56h640q80 0 136 56t56 136zM736 256q0 93-65.5 158.5T512 480t-158.5-65.5T288 256t65.5-158.5T512 32t158.5 65.5T736 256z\"><\/path>\n    <\/svg><\/span> <span>Normat\u012bvi<\/span><\/a>\n                    <\/span>\n                  <\/div>\n                <\/div>\n              <\/div>\n            <\/div>\n          <\/div>\n          <div class=\"h-column h-column-container d-flex h-col-lg-2 h-col-md-2 h-col-12 style-2013-outer style-local-12923-c16-outer\">\n            <div data-colibri-id=\"12923-c16\" class=\"d-flex h-flex-basis h-column__inner h-px-lg-1 h-px-md-1 h-px-1 v-inner-lg-1 v-inner-md-1 v-inner-1 style-2013 style-local-12923-c16 position-relative\">\n              <!---->\n              <!---->\n              <div class=\"w-100 h-y-container h-column__content h-column__v-align flex-basis-100 align-self-lg-start align-self-md-start align-self-start\">\n                <!---->\n                <div data-colibri-id=\"12923-c17\" class=\"h-x-container style-2016 style-local-12923-c17 position-relative h-element\">\n                  <!---->\n                  <div class=\"h-x-container-inner style-dynamic-12923-c17-group style-2016-spacing style-local-12923-c17-spacing\"><span class=\"h-button__outer style-2015-outer style-local-12923-c18-outer d-inline-flex h-element\"><a h-use-smooth-scroll=\"true\" href=\"https:\/\/pbjss.edu.lv\/en\/sporta-veidi\/vieglatletika\/rekordi-2\/\"  data-colibri-id=\"12923-c18\" class=\"d-flex w-100 align-items-center h-button justify-content-lg-center justify-content-md-center justify-content-center style-2015 style-local-12923-c18 position-relative\"><!----><span  class=\"h-svg-icon h-button__icon style-2015-icon style-local-12923-c18-icon\"><!--Icon by Font Awesome (https:\/\/fontawesome.com)-->\n    <svg version=\"1.1\" xmlns=\"http:\/\/www.w3.org\/2000\/svg\" xmlns:xlink=\"http:\/\/www.w3.org\/1999\/xlink\" id=\"cloud\" viewbox=\"0 0 1920 1896.0833\">\n      <path d=\"M1920 1152q0 159-112.5 271.5T1536 1536H448q-185 0-316.5-131.5T0 1088q0-132 71-241.5T258 683q-2-28-2-43 0-212 150-362t362-150q158 0 286.5 88T1242 446q70-62 166-62 106 0 181 75t75 181q0 75-41 138 129 30 213 134.5t84 239.5z\"><\/path>\n    <\/svg><\/span> <span>Rekordi<\/span><\/a>\n                    <\/span>\n                  <\/div>\n                <\/div>\n              <\/div>\n            <\/div>\n          <\/div>\n          <div class=\"h-column h-column-container d-flex h-col-lg-2 h-col-md-2 h-col-12 style-2013-outer style-local-12923-c19-outer\">\n            <div data-colibri-id=\"12923-c19\" class=\"d-flex h-flex-basis h-column__inner h-px-lg-1 h-px-md-1 h-px-1 v-inner-lg-1 v-inner-md-1 v-inner-1 style-2013 style-local-12923-c19 position-relative\">\n              <!---->\n              <!---->\n              <div class=\"w-100 h-y-container h-column__content h-column__v-align flex-basis-100 align-self-lg-start align-self-md-start align-self-start\">\n                <!---->\n                <div data-colibri-id=\"12923-c20\" class=\"h-x-container style-2017 style-local-12923-c20 position-relative h-element\">\n                  <!---->\n                  <div class=\"h-x-container-inner style-dynamic-12923-c20-group style-2017-spacing style-local-12923-c20-spacing\"><span class=\"h-button__outer style-2015-outer style-local-12923-c21-outer d-inline-flex h-element\"><a h-use-smooth-scroll=\"true\" href=\"https:\/\/pbjss.edu.lv\/en\/sporta-veidi\/vieglatletika\/vieglatletikas-vesture-2\/\"  data-colibri-id=\"12923-c21\" class=\"d-flex w-100 align-items-center h-button justify-content-lg-center justify-content-md-center justify-content-center style-2015 style-local-12923-c21 position-relative\"><!----><span  class=\"h-svg-icon h-button__icon style-2015-icon style-local-12923-c21-icon\"><!--Icon by Font Awesome (https:\/\/fontawesome.com)-->\n    <svg version=\"1.1\" xmlns=\"http:\/\/www.w3.org\/2000\/svg\" xmlns:xlink=\"http:\/\/www.w3.org\/1999\/xlink\" id=\"book\" viewbox=\"0 0 1664 1896.0833\">\n      <path d=\"M1639 478q40 57 18 129l-275 906q-19 64-76.5 107.5T1183 1664H260q-77 0-148.5-53.5T12 1479q-24-67-2-127 0-4 3-27t4-37q1-8-3-21.5t-3-19.5q2-11 8-21t16.5-23.5T52 1179q23-38 45-91.5t30-91.5q3-10 .5-30t-.5-28q3-11 17-28t17-23q21-36 42-92t25-90q1-9-2.5-32t.5-28q4-13 22-30.5t22-22.5q19-26 42.5-84.5T340 411q1-8-3-25.5t-2-26.5q2-8 9-18t18-23 17-21q8-12 16.5-30.5t15-35 16-36 19.5-32 26.5-23.5 36-11.5T556 134l-1 3q38-9 51-9h761q74 0 114 56t18 130l-274 906q-36 119-71.5 153.5T1025 1408H156q-27 0-38 15-11 16-1 43 24 70 144 70h923q29 0 56-15.5t35-41.5l300-987q7-22 5-57 38 15 59 43zm-1064 2q-4 13 2 22.5t20 9.5h608q13 0 25.5-9.5T1247 480l21-64q4-13-2-22.5t-20-9.5H638q-13 0-25.5 9.5T596 416zm-83 256q-4 13 2 22.5t20 9.5h608q13 0 25.5-9.5T1164 736l21-64q4-13-2-22.5t-20-9.5H555q-13 0-25.5 9.5T513 672z\"><\/path>\n    <\/svg><\/span> <span>V\u0113sture<\/span><\/a>\n                    <\/span>\n                  <\/div>\n                <\/div>\n              <\/div>\n            <\/div>\n          <\/div>\n        <\/div>\n      <\/div>\n    <\/div>\n  <\/div>\n  <div data-colibri-component=\"section\" data-colibri-id=\"12923-c22\" id=\"reusable-sections\" class=\"h-section h-section-global-spacing d-flex align-items-lg-center align-items-md-center align-items-center style-1631 style-local-12923-c22 position-relative\">\n    <!---->\n    <!---->\n    <div class=\"h-section-grid-container h-section-boxed-container\">\n      <!---->\n      <div data-colibri-id=\"12923-c23\" class=\"h-row-container gutters-row-lg-2 gutters-row-md-2 gutters-row-0 gutters-row-v-lg-2 gutters-row-v-md-2 gutters-row-v-2 style-1639 style-local-12923-c23 position-relative\">\n        <!---->\n        <div class=\"h-row justify-content-lg-center justify-content-md-center justify-content-center align-items-lg-center align-items-md-center align-items-center gutters-col-lg-2 gutters-col-md-2 gutters-col-0 gutters-col-v-lg-2 gutters-col-v-md-2 gutters-col-v-2\">\n          <!---->\n          <div class=\"h-column h-column-container d-flex h-col-lg-auto h-col-md-auto h-col-auto align-self-lg-center align-self-md-center align-self-center style-1640-outer style-local-12923-c24-outer\">\n            <div data-colibri-id=\"12923-c24\" class=\"d-flex h-flex-basis h-column__inner h-px-lg-2 h-px-md-2 h-px-2 v-inner-lg-2 v-inner-md-2 v-inner-2 style-1640 style-local-12923-c24 position-relative\">\n              <!---->\n              <!---->\n              <div class=\"w-100 h-y-container h-column__content h-column__v-align flex-basis-auto align-self-lg-start align-self-md-start align-self-start\">\n                <!---->\n                <div data-colibri-id=\"12923-c25\" class=\"h-text h-text-component style-1641 style-local-12923-c25 position-relative h-element\">\n                  <!---->\n                  <!---->\n                  <div class=\"\">\n                    <p>Sporta veida vienk\u0101r\u0161\u012bba un minim\u0101la d\u0101rga ekip\u0113juma vajadz\u012bba vieglatl\u0113tiku ir padar\u012bjusi par vienu no masveid\u012bg\u0101kajiem sporta veidiem. Sporta karaliene, ar\u012b Prei\u013cu novada B\u0113rnu un jaunie\u0161u sporta skola ir jau kop\u0161 t\u0101s pirms\u0101kumiem\n                      &#8211; 1963.gada. Vieglatl\u0113tika att\u012bsta un uzlabo sportista visp\u0101r\u0113jo fizisko sagatavot\u012bbu. Sporta veids, kura pamat\u0101 ir cilv\u0113ka dabisk\u0101s kust\u012bbas &#8211; ie\u0161ana, skrie\u0161ana, l\u0113k\u0161ana, me\u0161ana.<\/p>\n                    <p>Nodarb\u012bbas notiek Prei\u013cu novada BJSS stadion\u0101, V\u0101rkavas pamatskolas stadion\u0101 un sporta z\u0101l\u0113, Prei\u013cu 2.vidusskolas vieglatl\u0113tikas man\u0113\u017e\u0101, Aglonas vidusskolas stadion\u0101 un sporta z\u0101l\u0113, Riebi\u0146u vidusskol\u0101, Gal\u0113nu pamatskol\u0101. Prei\u013cu novad\u0101\n                      notiek daudzus vieglatl\u0113tikas sacens\u012bbu, k\u0101 ar\u012b tiek r\u012bkotas treni\u0146nometnes, lai att\u012bst\u012btu un populariz\u0113tu \u0161o sporta veidu, t.sk. tradicion\u0101l\u0101s starptautiskas vieglatl\u0113tikas sacens\u012bbas skr\u0113jiens un sporta so\u013co\u0161an\u0101 pa Prei\u013cu pils\u0113tas\n                      iel\u0101m\u201d C\u012bru\u013cputenis\u201d , Prei\u013cu novada \u010dempion\u0101ts telp\u0101s un stadion\u0101, k\u0101 ar\u012b Parka pusstundas skr\u0113jiens, kur\u0101 pulc\u0113jas da\u017e\u0101d\u0101s paaudzes skr\u0113ji.<\/p>\n                    <p>\n                      <br>\n                    <\/p>\n                  <\/div>\n                <\/div>\n              <\/div>\n            <\/div>\n          <\/div>\n        <\/div>\n      <\/div>\n    <\/div>\n  <\/div>\n<\/div>","protected":false},"excerpt":{"rendered":"<p>Nodarb\u012bbas saraksts Rezultativit\u0101tes krit\u0113riji Izlase Normat\u012bvi Rekordi V\u0113sture Sporta veida vienk\u0101r\u0161\u012bba un minim\u0101la d\u0101rga ekip\u0113juma vajadz\u012bba vieglatl\u0113tiku ir padar\u012bjusi par vienu no masveid\u012bg\u0101kajiem sporta veidiem. Sporta karaliene, ar\u012b Prei\u013cu novada [&hellip;]<\/p>\n","protected":false},"author":2,"featured_media":0,"parent":11954,"menu_order":0,"comment_status":"closed","ping_status":"closed","template":"page-templates\/full-width-page.php","meta":{"_acf_changed":false,"footnotes":""},"class_list":["post-12923","page","type-page","status-publish","hentry"],"acf":[],"yoast_head":"<!-- This site is optimized with the Yoast SEO plugin v27.3 - https:\/\/yoast.com\/product\/yoast-seo-wordpress\/ -->\n<title>Vieglatl\u0113tika - Prei\u013cu novada b\u0113rnu un jaunie\u0161u sporta skola<\/title>\n<meta name=\"robots\" content=\"index, follow, max-snippet:-1, max-image-preview:large, max-video-preview:-1\" \/>\n<link rel=\"canonical\" href=\"https:\/\/pbjss.edu.lv\/en\/sporta-veidi\/vieglatletika\/\" \/>\n<meta property=\"og:locale\" content=\"en_GB\" \/>\n<meta property=\"og:type\" content=\"article\" \/>\n<meta property=\"og:title\" content=\"Vieglatl\u0113tika - Prei\u013cu novada b\u0113rnu un jaunie\u0161u sporta skola\" \/>\n<meta property=\"og:description\" content=\"Nodarb\u012bbas saraksts Rezultativit\u0101tes krit\u0113riji Izlase Normat\u012bvi Rekordi V\u0113sture Sporta veida vienk\u0101r\u0161\u012bba un minim\u0101la d\u0101rga ekip\u0113juma vajadz\u012bba vieglatl\u0113tiku ir padar\u012bjusi par vienu no masveid\u012bg\u0101kajiem sporta veidiem. Sporta karaliene, ar\u012b Prei\u013cu novada [&hellip;]\" \/>\n<meta property=\"og:url\" content=\"https:\/\/pbjss.edu.lv\/en\/sporta-veidi\/vieglatletika\/\" \/>\n<meta property=\"og:site_name\" content=\"Prei\u013cu novada b\u0113rnu un jaunie\u0161u sporta skola\" \/>\n<meta property=\"article:publisher\" content=\"https:\/\/www.facebook.com\/pbjss\/?eid=ARAe9wQ7MGM0FQFTVX7QEebpfAfe5hv7HvoN-v1Jv13lgtTNi-DDzJx16PrauJn_wRTcN6k13xTyjf4n\" \/>\n<meta property=\"article:modified_time\" content=\"2026-04-08T17:15:22+00:00\" \/>\n<meta name=\"twitter:card\" content=\"summary_large_image\" \/>\n<meta name=\"twitter:label1\" content=\"Estimated reading time\" \/>\n\t<meta name=\"twitter:data1\" content=\"1 minute\" \/>\n<script type=\"application\/ld+json\" class=\"yoast-schema-graph\">{\"@context\":\"https:\\\/\\\/schema.org\",\"@graph\":[{\"@type\":\"WebPage\",\"@id\":\"https:\\\/\\\/pbjss.edu.lv\\\/sporta-veidi\\\/vieglatletika\\\/\",\"url\":\"https:\\\/\\\/pbjss.edu.lv\\\/sporta-veidi\\\/vieglatletika\\\/\",\"name\":\"Vieglatl\u0113tika - Prei\u013cu novada b\u0113rnu un jaunie\u0161u sporta skola\",\"isPartOf\":{\"@id\":\"https:\\\/\\\/pbjss.edu.lv\\\/#website\"},\"datePublished\":\"2024-02-24T11:25:41+00:00\",\"dateModified\":\"2026-04-08T17:15:22+00:00\",\"breadcrumb\":{\"@id\":\"https:\\\/\\\/pbjss.edu.lv\\\/sporta-veidi\\\/vieglatletika\\\/#breadcrumb\"},\"inLanguage\":\"en-GB\",\"potentialAction\":[{\"@type\":\"ReadAction\",\"target\":[\"https:\\\/\\\/pbjss.edu.lv\\\/sporta-veidi\\\/vieglatletika\\\/\"]}]},{\"@type\":\"BreadcrumbList\",\"@id\":\"https:\\\/\\\/pbjss.edu.lv\\\/sporta-veidi\\\/vieglatletika\\\/#breadcrumb\",\"itemListElement\":[{\"@type\":\"ListItem\",\"position\":1,\"name\":\"Home\",\"item\":\"https:\\\/\\\/pbjss.edu.lv\\\/\"},{\"@type\":\"ListItem\",\"position\":2,\"name\":\"Sporta veidi\",\"item\":\"https:\\\/\\\/pbjss.edu.lv\\\/sporta-veidi\\\/\"},{\"@type\":\"ListItem\",\"position\":3,\"name\":\"Vieglatl\u0113tika\"}]},{\"@type\":\"WebSite\",\"@id\":\"https:\\\/\\\/pbjss.edu.lv\\\/#website\",\"url\":\"https:\\\/\\\/pbjss.edu.lv\\\/\",\"name\":\"Prei\u013cu novada b\u0113rnu un jaunie\u0161u sporta skola\",\"description\":\"Augst\u0101k, t\u0101l\u0101k, stipr\u0101k!\",\"potentialAction\":[{\"@type\":\"SearchAction\",\"target\":{\"@type\":\"EntryPoint\",\"urlTemplate\":\"https:\\\/\\\/pbjss.edu.lv\\\/?s={search_term_string}\"},\"query-input\":{\"@type\":\"PropertyValueSpecification\",\"valueRequired\":true,\"valueName\":\"search_term_string\"}}],\"inLanguage\":\"en-GB\"}]}<\/script>\n<!-- \/ Yoast SEO plugin. -->","yoast_head_json":{"title":"Vieglatl\u0113tika - Prei\u013cu novada b\u0113rnu un jaunie\u0161u sporta skola","robots":{"index":"index","follow":"follow","max-snippet":"max-snippet:-1","max-image-preview":"max-image-preview:large","max-video-preview":"max-video-preview:-1"},"canonical":"https:\/\/pbjss.edu.lv\/en\/sporta-veidi\/vieglatletika\/","og_locale":"en_GB","og_type":"article","og_title":"Vieglatl\u0113tika - Prei\u013cu novada b\u0113rnu un jaunie\u0161u sporta skola","og_description":"Nodarb\u012bbas saraksts Rezultativit\u0101tes krit\u0113riji Izlase Normat\u012bvi Rekordi V\u0113sture Sporta veida vienk\u0101r\u0161\u012bba un minim\u0101la d\u0101rga ekip\u0113juma vajadz\u012bba vieglatl\u0113tiku ir padar\u012bjusi par vienu no masveid\u012bg\u0101kajiem sporta veidiem. Sporta karaliene, ar\u012b Prei\u013cu novada [&hellip;]","og_url":"https:\/\/pbjss.edu.lv\/en\/sporta-veidi\/vieglatletika\/","og_site_name":"Prei\u013cu novada b\u0113rnu un jaunie\u0161u sporta skola","article_publisher":"https:\/\/www.facebook.com\/pbjss\/?eid=ARAe9wQ7MGM0FQFTVX7QEebpfAfe5hv7HvoN-v1Jv13lgtTNi-DDzJx16PrauJn_wRTcN6k13xTyjf4n","article_modified_time":"2026-04-08T17:15:22+00:00","twitter_card":"summary_large_image","twitter_misc":{"Estimated reading time":"1 minute"},"schema":{"@context":"https:\/\/schema.org","@graph":[{"@type":"WebPage","@id":"https:\/\/pbjss.edu.lv\/sporta-veidi\/vieglatletika\/","url":"https:\/\/pbjss.edu.lv\/sporta-veidi\/vieglatletika\/","name":"Vieglatl\u0113tika - Prei\u013cu novada b\u0113rnu un jaunie\u0161u sporta skola","isPartOf":{"@id":"https:\/\/pbjss.edu.lv\/#website"},"datePublished":"2024-02-24T11:25:41+00:00","dateModified":"2026-04-08T17:15:22+00:00","breadcrumb":{"@id":"https:\/\/pbjss.edu.lv\/sporta-veidi\/vieglatletika\/#breadcrumb"},"inLanguage":"en-GB","potentialAction":[{"@type":"ReadAction","target":["https:\/\/pbjss.edu.lv\/sporta-veidi\/vieglatletika\/"]}]},{"@type":"BreadcrumbList","@id":"https:\/\/pbjss.edu.lv\/sporta-veidi\/vieglatletika\/#breadcrumb","itemListElement":[{"@type":"ListItem","position":1,"name":"Home","item":"https:\/\/pbjss.edu.lv\/"},{"@type":"ListItem","position":2,"name":"Sporta veidi","item":"https:\/\/pbjss.edu.lv\/sporta-veidi\/"},{"@type":"ListItem","position":3,"name":"Vieglatl\u0113tika"}]},{"@type":"WebSite","@id":"https:\/\/pbjss.edu.lv\/#website","url":"https:\/\/pbjss.edu.lv\/","name":"Prei\u013cu novada b\u0113rnu un jaunie\u0161u sporta skola","description":"Augst\u0101k, t\u0101l\u0101k, stipr\u0101k!","potentialAction":[{"@type":"SearchAction","target":{"@type":"EntryPoint","urlTemplate":"https:\/\/pbjss.edu.lv\/?s={search_term_string}"},"query-input":{"@type":"PropertyValueSpecification","valueRequired":true,"valueName":"search_term_string"}}],"inLanguage":"en-GB"}]}},"_links":{"self":[{"href":"https:\/\/pbjss.edu.lv\/en\/wp-json\/wp\/v2\/pages\/12923","targetHints":{"allow":["GET"]}}],"collection":[{"href":"https:\/\/pbjss.edu.lv\/en\/wp-json\/wp\/v2\/pages"}],"about":[{"href":"https:\/\/pbjss.edu.lv\/en\/wp-json\/wp\/v2\/types\/page"}],"author":[{"embeddable":true,"href":"https:\/\/pbjss.edu.lv\/en\/wp-json\/wp\/v2\/users\/2"}],"replies":[{"embeddable":true,"href":"https:\/\/pbjss.edu.lv\/en\/wp-json\/wp\/v2\/comments?post=12923"}],"version-history":[{"count":20,"href":"https:\/\/pbjss.edu.lv\/en\/wp-json\/wp\/v2\/pages\/12923\/revisions"}],"predecessor-version":[{"id":35329,"href":"https:\/\/pbjss.edu.lv\/en\/wp-json\/wp\/v2\/pages\/12923\/revisions\/35329"}],"up":[{"embeddable":true,"href":"https:\/\/pbjss.edu.lv\/en\/wp-json\/wp\/v2\/pages\/11954"}],"wp:attachment":[{"href":"https:\/\/pbjss.edu.lv\/en\/wp-json\/wp\/v2\/media?parent=12923"}],"curies":[{"name":"wp","href":"https:\/\/api.w.org\/{rel}","templated":true}]}}