{"id":10536,"date":"2023-10-18T20:30:27","date_gmt":"2023-10-18T17:30:27","guid":{"rendered":"https:\/\/pbjss.edu.lv\/?page_id=10536"},"modified":"2026-04-08T20:17:50","modified_gmt":"2026-04-08T17:17:50","slug":"futbols","status":"publish","type":"page","link":"https:\/\/pbjss.edu.lv\/en\/sporta-veidi\/futbols\/","title":{"rendered":"Futbols"},"content":{"rendered":"<div data-colibri-id=\"10536-c1\" class=\"style-604 style-local-10536-c1 position-relative\">\n  <!---->\n  <div data-colibri-component=\"section\" data-colibri-id=\"10536-c2\" id=\"custom\" class=\"h-section h-section-global-spacing d-flex align-items-lg-center align-items-md-center align-items-center style-810 style-local-10536-c2 position-relative\">\n    <!---->\n    <!---->\n    <div class=\"h-section-grid-container h-section-fluid-container\">\n      <!---->\n      <div data-colibri-id=\"10536-c3\" class=\"h-row-container gutters-row-lg-0 gutters-row-md-0 gutters-row-0 gutters-row-v-lg-0 gutters-row-v-md-0 gutters-row-v-0 style-814 style-local-10536-c3 position-relative\">\n        <!---->\n        <div class=\"h-row justify-content-lg-center justify-content-md-center justify-content-center align-items-lg-stretch align-items-md-stretch align-items-stretch gutters-col-lg-0 gutters-col-md-0 gutters-col-0 gutters-col-v-lg-0 gutters-col-v-md-0 gutters-col-v-0\">\n          <!---->\n          <div class=\"h-column h-column-container d-flex h-col-lg-3 h-col-md-3 h-col-12 style-815-outer style-local-10536-c4-outer\">\n            <div data-colibri-id=\"10536-c4\" class=\"d-flex h-flex-basis h-column__inner h-px-lg-0 h-px-md-0 h-px-0 v-inner-lg-0 v-inner-md-0 v-inner-0 style-815 style-local-10536-c4 position-relative\">\n              <!---->\n              <!---->\n              <div class=\"w-100 h-y-container h-column__content h-column__v-align flex-basis-100 align-self-lg-start align-self-md-start align-self-start\">\n                <!---->\n                <div data-colibri-id=\"10536-c5\" class=\"h-x-container style-817 style-local-10536-c5 position-relative h-element\">\n                  <!---->\n                  <div class=\"h-x-container-inner style-dynamic-10536-c5-group style-817-spacing style-local-10536-c5-spacing\"><span class=\"h-button__outer style-1307-outer style-local-10536-c6-outer d-inline-flex h-element\"><a h-use-smooth-scroll=\"true\" href=\"https:\/\/pbjss.edu.lv\/wp-content\/uploads\/Nodarbibu_grafiks_2025_2026.pdf\" target=\"_blank\"  data-colibri-id=\"10536-c6\" class=\"d-flex w-100 align-items-center h-button justify-content-lg-center justify-content-md-center justify-content-center style-1307 style-local-10536-c6 position-relative\"><!----><span  class=\"h-svg-icon h-button__icon style-1307-icon style-local-10536-c6-icon\"><!--Icon by Font Awesome (https:\/\/fontawesome.com)-->\n    <svg version=\"1.1\" xmlns=\"http:\/\/www.w3.org\/2000\/svg\" xmlns:xlink=\"http:\/\/www.w3.org\/1999\/xlink\" id=\"file-text-o\" viewbox=\"0 0 1611.2499 1896.0833\">\n      <path d=\"M1468 380q28 28 48 76t20 88v1152q0 40-28 68t-68 28H96q-40 0-68-28t-28-68V96q0-40 28-68T96 0h896q40 0 88 20t76 48zm-444-244v376h376q-10-29-22-41l-313-313q-12-12-41-22zm384 1528V640H992q-40 0-68-28t-28-68V128H128v1536h1280zM384 800q0-14 9-23t23-9h704q14 0 23 9t9 23v64q0 14-9 23t-23 9H416q-14 0-23-9t-9-23v-64zm736 224q14 0 23 9t9 23v64q0 14-9 23t-23 9H416q-14 0-23-9t-9-23v-64q0-14 9-23t23-9h704zm0 256q14 0 23 9t9 23v64q0 14-9 23t-23 9H416q-14 0-23-9t-9-23v-64q0-14 9-23t23-9h704z\"><\/path>\n    <\/svg><\/span> <span>Nodarb\u012bbas saraksts<\/span><\/a>\n                    <\/span>\n                  <\/div>\n                <\/div>\n              <\/div>\n            <\/div>\n          <\/div>\n          <div class=\"h-column h-column-container d-flex h-col-lg-3 h-col-md-3 h-col-12 style-815-outer style-local-10536-c7-outer\">\n            <div data-colibri-id=\"10536-c7\" class=\"d-flex h-flex-basis h-column__inner h-px-lg-0 h-px-md-0 h-px-0 v-inner-lg-0 v-inner-md-0 v-inner-0 style-815 style-local-10536-c7 position-relative\">\n              <!---->\n              <!---->\n              <div class=\"w-100 h-y-container h-column__content h-column__v-align flex-basis-100 align-self-lg-start align-self-md-start align-self-start\">\n                <!---->\n                <div data-colibri-id=\"10536-c8\" class=\"h-x-container style-819 style-local-10536-c8 position-relative h-element\">\n                  <!---->\n                  <div class=\"h-x-container-inner style-dynamic-10536-c8-group style-819-spacing style-local-10536-c8-spacing\"><span class=\"h-button__outer style-1307-outer style-local-10536-c9-outer d-inline-flex h-element\"><a h-use-smooth-scroll=\"true\" href=\"https:\/\/lff.lv\/klubiem\/pisii-kontrolnormativi\/\" target=\"_blank\"  data-colibri-id=\"10536-c9\" class=\"d-flex w-100 align-items-center h-button justify-content-lg-center justify-content-md-center justify-content-center style-1307 style-local-10536-c9 position-relative\"><!----><span  class=\"h-svg-icon h-button__icon style-1307-icon style-local-10536-c9-icon\"><!--Icon by Font Awesome (https:\/\/fontawesome.com)-->\n    <svg version=\"1.1\" xmlns=\"http:\/\/www.w3.org\/2000\/svg\" xmlns:xlink=\"http:\/\/www.w3.org\/1999\/xlink\" id=\"male\" viewbox=\"0 0 1177.3537 1896.0833\">\n      <path d=\"M1024 704v416q0 40-28 68t-68 28-68-28-28-68V768h-64v912q0 46-33 79t-79 33-79-33-33-79v-464h-64v464q0 46-33 79t-79 33-79-33-33-79V768h-64v352q0 40-28 68t-68 28-68-28-28-68V704q0-80 56-136t136-56h640q80 0 136 56t56 136zM736 256q0 93-65.5 158.5T512 480t-158.5-65.5T288 256t65.5-158.5T512 32t158.5 65.5T736 256z\"><\/path>\n    <\/svg><\/span> <span>Normat\u012bvi<\/span><\/a>\n                    <\/span>\n                  <\/div>\n                <\/div>\n              <\/div>\n            <\/div>\n          <\/div>\n          <div class=\"h-column h-column-container d-flex h-col-lg-3 h-col-md-3 h-col-12 style-815-outer style-local-10536-c10-outer\">\n            <div data-colibri-id=\"10536-c10\" class=\"d-flex h-flex-basis h-column__inner h-px-lg-0 h-px-md-0 h-px-0 v-inner-lg-0 v-inner-md-0 v-inner-0 style-815 style-local-10536-c10 position-relative\">\n              <!---->\n              <!---->\n              <div class=\"w-100 h-y-container h-column__content h-column__v-align flex-basis-100 align-self-lg-start align-self-md-start align-self-start\">\n                <!---->\n                <div data-colibri-id=\"10536-c11\" class=\"h-x-container style-819 style-local-10536-c11 position-relative h-element\">\n                  <!---->\n                  <div class=\"h-x-container-inner style-dynamic-10536-c11-group style-819-spacing style-local-10536-c11-spacing\"><span class=\"h-button__outer style-1307-outer style-local-10536-c12-outer d-inline-flex h-element\"><a h-use-smooth-scroll=\"true\" href=\"https:\/\/pbjss.edu.lv\/wp-content\/uploads\/Rezultativie_kriteriji_futbols-4.pdf\" target=\"_blank\"  data-colibri-id=\"10536-c12\" class=\"d-flex w-100 align-items-center h-button justify-content-lg-center justify-content-md-center justify-content-center style-1307 style-local-10536-c12 position-relative\"><!----><span  class=\"h-svg-icon h-button__icon style-1307-icon style-local-10536-c12-icon\"><!--Icon by Font Awesome (https:\/\/fontawesome.com)-->\n    <svg version=\"1.1\" xmlns=\"http:\/\/www.w3.org\/2000\/svg\" xmlns:xlink=\"http:\/\/www.w3.org\/1999\/xlink\" id=\"flag\" viewbox=\"0 0 1792 1896.0833\">\n      <path d=\"M320 256q0 72-64 110v1266q0 13-9.5 22.5T224 1664h-64q-13 0-22.5-9.5T128 1632V366q-64-38-64-110 0-53 37.5-90.5T192 128t90.5 37.5T320 256zm1472 64v763q0 25-12.5 38.5T1740 1149q-215 116-369 116-61 0-123.5-22t-108.5-48-115.5-48-142.5-22q-192 0-464 146-17 9-33 9-26 0-45-19t-19-45V474q0-32 31-55 21-14 79-43 236-120 421-120 107 0 200 29t219 88q38 19 88 19 54 0 117.5-21t110-47 88-47 54.5-21q26 0 45 19t19 45z\"><\/path>\n    <\/svg><\/span> <span>Rezultativit\u0101tes krit\u0113riji<\/span><\/a>\n                    <\/span>\n                  <\/div>\n                <\/div>\n              <\/div>\n            <\/div>\n          <\/div>\n          <div class=\"h-column h-column-container d-flex h-col-lg-3 h-col-md-3 h-col-12 style-815-outer style-local-10536-c13-outer\">\n            <div data-colibri-id=\"10536-c13\" class=\"d-flex h-flex-basis h-column__inner h-px-lg-0 h-px-md-0 h-px-0 v-inner-lg-0 v-inner-md-0 v-inner-0 style-815 style-local-10536-c13 position-relative\">\n              <!---->\n              <!---->\n              <div class=\"w-100 h-y-container h-column__content h-column__v-align flex-basis-100 align-self-lg-start align-self-md-start align-self-start\">\n                <!---->\n                <div data-colibri-id=\"10536-c14\" class=\"h-x-container style-819 style-local-10536-c14 position-relative h-element\">\n                  <!---->\n                  <div class=\"h-x-container-inner style-dynamic-10536-c14-group style-819-spacing style-local-10536-c14-spacing\"><span class=\"h-button__outer style-1307-outer style-local-10536-c15-outer d-inline-flex h-element\"><a h-use-smooth-scroll=\"true\" href=\"\"  data-colibri-id=\"10536-c15\" class=\"d-flex w-100 align-items-center h-button justify-content-lg-center justify-content-md-center justify-content-center style-1307 style-local-10536-c15 position-relative\"><!----><span  class=\"h-svg-icon h-button__icon style-1307-icon style-local-10536-c15-icon\"><!--Icon by Font Awesome (https:\/\/fontawesome.com)-->\n    <svg version=\"1.1\" xmlns=\"http:\/\/www.w3.org\/2000\/svg\" xmlns:xlink=\"http:\/\/www.w3.org\/1999\/xlink\" id=\"flag\" viewbox=\"0 0 1792 1896.0833\">\n      <path d=\"M320 256q0 72-64 110v1266q0 13-9.5 22.5T224 1664h-64q-13 0-22.5-9.5T128 1632V366q-64-38-64-110 0-53 37.5-90.5T192 128t90.5 37.5T320 256zm1472 64v763q0 25-12.5 38.5T1740 1149q-215 116-369 116-61 0-123.5-22t-108.5-48-115.5-48-142.5-22q-192 0-464 146-17 9-33 9-26 0-45-19t-19-45V474q0-32 31-55 21-14 79-43 236-120 421-120 107 0 200 29t219 88q38 19 88 19 54 0 117.5-21t110-47 88-47 54.5-21q26 0 45 19t19 45z\"><\/path>\n    <\/svg><\/span> <span>Izlase<\/span><\/a>\n                    <\/span>\n                  <\/div>\n                <\/div>\n              <\/div>\n            <\/div>\n          <\/div>\n        <\/div>\n      <\/div>\n    <\/div>\n  <\/div>\n  <div data-colibri-component=\"section\" data-colibri-id=\"10536-c16\" id=\"custom-2\" class=\"h-section h-section-global-spacing d-flex align-items-lg-center align-items-md-center align-items-center style-2024 style-local-10536-c16 position-relative\">\n    <!---->\n    <!---->\n    <div class=\"h-section-grid-container h-section-boxed-container\">\n      <!---->\n      <div data-colibri-id=\"10536-c17\" class=\"h-row-container gutters-row-lg-0 gutters-row-md-0 gutters-row-0 gutters-row-v-lg-0 gutters-row-v-md-0 gutters-row-v-0 style-2027 style-local-10536-c17 position-relative\">\n        <!---->\n        <div class=\"h-row justify-content-lg-center justify-content-md-center justify-content-center align-items-lg-stretch align-items-md-stretch align-items-stretch gutters-col-lg-0 gutters-col-md-0 gutters-col-0 gutters-col-v-lg-0 gutters-col-v-md-0 gutters-col-v-0\">\n          <!---->\n          <div class=\"h-column h-column-container d-flex h-col-lg-auto h-col-md-auto h-col-auto style-2028-outer style-local-10536-c18-outer\">\n            <div data-colibri-id=\"10536-c18\" class=\"d-flex h-flex-basis h-column__inner h-px-lg-0 h-px-md-0 h-px-0 v-inner-lg-0 v-inner-md-0 v-inner-0 style-2028 style-local-10536-c18 position-relative\">\n              <!---->\n              <!---->\n              <div class=\"w-100 h-y-container h-column__content h-column__v-align flex-basis-100 align-self-lg-start align-self-md-start align-self-start\">\n                <!---->\n                <div data-colibri-id=\"10536-c19\" class=\"h-text h-text-component style-2029 style-local-10536-c19 position-relative h-element\">\n                  <!---->\n                  <!---->\n                  <div class=\"\">\n                    <p>Popul\u0101rs sporta veids vis\u0101 pasaul\u0113, tiek d\u0113v\u0113ts par sporta veidu karali. Aizraujo\u0161a un dinamiska sp\u0113le, kas disciplin\u0113, veicina jaunu prasmju un iema\u0146u apg\u016b\u0161anu, ar organisma funkcion\u0101lo iesp\u0113ju paaugstin\u0101\u0161anos un augstu gan fizisko,\n                      gan psiholo\u0123isko slodzi sacens\u012bb\u0101s.\n                      <br><em>\u201cPar futbolu ir j\u0101dzird, tas ir j\u0101redz un taj\u0101 ir j\u0101piedal\u0101s, tom\u0113r par visu b\u016btisk\u0101k\u0101 v\u0113rt\u012bba Latvijas futbol\u0101 ir cilv\u0113ks. Neatkar\u012bgi no lomas \u2013 sp\u0113l\u0113t\u0101js, treneris, tiesnesis, l\u012bdzjut\u0113js, b\u0113rna mamma vai t\u0113tis, \u2013 m\u0113s v\u0113lamies str\u0101d\u0101t un darbu paveikt t\u0101, lai Latvijas futbola \u0123imenes cilv\u0113ki b\u016btu iedvesmoti atrasties futbol\u0101 un to att\u012bst\u012bt!\u2019\u2019<br>Latvijas Futbola Feder\u0101cija<\/em><\/p>\n                    <p>M\u0101c\u012bbu-treni\u0146u nodarb\u012bbas notiek Prei\u013cu novada BJSS stadion\u0101, Prei\u013cu novada BJSS futbola m\u0101ksl\u012bgaj\u0101 laukum\u0101, Aglonas vidusskolas stadion\u0101 un sporta z\u0101l\u0113, Prei\u013cu novada BJSS sporta z\u0101l\u0113 un Prei\u013cu 1.pamatskolas sporta z\u0101l\u0113.<\/p>\n                  <\/div>\n                <\/div>\n              <\/div>\n            <\/div>\n          <\/div>\n        <\/div>\n      <\/div>\n      <div data-colibri-id=\"10536-c20\" class=\"h-row-container gutters-row-lg-0 gutters-row-md-0 gutters-row-0 gutters-row-v-lg-0 gutters-row-v-md-0 gutters-row-v-0 style-2209 style-local-10536-c20 position-relative\">\n        <!---->\n        <div class=\"h-row justify-content-lg-center justify-content-md-center justify-content-center align-items-lg-stretch align-items-md-stretch align-items-stretch gutters-col-lg-0 gutters-col-md-0 gutters-col-0 gutters-col-v-lg-0 gutters-col-v-md-0 gutters-col-v-0\">\n          <!---->\n          <div class=\"h-column h-column-container d-flex h-col-lg-auto h-col-md-auto h-col-auto style-2210-outer style-local-10536-c21-outer\">\n            <div data-colibri-id=\"10536-c21\" class=\"d-flex h-flex-basis h-column__inner h-px-lg-0 h-px-md-0 h-px-0 v-inner-lg-0 v-inner-md-0 v-inner-0 style-2210 style-local-10536-c21 position-relative\">\n              <!---->\n              <!---->\n              <div class=\"w-100 h-y-container h-column__content h-column__v-align flex-basis-100 align-self-lg-start align-self-md-start align-self-start\">\n                <!---->\n                <div data-colibri-id=\"10536-c22\" class=\"h-global-transition-all h-heading style-2212 style-local-10536-c22 position-relative h-element\">\n                  <!---->\n                  <div class=\"h-heading__outer style-2212 style-local-10536-c22\">\n                    <!---->\n                    <!---->\n                    <h4 class=\"\">Vair\u0101k par futbolu:<\/h4>\n                  <\/div>\n                <\/div>\n              <\/div>\n            <\/div>\n          <\/div>\n        <\/div>\n      <\/div>\n      <div data-colibri-id=\"10536-c23\" class=\"h-row-container gutters-row-lg-1 gutters-row-md-1 gutters-row-0 gutters-row-v-lg-1 gutters-row-v-md-1 gutters-row-v-1 style-2199 style-local-10536-c23 position-relative\">\n        <!---->\n        <div class=\"h-row justify-content-lg-center justify-content-md-center justify-content-center align-items-lg-stretch align-items-md-stretch align-items-stretch gutters-col-lg-1 gutters-col-md-1 gutters-col-0 gutters-col-v-lg-1 gutters-col-v-md-1 gutters-col-v-1\">\n          <!---->\n          <div class=\"h-column h-column-container d-flex h-col-lg-auto h-col-md-auto h-col-auto style-2200-outer style-local-10536-c24-outer\">\n            <div data-colibri-id=\"10536-c24\" class=\"d-flex h-flex-basis h-column__inner h-px-lg-1 h-px-md-1 h-px-1 v-inner-lg-1 v-inner-md-1 v-inner-1 style-2200 style-local-10536-c24 position-relative\">\n              <!---->\n              <!---->\n              <div class=\"w-100 h-y-container h-column__content h-column__v-align flex-basis-auto align-self-lg-start align-self-md-start align-self-start\">\n                <!---->\n                <div data-colibri-id=\"10536-c25\" class=\"h-x-container style-2201 style-local-10536-c25 position-relative h-element\">\n                  <!---->\n                  <div class=\"h-x-container-inner style-dynamic-10536-c25-group style-2201-spacing style-local-10536-c25-spacing\"><span class=\"h-link__outer style-2202-outer style-local-10536-c26-outer d-inline-flex h-element\"><a h-use-smooth-scroll=\"true\" href=\"https:\/\/futbols.pbjss.edu.lv\/\" target=\"_blank\"  data-colibri-id=\"10536-c26\" class=\"d-flex w-100 align-items-center h-link style-2202 style-local-10536-c26 position-relative\"><!----><span  class=\"h-svg-icon h-link__icon style-2202-icon style-local-10536-c26-icon\"><!--Icon by Font Awesome (https:\/\/fontawesome.com)-->\n    <svg version=\"1.1\" xmlns=\"http:\/\/www.w3.org\/2000\/svg\" xmlns:xlink=\"http:\/\/www.w3.org\/1999\/xlink\" id=\"futbol-o\" viewbox=\"0 0 1792 1896.0833\">\n      <path d=\"M609 816l287-208 287 208-109 336H719zM896 0q182 0 348 71t286 191 191 286 71 348-71 348-191 286-286 191-348 71-348-71-286-191-191-286T0 896t71-348 191-286T548 71 896 0zm619 1350q149-203 149-454v-3l-102 89-240-224 63-323 134 12q-150-206-389-282l53 124-287 159-287-159 53-124q-239 76-389 282l135-12 62 323-240 224-102-89v3q0 251 149 454l30-132 326 40 139 298-116 69q117 39 240 39t240-39l-116-69 139-298 326-40z\"><\/path>\n    <\/svg><\/span> <span>Futbola sacens\u012bbas (novada \u010dempion\u0101ti, telpu \u010dempion\u0101ts) (https:\/\/futbols.pbjss.edu.lv\/)<\/span><\/a>\n                    <\/span><span class=\"h-link__outer style-2202-outer style-local-10536-c27-outer d-inline-flex h-element\"><a h-use-smooth-scroll=\"true\" href=\"https:\/\/futbols.preili.lv\/\" target=\"_blank\"  data-colibri-id=\"10536-c27\" class=\"d-flex w-100 align-items-center h-link style-2202 style-local-10536-c27 position-relative\"><!----><span  class=\"h-svg-icon h-link__icon style-2202-icon style-local-10536-c27-icon\"><!--Icon by Font Awesome (https:\/\/fontawesome.com)-->\n    <svg version=\"1.1\" xmlns=\"http:\/\/www.w3.org\/2000\/svg\" xmlns:xlink=\"http:\/\/www.w3.org\/1999\/xlink\" id=\"futbol-o\" viewbox=\"0 0 1792 1896.0833\">\n      <path d=\"M609 816l287-208 287 208-109 336H719zM896 0q182 0 348 71t286 191 191 286 71 348-71 348-191 286-286 191-348 71-348-71-286-191-191-286T0 896t71-348 191-286T548 71 896 0zm619 1350q149-203 149-454v-3l-102 89-240-224 63-323 134 12q-150-206-389-282l53 124-287 159-287-159 53-124q-239 76-389 282l135-12 62 323-240 224-102-89v3q0 251 149 454l30-132 326 40 139 298-116 69q117 39 240 39t240-39l-116-69 139-298 326-40z\"><\/path>\n    <\/svg><\/span> <span>Viss par futbolu Prei\u013cos (https:\/\/futbols.preili.lv\/)<\/span><\/a>\n                    <\/span>\n                  <\/div>\n                <\/div>\n              <\/div>\n            <\/div>\n          <\/div>\n        <\/div>\n      <\/div>\n    <\/div>\n  <\/div>\n<\/div>","protected":false},"excerpt":{"rendered":"<p>Nodarb\u012bbas saraksts Normat\u012bvi Rezultativit\u0101tes krit\u0113riji Izlase Popul\u0101rs sporta veids vis\u0101 pasaul\u0113, tiek d\u0113v\u0113ts par sporta veidu karali. Aizraujo\u0161a un dinamiska sp\u0113le, kas disciplin\u0113, veicina jaunu prasmju un iema\u0146u apg\u016b\u0161anu, ar [&hellip;]<\/p>\n","protected":false},"author":2,"featured_media":0,"parent":11954,"menu_order":0,"comment_status":"closed","ping_status":"closed","template":"page-templates\/full-width-page.php","meta":{"_acf_changed":false,"footnotes":""},"class_list":["post-10536","page","type-page","status-publish","hentry"],"acf":[],"yoast_head":"<!-- This site is optimized with the Yoast SEO plugin v27.3 - https:\/\/yoast.com\/product\/yoast-seo-wordpress\/ -->\n<title>Futbols - Prei\u013cu novada b\u0113rnu un jaunie\u0161u sporta skola<\/title>\n<meta name=\"robots\" content=\"index, follow, max-snippet:-1, max-image-preview:large, max-video-preview:-1\" \/>\n<link rel=\"canonical\" href=\"https:\/\/pbjss.edu.lv\/en\/sporta-veidi\/futbols\/\" \/>\n<meta property=\"og:locale\" content=\"en_GB\" \/>\n<meta property=\"og:type\" content=\"article\" \/>\n<meta property=\"og:title\" content=\"Futbols - Prei\u013cu novada b\u0113rnu un jaunie\u0161u sporta skola\" \/>\n<meta property=\"og:description\" content=\"Nodarb\u012bbas saraksts Normat\u012bvi Rezultativit\u0101tes krit\u0113riji Izlase Popul\u0101rs sporta veids vis\u0101 pasaul\u0113, tiek d\u0113v\u0113ts par sporta veidu karali. Aizraujo\u0161a un dinamiska sp\u0113le, kas disciplin\u0113, veicina jaunu prasmju un iema\u0146u apg\u016b\u0161anu, ar [&hellip;]\" \/>\n<meta property=\"og:url\" content=\"https:\/\/pbjss.edu.lv\/en\/sporta-veidi\/futbols\/\" \/>\n<meta property=\"og:site_name\" content=\"Prei\u013cu novada b\u0113rnu un jaunie\u0161u sporta skola\" \/>\n<meta property=\"article:publisher\" content=\"https:\/\/www.facebook.com\/pbjss\/?eid=ARAe9wQ7MGM0FQFTVX7QEebpfAfe5hv7HvoN-v1Jv13lgtTNi-DDzJx16PrauJn_wRTcN6k13xTyjf4n\" \/>\n<meta property=\"article:modified_time\" content=\"2026-04-08T17:17:50+00:00\" \/>\n<meta name=\"twitter:card\" content=\"summary_large_image\" \/>\n<meta name=\"twitter:label1\" content=\"Estimated reading time\" \/>\n\t<meta name=\"twitter:data1\" content=\"1 minute\" \/>\n<script type=\"application\/ld+json\" class=\"yoast-schema-graph\">{\"@context\":\"https:\\\/\\\/schema.org\",\"@graph\":[{\"@type\":\"WebPage\",\"@id\":\"https:\\\/\\\/pbjss.edu.lv\\\/sporta-veidi\\\/futbols\\\/\",\"url\":\"https:\\\/\\\/pbjss.edu.lv\\\/sporta-veidi\\\/futbols\\\/\",\"name\":\"Futbols - Prei\u013cu novada b\u0113rnu un jaunie\u0161u sporta skola\",\"isPartOf\":{\"@id\":\"https:\\\/\\\/pbjss.edu.lv\\\/#website\"},\"datePublished\":\"2023-10-18T17:30:27+00:00\",\"dateModified\":\"2026-04-08T17:17:50+00:00\",\"breadcrumb\":{\"@id\":\"https:\\\/\\\/pbjss.edu.lv\\\/sporta-veidi\\\/futbols\\\/#breadcrumb\"},\"inLanguage\":\"en-GB\",\"potentialAction\":[{\"@type\":\"ReadAction\",\"target\":[\"https:\\\/\\\/pbjss.edu.lv\\\/sporta-veidi\\\/futbols\\\/\"]}]},{\"@type\":\"BreadcrumbList\",\"@id\":\"https:\\\/\\\/pbjss.edu.lv\\\/sporta-veidi\\\/futbols\\\/#breadcrumb\",\"itemListElement\":[{\"@type\":\"ListItem\",\"position\":1,\"name\":\"Home\",\"item\":\"https:\\\/\\\/pbjss.edu.lv\\\/\"},{\"@type\":\"ListItem\",\"position\":2,\"name\":\"Sporta veidi\",\"item\":\"https:\\\/\\\/pbjss.edu.lv\\\/sporta-veidi\\\/\"},{\"@type\":\"ListItem\",\"position\":3,\"name\":\"Futbols\"}]},{\"@type\":\"WebSite\",\"@id\":\"https:\\\/\\\/pbjss.edu.lv\\\/#website\",\"url\":\"https:\\\/\\\/pbjss.edu.lv\\\/\",\"name\":\"Prei\u013cu novada b\u0113rnu un jaunie\u0161u sporta skola\",\"description\":\"Augst\u0101k, t\u0101l\u0101k, stipr\u0101k!\",\"potentialAction\":[{\"@type\":\"SearchAction\",\"target\":{\"@type\":\"EntryPoint\",\"urlTemplate\":\"https:\\\/\\\/pbjss.edu.lv\\\/?s={search_term_string}\"},\"query-input\":{\"@type\":\"PropertyValueSpecification\",\"valueRequired\":true,\"valueName\":\"search_term_string\"}}],\"inLanguage\":\"en-GB\"}]}<\/script>\n<!-- \/ Yoast SEO plugin. -->","yoast_head_json":{"title":"Futbols - Prei\u013cu novada b\u0113rnu un jaunie\u0161u sporta skola","robots":{"index":"index","follow":"follow","max-snippet":"max-snippet:-1","max-image-preview":"max-image-preview:large","max-video-preview":"max-video-preview:-1"},"canonical":"https:\/\/pbjss.edu.lv\/en\/sporta-veidi\/futbols\/","og_locale":"en_GB","og_type":"article","og_title":"Futbols - Prei\u013cu novada b\u0113rnu un jaunie\u0161u sporta skola","og_description":"Nodarb\u012bbas saraksts Normat\u012bvi Rezultativit\u0101tes krit\u0113riji Izlase Popul\u0101rs sporta veids vis\u0101 pasaul\u0113, tiek d\u0113v\u0113ts par sporta veidu karali. Aizraujo\u0161a un dinamiska sp\u0113le, kas disciplin\u0113, veicina jaunu prasmju un iema\u0146u apg\u016b\u0161anu, ar [&hellip;]","og_url":"https:\/\/pbjss.edu.lv\/en\/sporta-veidi\/futbols\/","og_site_name":"Prei\u013cu novada b\u0113rnu un jaunie\u0161u sporta skola","article_publisher":"https:\/\/www.facebook.com\/pbjss\/?eid=ARAe9wQ7MGM0FQFTVX7QEebpfAfe5hv7HvoN-v1Jv13lgtTNi-DDzJx16PrauJn_wRTcN6k13xTyjf4n","article_modified_time":"2026-04-08T17:17:50+00:00","twitter_card":"summary_large_image","twitter_misc":{"Estimated reading time":"1 minute"},"schema":{"@context":"https:\/\/schema.org","@graph":[{"@type":"WebPage","@id":"https:\/\/pbjss.edu.lv\/sporta-veidi\/futbols\/","url":"https:\/\/pbjss.edu.lv\/sporta-veidi\/futbols\/","name":"Futbols - Prei\u013cu novada b\u0113rnu un jaunie\u0161u sporta skola","isPartOf":{"@id":"https:\/\/pbjss.edu.lv\/#website"},"datePublished":"2023-10-18T17:30:27+00:00","dateModified":"2026-04-08T17:17:50+00:00","breadcrumb":{"@id":"https:\/\/pbjss.edu.lv\/sporta-veidi\/futbols\/#breadcrumb"},"inLanguage":"en-GB","potentialAction":[{"@type":"ReadAction","target":["https:\/\/pbjss.edu.lv\/sporta-veidi\/futbols\/"]}]},{"@type":"BreadcrumbList","@id":"https:\/\/pbjss.edu.lv\/sporta-veidi\/futbols\/#breadcrumb","itemListElement":[{"@type":"ListItem","position":1,"name":"Home","item":"https:\/\/pbjss.edu.lv\/"},{"@type":"ListItem","position":2,"name":"Sporta veidi","item":"https:\/\/pbjss.edu.lv\/sporta-veidi\/"},{"@type":"ListItem","position":3,"name":"Futbols"}]},{"@type":"WebSite","@id":"https:\/\/pbjss.edu.lv\/#website","url":"https:\/\/pbjss.edu.lv\/","name":"Prei\u013cu novada b\u0113rnu un jaunie\u0161u sporta skola","description":"Augst\u0101k, t\u0101l\u0101k, stipr\u0101k!","potentialAction":[{"@type":"SearchAction","target":{"@type":"EntryPoint","urlTemplate":"https:\/\/pbjss.edu.lv\/?s={search_term_string}"},"query-input":{"@type":"PropertyValueSpecification","valueRequired":true,"valueName":"search_term_string"}}],"inLanguage":"en-GB"}]}},"_links":{"self":[{"href":"https:\/\/pbjss.edu.lv\/en\/wp-json\/wp\/v2\/pages\/10536","targetHints":{"allow":["GET"]}}],"collection":[{"href":"https:\/\/pbjss.edu.lv\/en\/wp-json\/wp\/v2\/pages"}],"about":[{"href":"https:\/\/pbjss.edu.lv\/en\/wp-json\/wp\/v2\/types\/page"}],"author":[{"embeddable":true,"href":"https:\/\/pbjss.edu.lv\/en\/wp-json\/wp\/v2\/users\/2"}],"replies":[{"embeddable":true,"href":"https:\/\/pbjss.edu.lv\/en\/wp-json\/wp\/v2\/comments?post=10536"}],"version-history":[{"count":20,"href":"https:\/\/pbjss.edu.lv\/en\/wp-json\/wp\/v2\/pages\/10536\/revisions"}],"predecessor-version":[{"id":35343,"href":"https:\/\/pbjss.edu.lv\/en\/wp-json\/wp\/v2\/pages\/10536\/revisions\/35343"}],"up":[{"embeddable":true,"href":"https:\/\/pbjss.edu.lv\/en\/wp-json\/wp\/v2\/pages\/11954"}],"wp:attachment":[{"href":"https:\/\/pbjss.edu.lv\/en\/wp-json\/wp\/v2\/media?parent=10536"}],"curies":[{"name":"wp","href":"https:\/\/api.w.org\/{rel}","templated":true}]}}